{"id":520,"date":"2023-07-31T15:20:55","date_gmt":"2023-07-31T13:20:55","guid":{"rendered":"https:\/\/geocentri.com\/projekti\/"},"modified":"2024-05-22T17:22:39","modified_gmt":"2024-05-22T15:22:39","slug":"projekti","status":"publish","type":"page","link":"https:\/\/geocentri.com\/sl\/projekti\/","title":{"rendered":"Projekti"},"content":{"rendered":"<div class=\"fusion-fullwidth fullwidth-box fusion-builder-row-1 fusion-flex-container has-pattern-background has-mask-background nonhundred-percent-fullwidth non-hundred-percent-height-scrolling\" style=\"--awb-border-radius-top-left:0px;--awb-border-radius-top-right:0px;--awb-border-radius-bottom-right:0px;--awb-border-radius-bottom-left:0px;--awb-flex-wrap:wrap;\" ><div class=\"fusion-builder-row fusion-row fusion-flex-align-items-flex-start fusion-flex-content-wrap\" style=\"max-width:1248px;margin-left: calc(-4% \/ 2 );margin-right: calc(-4% \/ 2 );\"><div class=\"fusion-layout-column fusion_builder_column fusion-builder-column-0 fusion_builder_column_3_4 3_4 fusion-flex-column\" style=\"--awb-bg-size:cover;--awb-width-large:75%;--awb-margin-top-large:0px;--awb-spacing-right-large:2.56%;--awb-margin-bottom-large:20px;--awb-spacing-left-large:2.56%;--awb-width-medium:75%;--awb-order-medium:0;--awb-spacing-right-medium:2.56%;--awb-spacing-left-medium:2.56%;--awb-width-small:100%;--awb-order-small:0;--awb-spacing-right-small:1.92%;--awb-spacing-left-small:1.92%;\"><div class=\"fusion-column-wrapper fusion-column-has-shadow fusion-flex-justify-content-flex-start fusion-content-layout-column\"><div class=\"fusion-title title fusion-title-1 fusion-sep-none fusion-title-text fusion-title-size-one\"><h1 class=\"fusion-title-heading title-heading-left fusion-responsive-typography-calculated\" style=\"margin:0;--fontSize:46;line-height:var(--awb-typography1-line-height);\"><h1>Projekti<\/h1><\/h1><\/div><div class=\"fusion-title title fusion-title-2 fusion-sep-none fusion-title-text fusion-title-size-two\"><h2 class=\"fusion-title-heading title-heading-left fusion-responsive-typography-calculated\" style=\"margin:0;--fontSize:40;line-height:var(--awb-typography1-line-height);\"><h2>Geologija, In\u017eenirska geologija<\/h2><\/h2><\/div><div class=\"fusion-text fusion-text-1\"><ul>\n<li>Projekt &#8220;Geolo\u0161ka raziskava kristalini\u010dnih kamnin severno od Saxna in raziskava gorvodno od Donave in pritokov Donave, seizmi\u010dne raziskave&#8221;, Zgornjeavstrijska de\u017eelna vlada 1998<\/li>\n<li>Strokovna ocena tal na obmo\u010dju Zgornje Avstrije in Salzburga (ob\u010dina Ottnang, ob\u010dina Wagrein, Ob\u010dina Ried, ob\u010dina Eitzing, ob\u010dina Neukirchen, Losenstein, Steyr, Attnang-Puchheim, Sierning itd.)<\/li>\n<li>Projekt &#8220;Koncept za na\u010drt nevarnih obmo\u010dij v severni Zgornji Avstriji&#8221;, 2002<\/li>\n<\/ul>\n<\/div><div class=\"fusion-title title fusion-title-3 fusion-sep-none fusion-title-text fusion-title-size-two\"><h2 class=\"fusion-title-heading title-heading-left fusion-responsive-typography-calculated\" style=\"margin:0;--fontSize:40;line-height:var(--awb-typography1-line-height);\"><h2>Hidrogeologija<\/h2><\/h2><\/div><div class=\"fusion-text fusion-text-2\"><ul>\n<li>Vzpostavitev mre\u017ee merilnih mest za projekt WGEV (Uredba o raziskavah kakovosti vode) &#8220;Raziskave merilnih mest za podzemno vodo v Zgornji Avstriji&#8221; na obmo\u010djih podzemne vode IV, V in VI, Urad de\u017eelne vlade Zgornje Avstrije, 1991\/1992<\/li>\n<li>Razvoj mre\u017ee merilnih mest za WGEV (Uredba o raziskavah kakovosti vode) Projekt &#8220;Raziskava merilnih mest za podzemno vodo Zgornji Murtal&#8221; (obmo\u010dje podzemne vode 358, Lungau) Urad de\u017eelne vlade Salzburg; 1995<\/li>\n<li>Obnova naprave za oskrbo s pitno vodo, vrtina Reutte II, gradbeni nadzor, geolo\u0161ke in hidrogeolo\u0161ke raziskave in ocene, EWR, 1994<\/li>\n<li>Projekt &#8220;Za\u0161\u010ditno obmo\u010dje 2 za male vodne vire&#8221;, BM:LF in Urad de\u017eelne vlade Zgornje Avstrije, 1997<\/li>\n<li>Projekt &#8220;Klamski prikaz geolo\u0161kih razmer&#8221;, Urad de\u017eelne vlade Zgornje Avstrije, 1996<\/li>\n<li>Projekt &#8220;Ban\u010dni filtrat kot vir pitne vode v Zgornji Avstriji, I. faza &#8211; pilotni projekt&#8221; BM:WV in Urad de\u017eelne vlade Zgornje Avstrije 1999<\/li>\n<li>Projekt &#8220;Geolo\u0161ke raziskave kristalini\u010dnih kamnin severno od Saxna in raziskave zgornjega toka Donavske ravnine in pritoka Donave, seizmi\u010dne raziskave&#8221;, Urad de\u017eelne vlade Zgornje Avstrije 1998<\/li>\n<li>Projekt &#8220;WG Dietachdorf, predlog ohranitvenega obmo\u010dja&#8221; (Mise \u00e1 la Masse, test barvanja), 1998-1999<\/li>\n<li>Projekt &#8221; Raziskava artezijskih voda v ob\u010dinah Taufkirchen, Rottenbach, Weibern, Hofkirchen in Haag\/H, Urad de\u017eelne vlade Zgornje Avstrije 2001<\/li>\n<li>Projekt &#8220;Vizualizacija vrst&#8221; BMfBWK, Urad de\u017eelne vlade Zgornje Avstrije 2001<\/li>\n<li>Projekt &#8220;Preusmeritev Stiedelsbach, hidravli\u010dni izra\u010duni&#8221;, ob\u010dina Losenstein 2003<\/li>\n<li>Projekt &#8220;M\u00fcnzbach 2, hidrogeolo\u0161ka ekspertiza&#8221;, Urad de\u017eelne vlade Zgornje Avstrije, 2003<\/li>\n<li>Projekt &#8220;Ban\u010dni filtrat kot vir pitne vode v Zgornji Avstriji, II. faza&#8221; BMfBWK in Urad de\u017eelne vlade Zgornje Avstrije 2003<\/li>\n<li>Projekt &#8220;Zni\u017eanje reke Enns&#8221; Mesto Steyr, 2014<\/li>\n<li>Projekt &#8220;Steyrski razbremenilni kanal&#8221; Mesto Steyr, 2014<\/li>\n<\/ul>\n<\/div><div class=\"fusion-title title fusion-title-4 fusion-sep-none fusion-title-text fusion-title-size-two\"><h2 class=\"fusion-title-heading title-heading-left fusion-responsive-typography-calculated\" style=\"margin:0;--fontSize:40;line-height:var(--awb-typography1-line-height);\"><h2>Geofizika<\/h2><\/h2><\/div><div class=\"fusion-text fusion-text-3\"><ul>\n<li>Samostojni sodelavec pri projektih in pozneje partner podjetja &#8220;Joanneum Research&#8221; 1980-2001<\/li>\n<li>Geoelektri\u010dno globinsko sondiranje Reutte &#8211; L\u00fc\u00dffeld, na\u010drtovanje &#8211; izvedba in vrednotenje sondiranja, EWR, 1994<\/li>\n<li>Geoelektri\u010dno globinsko sondiranje odlagali\u0161\u010da Breitenwang, TBGM 1995<\/li>\n<li>Geoelektri\u010dno globinsko sondiranje odlagali\u0161\u010da N\u00e4sselw\u00e4ngele, TBGM 1995<\/li>\n<li>Geoelektri\u010dno globinsko sondiranje Wernstein, ob\u010dina Wernstein, 1996<\/li>\n<li>Refrakcijske seizmi\u010dne raziskave Wernstein, ob\u010dina Wernstein, 1996<\/li>\n<li><\/li>\n<\/ul>\n<p>-10-<\/p>\n<p>Refrakcijske seizmi\u010dne raziskave Kopfing, WV-Sauwald, 1996<\/p>\n<p>Refrakcijske seizmi\u010dne raziskave Kopfing II, WV-Sauwald, 1996<\/p>\n<p>Geofizikalne meritve v vrtini Mitterndorf 1, WV-Sauwald 1996<\/p>\n<p>Projekt &#8220;Geolo\u0161ke raziskave kristalini\u010dnih kamnin severno od Saxna in raziskave zgornjega toka Donavske ravnine in pritoka Donave, seizmi\u010dne raziskave&#8221;, Urad de\u017eelne vlade Zgornje Avstrije 1998<\/p>\n<p>Projekt &#8220;WG Dietachdorf, predlog ohranitvenega obmo\u010dja&#8221; (Mise \u00e1 la Masse, test barvanja), 1998-1999<\/p>\n<p>Projekt &#8220;Nu\u00dfdorf a. Haunsberg, predlog za zavarovano obmo\u010dje&#8221; (samopotencialne meritve za lokalizacijo povodij), 2000<\/p>\n<p>Projekt &#8220;Vizualizacija peska Atzbach&#8221;, refleksijske seizmi\u010dne raziskave in ve\u010delektrodna geoelektrika v sodelovanju z Joanneum Research, 2001<\/p>\n<\/div><div class=\"fusion-title title fusion-title-5 fusion-sep-none fusion-title-text fusion-title-size-two\"><h2 class=\"fusion-title-heading title-heading-left fusion-responsive-typography-calculated\" style=\"margin:0;--fontSize:40;line-height:var(--awb-typography1-line-height);\">Odkrivanje pu\u0161\u010danj<\/h2><\/div><div class=\"fusion-text fusion-text-4\"><ul>\n<li>Hofer KG (Salzburg) 2014<\/li>\n<li>Upravljanje nepremi\u010dnin v Innsbrucku<\/li>\n<li>Zvezna nepremi\u010dninska dru\u017eba<\/li>\n<li>Mesto Wels 2014<\/li>\n<li>Hidrologija<\/li>\n<li>Center ABM Salzburg<\/li>\n<li>Ribnik Waldpoint<\/li>\n<li>Oskrba z vodo WG Putzleinsdorf<\/li>\n<li>Oskrba z vodo Unterach<\/li>\n<li>Vodnjak Reutte II<\/li>\n<\/ul>\n<\/div><\/div><\/div><div class=\"fusion-layout-column fusion_builder_column fusion-builder-column-1 fusion_builder_column_1_4 1_4 fusion-flex-column\" style=\"--awb-padding-top:20px;--awb-padding-right:20px;--awb-padding-bottom:20px;--awb-padding-left:20px;--awb-bg-blend:overlay;--awb-bg-size:cover;--awb-border-color:var(--awb-color3);--awb-border-top:1px;--awb-border-right:1px;--awb-border-bottom:1px;--awb-border-left:1px;--awb-border-style:solid;--awb-width-large:25%;--awb-margin-top-large:0px;--awb-spacing-right-large:7.68%;--awb-margin-bottom-large:20px;--awb-spacing-left-large:7.68%;--awb-width-medium:25%;--awb-order-medium:0;--awb-spacing-right-medium:7.68%;--awb-spacing-left-medium:7.68%;--awb-width-small:100%;--awb-order-small:0;--awb-spacing-right-small:1.92%;--awb-spacing-left-small:1.92%;\"><div class=\"fusion-column-wrapper fusion-column-has-shadow fusion-flex-justify-content-flex-start fusion-content-layout-column\"><div class=\"fusion-title title fusion-title-6 fusion-sep-none fusion-title-center fusion-title-text fusion-title-size-five\"><h5 class=\"fusion-title-heading title-heading-center fusion-responsive-typography-calculated\" style=\"margin:0;--fontSize:20;--minFontSize:20;line-height:var(--awb-typography1-line-height);\">Informirajte se zdaj!<\/h5><\/div><div class=\"fusion-text fusion-text-5\" style=\"--awb-content-alignment:center;\"><p>Geologija, hidrogeologija in geofizika za odkrivanje pu\u0161\u010danj.<\/p>\n<p>Smo va\u0161i strokovnjaki za geologijo in hidrogeologijo.<\/p>\n<\/div><div style=\"text-align:center;\"><a class=\"fusion-button button-flat fusion-button-default-size button-default fusion-button-default button-1 fusion-button-default-span fusion-button-default-type\" style=\"--button_text_transform:uppercase;\" target=\"_self\" href=\"mailto:office@geocentri.com\"><span class=\"fusion-button-text\">INFORMACIJE BREZ OBVEZNOSTI<\/span><\/a><\/div><\/div><\/div>\n<\/div><\/div>\n","protected":false},"excerpt":{"rendered":"","protected":false},"author":1,"featured_media":0,"parent":0,"menu_order":0,"comment_status":"closed","ping_status":"closed","template":"100-width.php","meta":{"footnotes":""},"yoast_head":"<!-- This site is optimized with the Yoast SEO plugin v22.1 - https:\/\/yoast.com\/wordpress\/plugins\/seo\/ -->\n<title>Projekti - geocentricom<\/title>\n<meta name=\"robots\" content=\"index, follow, max-snippet:-1, max-image-preview:large, max-video-preview:-1\" \/>\n<link rel=\"canonical\" href=\"https:\/\/geocentri.com\/sl\/projekti\/\" \/>\n<meta property=\"og:locale\" content=\"sl_SI\" \/>\n<meta property=\"og:type\" content=\"article\" \/>\n<meta property=\"og:title\" content=\"Projekti - geocentricom\" \/>\n<meta property=\"og:url\" content=\"https:\/\/geocentri.com\/sl\/projekti\/\" \/>\n<meta property=\"og:site_name\" content=\"geocentricom\" \/>\n<meta property=\"article:modified_time\" content=\"2024-05-22T15:22:39+00:00\" \/>\n<meta name=\"twitter:card\" content=\"summary_large_image\" \/>\n<meta name=\"twitter:label1\" content=\"Est. reading time\" \/>\n\t<meta name=\"twitter:data1\" content=\"3 minute\" \/>\n<script type=\"application\/ld+json\" class=\"yoast-schema-graph\">{\"@context\":\"https:\/\/schema.org\",\"@graph\":[{\"@type\":\"WebPage\",\"@id\":\"https:\/\/geocentri.com\/sl\/projekti\/\",\"url\":\"https:\/\/geocentri.com\/sl\/projekti\/\",\"name\":\"Projekti - geocentricom\",\"isPartOf\":{\"@id\":\"https:\/\/geocentri.com\/sl\/#website\"},\"datePublished\":\"2023-07-31T13:20:55+00:00\",\"dateModified\":\"2024-05-22T15:22:39+00:00\",\"breadcrumb\":{\"@id\":\"https:\/\/geocentri.com\/sl\/projekti\/#breadcrumb\"},\"inLanguage\":\"sl-SI\",\"potentialAction\":[{\"@type\":\"ReadAction\",\"target\":[\"https:\/\/geocentri.com\/sl\/projekti\/\"]}]},{\"@type\":\"BreadcrumbList\",\"@id\":\"https:\/\/geocentri.com\/sl\/projekti\/#breadcrumb\",\"itemListElement\":[{\"@type\":\"ListItem\",\"position\":1,\"name\":\"Startseite\",\"item\":\"https:\/\/geocentri.com\/sl\/\"},{\"@type\":\"ListItem\",\"position\":2,\"name\":\"Projekti\"}]},{\"@type\":\"WebSite\",\"@id\":\"https:\/\/geocentri.com\/sl\/#website\",\"url\":\"https:\/\/geocentri.com\/sl\/\",\"name\":\"geocentricom\",\"description\":\"\",\"potentialAction\":[{\"@type\":\"SearchAction\",\"target\":{\"@type\":\"EntryPoint\",\"urlTemplate\":\"https:\/\/geocentri.com\/sl\/?s={search_term_string}\"},\"query-input\":\"required name=search_term_string\"}],\"inLanguage\":\"sl-SI\"}]}<\/script>\n<!-- \/ Yoast SEO plugin. -->","yoast_head_json":{"title":"Projekti - geocentricom","robots":{"index":"index","follow":"follow","max-snippet":"max-snippet:-1","max-image-preview":"max-image-preview:large","max-video-preview":"max-video-preview:-1"},"canonical":"https:\/\/geocentri.com\/sl\/projekti\/","og_locale":"sl_SI","og_type":"article","og_title":"Projekti - geocentricom","og_url":"https:\/\/geocentri.com\/sl\/projekti\/","og_site_name":"geocentricom","article_modified_time":"2024-05-22T15:22:39+00:00","twitter_card":"summary_large_image","twitter_misc":{"Est. reading time":"3 minute"},"schema":{"@context":"https:\/\/schema.org","@graph":[{"@type":"WebPage","@id":"https:\/\/geocentri.com\/sl\/projekti\/","url":"https:\/\/geocentri.com\/sl\/projekti\/","name":"Projekti - geocentricom","isPartOf":{"@id":"https:\/\/geocentri.com\/sl\/#website"},"datePublished":"2023-07-31T13:20:55+00:00","dateModified":"2024-05-22T15:22:39+00:00","breadcrumb":{"@id":"https:\/\/geocentri.com\/sl\/projekti\/#breadcrumb"},"inLanguage":"sl-SI","potentialAction":[{"@type":"ReadAction","target":["https:\/\/geocentri.com\/sl\/projekti\/"]}]},{"@type":"BreadcrumbList","@id":"https:\/\/geocentri.com\/sl\/projekti\/#breadcrumb","itemListElement":[{"@type":"ListItem","position":1,"name":"Startseite","item":"https:\/\/geocentri.com\/sl\/"},{"@type":"ListItem","position":2,"name":"Projekti"}]},{"@type":"WebSite","@id":"https:\/\/geocentri.com\/sl\/#website","url":"https:\/\/geocentri.com\/sl\/","name":"geocentricom","description":"","potentialAction":[{"@type":"SearchAction","target":{"@type":"EntryPoint","urlTemplate":"https:\/\/geocentri.com\/sl\/?s={search_term_string}"},"query-input":"required name=search_term_string"}],"inLanguage":"sl-SI"}]}},"_links":{"self":[{"href":"https:\/\/geocentri.com\/sl\/wp-json\/wp\/v2\/pages\/520"}],"collection":[{"href":"https:\/\/geocentri.com\/sl\/wp-json\/wp\/v2\/pages"}],"about":[{"href":"https:\/\/geocentri.com\/sl\/wp-json\/wp\/v2\/types\/page"}],"author":[{"embeddable":true,"href":"https:\/\/geocentri.com\/sl\/wp-json\/wp\/v2\/users\/1"}],"replies":[{"embeddable":true,"href":"https:\/\/geocentri.com\/sl\/wp-json\/wp\/v2\/comments?post=520"}],"version-history":[{"count":4,"href":"https:\/\/geocentri.com\/sl\/wp-json\/wp\/v2\/pages\/520\/revisions"}],"predecessor-version":[{"id":630,"href":"https:\/\/geocentri.com\/sl\/wp-json\/wp\/v2\/pages\/520\/revisions\/630"}],"wp:attachment":[{"href":"https:\/\/geocentri.com\/sl\/wp-json\/wp\/v2\/media?parent=520"}],"curies":[{"name":"wp","href":"https:\/\/api.w.org\/{rel}","templated":true}]}}