{"id":505,"date":"2023-07-31T14:38:13","date_gmt":"2023-07-31T12:38:13","guid":{"rendered":"https:\/\/geocentri.com\/obseg-storitev\/"},"modified":"2024-06-02T16:30:17","modified_gmt":"2024-06-02T14:30:17","slug":"obseg-storitev","status":"publish","type":"page","link":"https:\/\/geocentri.com\/sl\/obseg-storitev\/","title":{"rendered":"Obseg storitev"},"content":{"rendered":"<div class=\"fusion-fullwidth fullwidth-box fusion-builder-row-1 fusion-flex-container has-pattern-background has-mask-background nonhundred-percent-fullwidth non-hundred-percent-height-scrolling\" style=\"--awb-border-radius-top-left:0px;--awb-border-radius-top-right:0px;--awb-border-radius-bottom-right:0px;--awb-border-radius-bottom-left:0px;--awb-flex-wrap:wrap;\" ><div class=\"fusion-builder-row fusion-row fusion-flex-align-items-flex-start fusion-flex-content-wrap\" style=\"max-width:1248px;margin-left: calc(-4% \/ 2 );margin-right: calc(-4% \/ 2 );\"><div class=\"fusion-layout-column fusion_builder_column fusion-builder-column-0 fusion_builder_column_3_4 3_4 fusion-flex-column\" style=\"--awb-bg-size:cover;--awb-width-large:75%;--awb-margin-top-large:0px;--awb-spacing-right-large:2.56%;--awb-margin-bottom-large:20px;--awb-spacing-left-large:2.56%;--awb-width-medium:75%;--awb-order-medium:0;--awb-spacing-right-medium:2.56%;--awb-spacing-left-medium:2.56%;--awb-width-small:100%;--awb-order-small:0;--awb-spacing-right-small:1.92%;--awb-spacing-left-small:1.92%;\"><div class=\"fusion-column-wrapper fusion-column-has-shadow fusion-flex-justify-content-flex-start fusion-content-layout-column\"><div class=\"fusion-title title fusion-title-1 fusion-sep-none fusion-title-text fusion-title-size-one\"><h1 class=\"fusion-title-heading title-heading-left fusion-responsive-typography-calculated\" style=\"margin:0;--fontSize:46;line-height:var(--awb-typography1-line-height);\">Obseg storitev<\/h1><\/div><div class=\"fusion-text fusion-text-1\"><p>Geocentricom ponuja celovito paleto storitev na podro\u010dju geologije, hidrogeologije in geofizike za odkrivanje pu\u0161\u010danj. M. Hitzenberger je va\u0161 strokovnjak za geologijo in hidrogeologijo.<\/p>\n<\/div><div class=\"awb-gallery-wrapper awb-gallery-wrapper-1 button-span-no\" style=\"--more-btn-alignment:center;\"><div style=\"margin:-12px;--awb-bordersize:0px;\" class=\"fusion-gallery fusion-gallery-container fusion-grid-2 fusion-columns-total-7 fusion-gallery-layout-grid fusion-gallery-1\"><div style=\"padding:12.5px;\" class=\"fusion-grid-column fusion-gallery-column fusion-gallery-column-2 hover-type-zoomin\"><div class=\"fusion-gallery-image\"><a href=\"https:\/\/geocentri.com\/wp-content\/uploads\/2023\/08\/home_gallery_4-15c8b80201.jpg\" rel=\"noreferrer\" data-rel=\"iLightbox[gallery_image_1]\" class=\"fusion-lightbox\" target=\"_self\"><img decoding=\"async\" src=\"https:\/\/geocentri.com\/wp-content\/uploads\/2023\/08\/home_gallery_4-15c8b80201.jpg\" width=\"800\" height=\"400\" alt=\"\" title=\"\" aria-label=\"\" class=\"img-responsive wp-image-256\" srcset=\"https:\/\/geocentri.com\/wp-content\/uploads\/2023\/08\/home_gallery_4-15c8b80201-200x100.jpg 200w, https:\/\/geocentri.com\/wp-content\/uploads\/2023\/08\/home_gallery_4-15c8b80201-400x200.jpg 400w, https:\/\/geocentri.com\/wp-content\/uploads\/2023\/08\/home_gallery_4-15c8b80201-600x300.jpg 600w, https:\/\/geocentri.com\/wp-content\/uploads\/2023\/08\/home_gallery_4-15c8b80201.jpg 800w\" sizes=\"(min-width: 2200px) 100vw, (min-width: 712px) 594px, (min-width: 640px) 712px, \" \/><\/a><\/div><\/div><div style=\"padding:12.5px;\" class=\"fusion-grid-column fusion-gallery-column fusion-gallery-column-2 hover-type-zoomin\"><div class=\"fusion-gallery-image\"><a href=\"https:\/\/geocentri.com\/wp-content\/uploads\/2023\/08\/home_gallery_3-93f4de2847.jpg\" rel=\"noreferrer\" data-rel=\"iLightbox[gallery_image_1]\" class=\"fusion-lightbox\" target=\"_self\"><img decoding=\"async\" src=\"https:\/\/geocentri.com\/wp-content\/uploads\/2023\/08\/home_gallery_3-93f4de2847.jpg\" width=\"800\" height=\"400\" alt=\"\" title=\"\" aria-label=\"\" class=\"img-responsive wp-image-255\" srcset=\"https:\/\/geocentri.com\/wp-content\/uploads\/2023\/08\/home_gallery_3-93f4de2847-200x100.jpg 200w, https:\/\/geocentri.com\/wp-content\/uploads\/2023\/08\/home_gallery_3-93f4de2847-400x200.jpg 400w, https:\/\/geocentri.com\/wp-content\/uploads\/2023\/08\/home_gallery_3-93f4de2847-600x300.jpg 600w, https:\/\/geocentri.com\/wp-content\/uploads\/2023\/08\/home_gallery_3-93f4de2847.jpg 800w\" sizes=\"(min-width: 2200px) 100vw, (min-width: 712px) 594px, (min-width: 640px) 712px, \" \/><\/a><\/div><\/div><div class=\"clearfix\"><\/div><div style=\"padding:12.5px;\" class=\"fusion-grid-column fusion-gallery-column fusion-gallery-column-2 hover-type-zoomin\"><div class=\"fusion-gallery-image\"><a href=\"https:\/\/geocentri.com\/wp-content\/uploads\/2023\/08\/home_gallery_2-148ae2099a.jpg\" rel=\"noreferrer\" data-rel=\"iLightbox[gallery_image_1]\" class=\"fusion-lightbox\" target=\"_self\"><img decoding=\"async\" src=\"https:\/\/geocentri.com\/wp-content\/uploads\/2023\/08\/home_gallery_2-148ae2099a.jpg\" width=\"800\" height=\"400\" alt=\"\" title=\"\" aria-label=\"\" class=\"img-responsive wp-image-254\" srcset=\"https:\/\/geocentri.com\/wp-content\/uploads\/2023\/08\/home_gallery_2-148ae2099a-200x100.jpg 200w, https:\/\/geocentri.com\/wp-content\/uploads\/2023\/08\/home_gallery_2-148ae2099a-400x200.jpg 400w, https:\/\/geocentri.com\/wp-content\/uploads\/2023\/08\/home_gallery_2-148ae2099a-600x300.jpg 600w, https:\/\/geocentri.com\/wp-content\/uploads\/2023\/08\/home_gallery_2-148ae2099a.jpg 800w\" sizes=\"(min-width: 2200px) 100vw, (min-width: 712px) 594px, (min-width: 640px) 712px, \" \/><\/a><\/div><\/div><div style=\"padding:12.5px;\" class=\"fusion-grid-column fusion-gallery-column fusion-gallery-column-2 hover-type-zoomin\"><div class=\"fusion-gallery-image\"><a href=\"https:\/\/geocentri.com\/wp-content\/uploads\/2023\/08\/home_gallery_1-4edce0248f.jpg\" rel=\"noreferrer\" data-rel=\"iLightbox[gallery_image_1]\" class=\"fusion-lightbox\" target=\"_self\"><img decoding=\"async\" src=\"https:\/\/geocentri.com\/wp-content\/uploads\/2023\/08\/home_gallery_1-4edce0248f.jpg\" width=\"800\" height=\"400\" alt=\"\" title=\"\" aria-label=\"\" class=\"img-responsive wp-image-253\" srcset=\"https:\/\/geocentri.com\/wp-content\/uploads\/2023\/08\/home_gallery_1-4edce0248f-200x100.jpg 200w, https:\/\/geocentri.com\/wp-content\/uploads\/2023\/08\/home_gallery_1-4edce0248f-400x200.jpg 400w, https:\/\/geocentri.com\/wp-content\/uploads\/2023\/08\/home_gallery_1-4edce0248f-600x300.jpg 600w, https:\/\/geocentri.com\/wp-content\/uploads\/2023\/08\/home_gallery_1-4edce0248f.jpg 800w\" sizes=\"(min-width: 2200px) 100vw, (min-width: 712px) 594px, (min-width: 640px) 712px, \" \/><\/a><\/div><\/div><div class=\"clearfix\"><\/div><div style=\"padding:12.5px;\" class=\"fusion-grid-column fusion-gallery-column fusion-gallery-column-2 hover-type-zoomin\"><div class=\"fusion-gallery-image\"><a href=\"https:\/\/geocentri.com\/wp-content\/uploads\/2023\/08\/Hitzenberger-21-105d260763.jpg\" rel=\"noreferrer\" data-rel=\"iLightbox[gallery_image_1]\" class=\"fusion-lightbox\" target=\"_self\"><img decoding=\"async\" src=\"https:\/\/geocentri.com\/wp-content\/uploads\/2023\/08\/Hitzenberger-21-105d260763.jpg\" width=\"800\" height=\"400\" alt=\"\" title=\"\" aria-label=\"\" class=\"img-responsive wp-image-252\" srcset=\"https:\/\/geocentri.com\/wp-content\/uploads\/2023\/08\/Hitzenberger-21-105d260763-200x100.jpg 200w, https:\/\/geocentri.com\/wp-content\/uploads\/2023\/08\/Hitzenberger-21-105d260763-400x200.jpg 400w, https:\/\/geocentri.com\/wp-content\/uploads\/2023\/08\/Hitzenberger-21-105d260763-600x300.jpg 600w, https:\/\/geocentri.com\/wp-content\/uploads\/2023\/08\/Hitzenberger-21-105d260763.jpg 800w\" sizes=\"(min-width: 2200px) 100vw, (min-width: 712px) 594px, (min-width: 640px) 712px, \" \/><\/a><\/div><\/div><div style=\"padding:12.5px;\" class=\"fusion-grid-column fusion-gallery-column fusion-gallery-column-2 hover-type-zoomin\"><div class=\"fusion-gallery-image\"><a href=\"https:\/\/geocentri.com\/wp-content\/uploads\/2023\/08\/Hitzenberger-7-f02baa6725.jpg\" rel=\"noreferrer\" data-rel=\"iLightbox[gallery_image_1]\" class=\"fusion-lightbox\" target=\"_self\"><img decoding=\"async\" src=\"https:\/\/geocentri.com\/wp-content\/uploads\/2023\/08\/Hitzenberger-7-f02baa6725.jpg\" width=\"800\" height=\"400\" alt=\"\" title=\"\" aria-label=\"\" class=\"img-responsive wp-image-251\" srcset=\"https:\/\/geocentri.com\/wp-content\/uploads\/2023\/08\/Hitzenberger-7-f02baa6725-200x100.jpg 200w, https:\/\/geocentri.com\/wp-content\/uploads\/2023\/08\/Hitzenberger-7-f02baa6725-400x200.jpg 400w, https:\/\/geocentri.com\/wp-content\/uploads\/2023\/08\/Hitzenberger-7-f02baa6725-600x300.jpg 600w, https:\/\/geocentri.com\/wp-content\/uploads\/2023\/08\/Hitzenberger-7-f02baa6725.jpg 800w\" sizes=\"(min-width: 2200px) 100vw, (min-width: 712px) 594px, (min-width: 640px) 712px, \" \/><\/a><\/div><\/div><div class=\"clearfix\"><\/div><div style=\"padding:12.5px;\" class=\"fusion-grid-column fusion-gallery-column fusion-gallery-column-2 hover-type-zoomin\"><div class=\"fusion-gallery-image\"><a href=\"https:\/\/geocentri.com\/wp-content\/uploads\/2023\/08\/Hitzenberger-1-2-fee4abf3f9.jpg\" rel=\"noreferrer\" data-rel=\"iLightbox[gallery_image_1]\" class=\"fusion-lightbox\" target=\"_self\"><img decoding=\"async\" src=\"https:\/\/geocentri.com\/wp-content\/uploads\/2023\/08\/Hitzenberger-1-2-fee4abf3f9.jpg\" width=\"800\" height=\"400\" alt=\"\" title=\"\" aria-label=\"\" class=\"img-responsive wp-image-250\" srcset=\"https:\/\/geocentri.com\/wp-content\/uploads\/2023\/08\/Hitzenberger-1-2-fee4abf3f9-200x100.jpg 200w, https:\/\/geocentri.com\/wp-content\/uploads\/2023\/08\/Hitzenberger-1-2-fee4abf3f9-400x200.jpg 400w, https:\/\/geocentri.com\/wp-content\/uploads\/2023\/08\/Hitzenberger-1-2-fee4abf3f9-600x300.jpg 600w, https:\/\/geocentri.com\/wp-content\/uploads\/2023\/08\/Hitzenberger-1-2-fee4abf3f9.jpg 800w\" sizes=\"(min-width: 2200px) 100vw, (min-width: 712px) 594px, (min-width: 640px) 712px, \" \/><\/a><\/div><\/div><\/div><\/div><\/div><\/div><div class=\"fusion-layout-column fusion_builder_column fusion-builder-column-1 fusion_builder_column_1_4 1_4 fusion-flex-column\" style=\"--awb-padding-top:20px;--awb-padding-right:20px;--awb-padding-bottom:20px;--awb-padding-left:20px;--awb-bg-blend:overlay;--awb-bg-size:cover;--awb-border-color:var(--awb-color3);--awb-border-top:1px;--awb-border-right:1px;--awb-border-bottom:1px;--awb-border-left:1px;--awb-border-style:solid;--awb-width-large:25%;--awb-margin-top-large:0px;--awb-spacing-right-large:7.68%;--awb-margin-bottom-large:20px;--awb-spacing-left-large:7.68%;--awb-width-medium:25%;--awb-order-medium:0;--awb-spacing-right-medium:7.68%;--awb-spacing-left-medium:7.68%;--awb-width-small:100%;--awb-order-small:0;--awb-spacing-right-small:1.92%;--awb-spacing-left-small:1.92%;\"><div class=\"fusion-column-wrapper fusion-column-has-shadow fusion-flex-justify-content-flex-start fusion-content-layout-column\"><div class=\"fusion-title title fusion-title-2 fusion-sep-none fusion-title-center fusion-title-text fusion-title-size-five\"><h5 class=\"fusion-title-heading title-heading-center fusion-responsive-typography-calculated\" style=\"margin:0;--fontSize:20;--minFontSize:20;line-height:var(--awb-typography1-line-height);\">Informirajte se zdaj!<\/h5><\/div><div class=\"fusion-text fusion-text-2\" style=\"--awb-content-alignment:center;\"><p>Geologija, hidrogeologija in geofizika za odkrivanje pu\u0161\u010danj.<\/p>\n<p>Smo va\u0161i strokovnjaki za geologijo in hidrogeologijo.<\/p>\n<\/div><div style=\"text-align:center;\"><a class=\"fusion-button button-flat fusion-button-default-size button-default fusion-button-default button-1 fusion-button-default-span fusion-button-default-type\" style=\"--button_text_transform:uppercase;\" target=\"_self\" href=\"mailto:office@geocentri.com\"><span class=\"fusion-button-text\">INFORMACIJE BREZ OBVEZNOSTI<\/span><\/a><\/div><\/div><\/div>\n<\/div><\/div>\n","protected":false},"excerpt":{"rendered":"","protected":false},"author":1,"featured_media":0,"parent":0,"menu_order":0,"comment_status":"closed","ping_status":"closed","template":"100-width.php","meta":{"footnotes":""},"yoast_head":"<!-- This site is optimized with the Yoast SEO plugin v22.1 - https:\/\/yoast.com\/wordpress\/plugins\/seo\/ -->\n<title>Obseg storitev - geocentricom<\/title>\n<meta name=\"robots\" content=\"index, follow, max-snippet:-1, max-image-preview:large, max-video-preview:-1\" \/>\n<link rel=\"canonical\" href=\"https:\/\/geocentri.com\/sl\/obseg-storitev\/\" \/>\n<meta property=\"og:locale\" content=\"sl_SI\" \/>\n<meta property=\"og:type\" content=\"article\" \/>\n<meta property=\"og:title\" content=\"Obseg storitev - geocentricom\" \/>\n<meta property=\"og:url\" content=\"https:\/\/geocentri.com\/sl\/obseg-storitev\/\" \/>\n<meta property=\"og:site_name\" content=\"geocentricom\" \/>\n<meta property=\"article:modified_time\" content=\"2024-06-02T14:30:17+00:00\" \/>\n<meta name=\"twitter:card\" content=\"summary_large_image\" \/>\n<meta name=\"twitter:label1\" content=\"Est. reading time\" \/>\n\t<meta name=\"twitter:data1\" content=\"2 minuti\" \/>\n<script type=\"application\/ld+json\" class=\"yoast-schema-graph\">{\"@context\":\"https:\/\/schema.org\",\"@graph\":[{\"@type\":\"WebPage\",\"@id\":\"https:\/\/geocentri.com\/sl\/obseg-storitev\/\",\"url\":\"https:\/\/geocentri.com\/sl\/obseg-storitev\/\",\"name\":\"Obseg storitev - geocentricom\",\"isPartOf\":{\"@id\":\"https:\/\/geocentri.com\/sl\/#website\"},\"datePublished\":\"2023-07-31T12:38:13+00:00\",\"dateModified\":\"2024-06-02T14:30:17+00:00\",\"breadcrumb\":{\"@id\":\"https:\/\/geocentri.com\/sl\/obseg-storitev\/#breadcrumb\"},\"inLanguage\":\"sl-SI\",\"potentialAction\":[{\"@type\":\"ReadAction\",\"target\":[\"https:\/\/geocentri.com\/sl\/obseg-storitev\/\"]}]},{\"@type\":\"BreadcrumbList\",\"@id\":\"https:\/\/geocentri.com\/sl\/obseg-storitev\/#breadcrumb\",\"itemListElement\":[{\"@type\":\"ListItem\",\"position\":1,\"name\":\"Startseite\",\"item\":\"https:\/\/geocentri.com\/sl\/\"},{\"@type\":\"ListItem\",\"position\":2,\"name\":\"Obseg storitev\"}]},{\"@type\":\"WebSite\",\"@id\":\"https:\/\/geocentri.com\/sl\/#website\",\"url\":\"https:\/\/geocentri.com\/sl\/\",\"name\":\"geocentricom\",\"description\":\"\",\"potentialAction\":[{\"@type\":\"SearchAction\",\"target\":{\"@type\":\"EntryPoint\",\"urlTemplate\":\"https:\/\/geocentri.com\/sl\/?s={search_term_string}\"},\"query-input\":\"required name=search_term_string\"}],\"inLanguage\":\"sl-SI\"}]}<\/script>\n<!-- \/ Yoast SEO plugin. -->","yoast_head_json":{"title":"Obseg storitev - geocentricom","robots":{"index":"index","follow":"follow","max-snippet":"max-snippet:-1","max-image-preview":"max-image-preview:large","max-video-preview":"max-video-preview:-1"},"canonical":"https:\/\/geocentri.com\/sl\/obseg-storitev\/","og_locale":"sl_SI","og_type":"article","og_title":"Obseg storitev - geocentricom","og_url":"https:\/\/geocentri.com\/sl\/obseg-storitev\/","og_site_name":"geocentricom","article_modified_time":"2024-06-02T14:30:17+00:00","twitter_card":"summary_large_image","twitter_misc":{"Est. reading time":"2 minuti"},"schema":{"@context":"https:\/\/schema.org","@graph":[{"@type":"WebPage","@id":"https:\/\/geocentri.com\/sl\/obseg-storitev\/","url":"https:\/\/geocentri.com\/sl\/obseg-storitev\/","name":"Obseg storitev - geocentricom","isPartOf":{"@id":"https:\/\/geocentri.com\/sl\/#website"},"datePublished":"2023-07-31T12:38:13+00:00","dateModified":"2024-06-02T14:30:17+00:00","breadcrumb":{"@id":"https:\/\/geocentri.com\/sl\/obseg-storitev\/#breadcrumb"},"inLanguage":"sl-SI","potentialAction":[{"@type":"ReadAction","target":["https:\/\/geocentri.com\/sl\/obseg-storitev\/"]}]},{"@type":"BreadcrumbList","@id":"https:\/\/geocentri.com\/sl\/obseg-storitev\/#breadcrumb","itemListElement":[{"@type":"ListItem","position":1,"name":"Startseite","item":"https:\/\/geocentri.com\/sl\/"},{"@type":"ListItem","position":2,"name":"Obseg storitev"}]},{"@type":"WebSite","@id":"https:\/\/geocentri.com\/sl\/#website","url":"https:\/\/geocentri.com\/sl\/","name":"geocentricom","description":"","potentialAction":[{"@type":"SearchAction","target":{"@type":"EntryPoint","urlTemplate":"https:\/\/geocentri.com\/sl\/?s={search_term_string}"},"query-input":"required name=search_term_string"}],"inLanguage":"sl-SI"}]}},"_links":{"self":[{"href":"https:\/\/geocentri.com\/sl\/wp-json\/wp\/v2\/pages\/505"}],"collection":[{"href":"https:\/\/geocentri.com\/sl\/wp-json\/wp\/v2\/pages"}],"about":[{"href":"https:\/\/geocentri.com\/sl\/wp-json\/wp\/v2\/types\/page"}],"author":[{"embeddable":true,"href":"https:\/\/geocentri.com\/sl\/wp-json\/wp\/v2\/users\/1"}],"replies":[{"embeddable":true,"href":"https:\/\/geocentri.com\/sl\/wp-json\/wp\/v2\/comments?post=505"}],"version-history":[{"count":5,"href":"https:\/\/geocentri.com\/sl\/wp-json\/wp\/v2\/pages\/505\/revisions"}],"predecessor-version":[{"id":767,"href":"https:\/\/geocentri.com\/sl\/wp-json\/wp\/v2\/pages\/505\/revisions\/767"}],"wp:attachment":[{"href":"https:\/\/geocentri.com\/sl\/wp-json\/wp\/v2\/media?parent=505"}],"curies":[{"name":"wp","href":"https:\/\/api.w.org\/{rel}","templated":true}]}}