{"id":487,"date":"2023-07-31T16:05:53","date_gmt":"2023-07-31T14:05:53","guid":{"rendered":"https:\/\/geocentri.com\/lokacija-puscanja\/"},"modified":"2024-05-22T16:59:19","modified_gmt":"2024-05-22T14:59:19","slug":"lokacija-puscanja","status":"publish","type":"page","link":"https:\/\/geocentri.com\/sl\/lokacija-puscanja\/","title":{"rendered":"Lokacija pu\u0161\u010danja"},"content":{"rendered":"<div class=\"fusion-fullwidth fullwidth-box fusion-builder-row-1 fusion-flex-container has-pattern-background has-mask-background nonhundred-percent-fullwidth non-hundred-percent-height-scrolling\" style=\"--awb-border-radius-top-left:0px;--awb-border-radius-top-right:0px;--awb-border-radius-bottom-right:0px;--awb-border-radius-bottom-left:0px;--awb-flex-wrap:wrap;\" ><div class=\"fusion-builder-row fusion-row fusion-flex-align-items-flex-start fusion-flex-content-wrap\" style=\"max-width:1248px;margin-left: calc(-4% \/ 2 );margin-right: calc(-4% \/ 2 );\"><div class=\"fusion-layout-column fusion_builder_column fusion-builder-column-0 fusion_builder_column_3_4 3_4 fusion-flex-column\" style=\"--awb-bg-size:cover;--awb-width-large:75%;--awb-margin-top-large:0px;--awb-spacing-right-large:2.56%;--awb-margin-bottom-large:20px;--awb-spacing-left-large:2.56%;--awb-width-medium:75%;--awb-order-medium:0;--awb-spacing-right-medium:2.56%;--awb-spacing-left-medium:2.56%;--awb-width-small:100%;--awb-order-small:0;--awb-spacing-right-small:1.92%;--awb-spacing-left-small:1.92%;\"><div class=\"fusion-column-wrapper fusion-column-has-shadow fusion-flex-justify-content-flex-start fusion-content-layout-column\"><div class=\"fusion-title title fusion-title-1 fusion-sep-none fusion-title-text fusion-title-size-one\"><h1 class=\"fusion-title-heading title-heading-left fusion-responsive-typography-calculated\" style=\"margin:0;--fontSize:46;line-height:var(--awb-typography1-line-height);\">Odkrivanje pu\u0161\u010danj<\/h1><\/div><div class=\"fusion-text fusion-text-1\"><p>Opis metode za odkrivanje razpok in pu\u0161\u010danja z uporabo MLM, sklopa metod, ki ga sestavljajo metode enosmernega potenciala in merjenje upora. Tla \u2013 stene \u2013 stre\u0161na hidroizolacija na enem ali ve\u010d mestih pu\u0161\u010dajo in voda pronica v talno konstrukcijo ali objekt.<\/p>\n<\/div><div class=\"fusion-title title fusion-title-2 fusion-sep-none fusion-title-text fusion-title-size-two\"><h2 class=\"fusion-title-heading title-heading-left fusion-responsive-typography-calculated\" style=\"margin:0;--fontSize:40;line-height:var(--awb-typography1-line-height);\">Merjenje potenciala<\/h2><\/div><div class=\"fusion-text fusion-text-2\"><p>Za merjenje potenciala je potrebno na vla\u017ena mesta namestiti elektrodo. Prisotna mora biti voda, najbolje po obdobju de\u017eja. Obmo\u010dja, ki jih je treba analizirati, morajo biti prosto dostopna. Pred za\u010detkom meritev mora biti na voljo na\u010drt namestitve (vodovodni in drena\u017eni vodi, elektri\u010dni vodi itd.).<\/p>\n<p>Meritve se lahko glede na okoli\u0161\u010dine izvajajo v zaprtih prostorih ali na prostem.<\/p>\n<p><strong>MLM\/p (Multiple Leakage Measurement \/ Potential)<\/strong> je metoda, ki sem jo razvil za odkrivanje razpok ali pu\u0161\u010danj in s tem vdora vode v stavbe. Gre za metodo z enosmernim tokom, pri kateri se v zemljo in stavbo preko dveh elektrod dovaja konstantnen tok. Potencialno polje v stavbi ali zunaj nje se nato posname z dvema dodatnima elektrodama. Signal se zabele\u017ei s pomo\u010djo digitalnih in analognih merilnih naprav, nadalje obdela v ra\u010dunalniku in ugotovi po\u0161kodovana obmo\u010dja.<\/p>\n<p>Rezultat je prikaz linije plasti z dolo\u010denimi vstopnimi to\u010dkami kot maksimumi.<\/p>\n<p>MLM\/p zazna pu\u0161\u010danje ob prisotnosti vode glede na povezavo z virom energije in vzpostavi referenco med pu\u0161\u010danjem in to\u010dko dovajanja ledu.<\/p>\n<p><strong>MLM\/e (Multiple Leakage Measurement \/ self-potential)<\/strong> vzpostavi referenco med stensko elektrodo in referen\u010dno elektrodo. Stenska elektroda ima zaradi razli\u010dnih razmer v ozadju (vsebnost vode) druga\u010den potencial, ki se izmeri na vsaki merilni to\u010dki.<\/p>\n<p>Rezultat je prikaz linije sloja za dolo\u010deno nasi\u010denost z vodo.<\/p>\n<\/div><div class=\"fusion-title title fusion-title-3 fusion-sep-none fusion-title-text fusion-title-size-two\"><h2 class=\"fusion-title-heading title-heading-left fusion-responsive-typography-calculated\" style=\"margin:0;--fontSize:40;line-height:var(--awb-typography1-line-height);\">Odpornost sten<\/h2><\/div><div class=\"fusion-text fusion-text-3\"><p>Alternativno ali dodatno se lahko stenska upornost meri tudi neposredno. Pri tem je treba najprej izmeriti nekaj referen\u010dnih to\u010dk, da dobimo korekcijsko vrednost.<\/p>\n<p>Jakost toka se nato izbere tako, da ga ni mogo\u010de dose\u010di z nastavljeno napetostjo. Padec napetosti ali najvi\u0161ja mo\u010d ozna\u010dujeta napake.<\/p>\n<p><strong>MLM\/k (Multiple Leackage Measurement \/ capacitance)<\/strong> se izmeri kot prva izmerjena vrednost in zagotavlja informacije o vsebnosti vlage.<\/p>\n<p>Rezultat je vizualizacija ugotovljene vsebnosti vlage v vrstici plasti.<\/p>\n<\/div><div class=\"fusion-title title fusion-title-4 fusion-sep-none fusion-title-text fusion-title-size-two\"><h2 class=\"fusion-title-heading title-heading-left fusion-responsive-typography-calculated\" style=\"margin:0;--fontSize:40;line-height:var(--awb-typography1-line-height);\">Rezultat in trajanje<\/h2><\/div><div class=\"fusion-text fusion-text-4\"><p>Trajanje meritve je odvisno od velikosti objekta, ki ga je treba izmeriti, in traja pribli\u017eno 2 do 4 ure na meritev za objekt do pribli\u017eno 200 m2 po nastavitvi merilnih naprav. Med merjenjem lahko na celotno merilno obmo\u010dje vstopi le merilno osebje.<\/p>\n<p>Po kon\u010dani meritvi se podatki predstavijo in opi\u0161ejo v linijskem na\u010drtu plasti, po\u0161kodovana obmo\u010dja in njihova razprostranjenost pa v kratkem poro\u010dilu.<\/p>\n<p><strong>Primer rezultata meritve:<\/strong><\/p>\n<p>&#8212;-<\/p>\n<p><em>\u00a0Slika: Grafi\u010dni prikaz rezultatov meritev v programu MLM\/p<\/em><\/p>\n<\/div><\/div><\/div><div class=\"fusion-layout-column fusion_builder_column fusion-builder-column-1 fusion_builder_column_1_4 1_4 fusion-flex-column\" style=\"--awb-padding-top:20px;--awb-padding-right:20px;--awb-padding-bottom:20px;--awb-padding-left:20px;--awb-bg-blend:overlay;--awb-bg-size:cover;--awb-border-color:var(--awb-color3);--awb-border-top:1px;--awb-border-right:1px;--awb-border-bottom:1px;--awb-border-left:1px;--awb-border-style:solid;--awb-width-large:25%;--awb-margin-top-large:0px;--awb-spacing-right-large:7.68%;--awb-margin-bottom-large:20px;--awb-spacing-left-large:7.68%;--awb-width-medium:25%;--awb-order-medium:0;--awb-spacing-right-medium:7.68%;--awb-spacing-left-medium:7.68%;--awb-width-small:100%;--awb-order-small:0;--awb-spacing-right-small:1.92%;--awb-spacing-left-small:1.92%;\"><div class=\"fusion-column-wrapper fusion-column-has-shadow fusion-flex-justify-content-flex-start fusion-content-layout-column\"><div class=\"fusion-title title fusion-title-5 fusion-sep-none fusion-title-center fusion-title-text fusion-title-size-five\"><h5 class=\"fusion-title-heading title-heading-center fusion-responsive-typography-calculated\" style=\"margin:0;--fontSize:20;--minFontSize:20;line-height:var(--awb-typography1-line-height);\">Informirajte se zdaj!<\/h5><\/div><div class=\"fusion-text fusion-text-5\" style=\"--awb-content-alignment:center;\"><p>Geologija, hidrogeologija in geofizika za odkrivanje pu\u0161\u010danj.<\/p>\n<p>Smo va\u0161i strokovnjaki za geologijo in hidrogeologijo.<\/p>\n<\/div><div style=\"text-align:center;\"><a class=\"fusion-button button-flat fusion-button-default-size button-default fusion-button-default button-1 fusion-button-default-span fusion-button-default-type\" style=\"--button_text_transform:uppercase;\" target=\"_self\" href=\"mailto:office@geocentri.com\"><span class=\"fusion-button-text\">INFORMACIJE BREZ OBVEZNOSTI<\/span><\/a><\/div><\/div><\/div>\n<\/div><\/div>\n","protected":false},"excerpt":{"rendered":"","protected":false},"author":1,"featured_media":0,"parent":0,"menu_order":0,"comment_status":"closed","ping_status":"closed","template":"100-width.php","meta":{"footnotes":""},"yoast_head":"<!-- This site is optimized with the Yoast SEO plugin v22.1 - https:\/\/yoast.com\/wordpress\/plugins\/seo\/ -->\n<title>Lokacija pu\u0161\u010danja - geocentricom<\/title>\n<meta name=\"robots\" content=\"index, follow, max-snippet:-1, max-image-preview:large, max-video-preview:-1\" \/>\n<link rel=\"canonical\" href=\"https:\/\/geocentri.com\/sl\/lokacija-puscanja\/\" \/>\n<meta property=\"og:locale\" content=\"sl_SI\" \/>\n<meta property=\"og:type\" content=\"article\" \/>\n<meta property=\"og:title\" content=\"Lokacija pu\u0161\u010danja - geocentricom\" \/>\n<meta property=\"og:url\" content=\"https:\/\/geocentri.com\/sl\/lokacija-puscanja\/\" \/>\n<meta property=\"og:site_name\" content=\"geocentricom\" \/>\n<meta property=\"article:modified_time\" content=\"2024-05-22T14:59:19+00:00\" \/>\n<meta name=\"twitter:card\" content=\"summary_large_image\" \/>\n<meta name=\"twitter:label1\" content=\"Est. reading time\" \/>\n\t<meta name=\"twitter:data1\" content=\"3 minute\" \/>\n<script type=\"application\/ld+json\" class=\"yoast-schema-graph\">{\"@context\":\"https:\/\/schema.org\",\"@graph\":[{\"@type\":\"WebPage\",\"@id\":\"https:\/\/geocentri.com\/sl\/lokacija-puscanja\/\",\"url\":\"https:\/\/geocentri.com\/sl\/lokacija-puscanja\/\",\"name\":\"Lokacija pu\u0161\u010danja - geocentricom\",\"isPartOf\":{\"@id\":\"https:\/\/geocentri.com\/sl\/#website\"},\"datePublished\":\"2023-07-31T14:05:53+00:00\",\"dateModified\":\"2024-05-22T14:59:19+00:00\",\"breadcrumb\":{\"@id\":\"https:\/\/geocentri.com\/sl\/lokacija-puscanja\/#breadcrumb\"},\"inLanguage\":\"sl-SI\",\"potentialAction\":[{\"@type\":\"ReadAction\",\"target\":[\"https:\/\/geocentri.com\/sl\/lokacija-puscanja\/\"]}]},{\"@type\":\"BreadcrumbList\",\"@id\":\"https:\/\/geocentri.com\/sl\/lokacija-puscanja\/#breadcrumb\",\"itemListElement\":[{\"@type\":\"ListItem\",\"position\":1,\"name\":\"Startseite\",\"item\":\"https:\/\/geocentri.com\/sl\/\"},{\"@type\":\"ListItem\",\"position\":2,\"name\":\"Lokacija pu\u0161\u010danja\"}]},{\"@type\":\"WebSite\",\"@id\":\"https:\/\/geocentri.com\/sl\/#website\",\"url\":\"https:\/\/geocentri.com\/sl\/\",\"name\":\"geocentricom\",\"description\":\"\",\"potentialAction\":[{\"@type\":\"SearchAction\",\"target\":{\"@type\":\"EntryPoint\",\"urlTemplate\":\"https:\/\/geocentri.com\/sl\/?s={search_term_string}\"},\"query-input\":\"required name=search_term_string\"}],\"inLanguage\":\"sl-SI\"}]}<\/script>\n<!-- \/ Yoast SEO plugin. -->","yoast_head_json":{"title":"Lokacija pu\u0161\u010danja - geocentricom","robots":{"index":"index","follow":"follow","max-snippet":"max-snippet:-1","max-image-preview":"max-image-preview:large","max-video-preview":"max-video-preview:-1"},"canonical":"https:\/\/geocentri.com\/sl\/lokacija-puscanja\/","og_locale":"sl_SI","og_type":"article","og_title":"Lokacija pu\u0161\u010danja - geocentricom","og_url":"https:\/\/geocentri.com\/sl\/lokacija-puscanja\/","og_site_name":"geocentricom","article_modified_time":"2024-05-22T14:59:19+00:00","twitter_card":"summary_large_image","twitter_misc":{"Est. reading time":"3 minute"},"schema":{"@context":"https:\/\/schema.org","@graph":[{"@type":"WebPage","@id":"https:\/\/geocentri.com\/sl\/lokacija-puscanja\/","url":"https:\/\/geocentri.com\/sl\/lokacija-puscanja\/","name":"Lokacija pu\u0161\u010danja - geocentricom","isPartOf":{"@id":"https:\/\/geocentri.com\/sl\/#website"},"datePublished":"2023-07-31T14:05:53+00:00","dateModified":"2024-05-22T14:59:19+00:00","breadcrumb":{"@id":"https:\/\/geocentri.com\/sl\/lokacija-puscanja\/#breadcrumb"},"inLanguage":"sl-SI","potentialAction":[{"@type":"ReadAction","target":["https:\/\/geocentri.com\/sl\/lokacija-puscanja\/"]}]},{"@type":"BreadcrumbList","@id":"https:\/\/geocentri.com\/sl\/lokacija-puscanja\/#breadcrumb","itemListElement":[{"@type":"ListItem","position":1,"name":"Startseite","item":"https:\/\/geocentri.com\/sl\/"},{"@type":"ListItem","position":2,"name":"Lokacija pu\u0161\u010danja"}]},{"@type":"WebSite","@id":"https:\/\/geocentri.com\/sl\/#website","url":"https:\/\/geocentri.com\/sl\/","name":"geocentricom","description":"","potentialAction":[{"@type":"SearchAction","target":{"@type":"EntryPoint","urlTemplate":"https:\/\/geocentri.com\/sl\/?s={search_term_string}"},"query-input":"required name=search_term_string"}],"inLanguage":"sl-SI"}]}},"_links":{"self":[{"href":"https:\/\/geocentri.com\/sl\/wp-json\/wp\/v2\/pages\/487"}],"collection":[{"href":"https:\/\/geocentri.com\/sl\/wp-json\/wp\/v2\/pages"}],"about":[{"href":"https:\/\/geocentri.com\/sl\/wp-json\/wp\/v2\/types\/page"}],"author":[{"embeddable":true,"href":"https:\/\/geocentri.com\/sl\/wp-json\/wp\/v2\/users\/1"}],"replies":[{"embeddable":true,"href":"https:\/\/geocentri.com\/sl\/wp-json\/wp\/v2\/comments?post=487"}],"version-history":[{"count":3,"href":"https:\/\/geocentri.com\/sl\/wp-json\/wp\/v2\/pages\/487\/revisions"}],"predecessor-version":[{"id":621,"href":"https:\/\/geocentri.com\/sl\/wp-json\/wp\/v2\/pages\/487\/revisions\/621"}],"wp:attachment":[{"href":"https:\/\/geocentri.com\/sl\/wp-json\/wp\/v2\/media?parent=487"}],"curies":[{"name":"wp","href":"https:\/\/api.w.org\/{rel}","templated":true}]}}