{"id":475,"date":"2023-07-31T14:02:52","date_gmt":"2023-07-31T12:02:52","guid":{"rendered":"https:\/\/geocentri.com\/odtis\/"},"modified":"2024-05-22T20:52:08","modified_gmt":"2024-05-22T18:52:08","slug":"odtis","status":"publish","type":"page","link":"https:\/\/geocentri.com\/sl\/odtis\/","title":{"rendered":"Odtis"},"content":{"rendered":"<div class=\"fusion-fullwidth fullwidth-box fusion-builder-row-1 fusion-flex-container has-pattern-background has-mask-background nonhundred-percent-fullwidth non-hundred-percent-height-scrolling\" style=\"--awb-border-radius-top-left:0px;--awb-border-radius-top-right:0px;--awb-border-radius-bottom-right:0px;--awb-border-radius-bottom-left:0px;--awb-flex-wrap:wrap;\" ><div class=\"fusion-builder-row fusion-row fusion-flex-align-items-flex-start fusion-flex-content-wrap\" style=\"max-width:1248px;margin-left: calc(-4% \/ 2 );margin-right: calc(-4% \/ 2 );\"><div class=\"fusion-layout-column fusion_builder_column fusion-builder-column-0 fusion_builder_column_1_1 1_1 fusion-flex-column\" style=\"--awb-bg-size:cover;--awb-width-large:100%;--awb-margin-top-large:0px;--awb-spacing-right-large:1.92%;--awb-margin-bottom-large:20px;--awb-spacing-left-large:1.92%;--awb-width-medium:100%;--awb-order-medium:0;--awb-spacing-right-medium:1.92%;--awb-spacing-left-medium:1.92%;--awb-width-small:100%;--awb-order-small:0;--awb-spacing-right-small:1.92%;--awb-spacing-left-small:1.92%;\"><div class=\"fusion-column-wrapper fusion-column-has-shadow fusion-flex-justify-content-flex-start fusion-content-layout-column\"><div class=\"fusion-title title fusion-title-1 fusion-sep-none fusion-title-text fusion-title-size-one\"><h1 class=\"fusion-title-heading title-heading-left fusion-responsive-typography-calculated\" style=\"margin:0;--fontSize:46;line-height:var(--awb-typography1-line-height);\">Odtis<\/h1><\/div><div class=\"fusion-text fusion-text-1\"><p>Michael Hitzenberger<br \/>\nTehni\u010dni urad za geologijo, hidrogeologijo in geofiziko<br \/>\nUID: ATU 42229708<br \/>\nKraj pristojnosti: V\u00f6cklabruck<br \/>\nA-4901 Thomasroith, Kirchgasse 6<\/p>\n<p>\u010clanstvo v tehni\u010dnih pisarnah<br \/>\nNadzorni organ: BH V\u00f6cklabruck<br \/>\nNaziv delovnega mesta: geolog<br \/>\n\u0160tevilka delodajalca: 601271579<\/p>\n<p>Oblikovanje spletnih strani, ki jih <a href=\"https:\/\/www.easy4u.at\" target=\"_blank\" rel=\"noopener\">easy4U<\/a><\/p>\n<\/div><div class=\"fusion-title title fusion-title-2 fusion-sep-none fusion-title-text fusion-title-size-two\"><h2 class=\"fusion-title-heading title-heading-left fusion-responsive-typography-calculated\" style=\"margin:0;--fontSize:40;line-height:var(--awb-typography1-line-height);\">Izjava o omejitvi odgovornosti<\/h2><\/div><div class=\"fusion-text fusion-text-2\"><ol>\n<li>vsebina spletne ponudbe<br \/>\nAvtor ne prevzema nobene odgovornosti za aktualnost, pravilnost, popolnost ali kakovost posredovanih informacij. Zahtevki iz naslova odgovornosti do avtorja v zvezi z materialno ali nematerialno \u0161kodo, povzro\u010deno z uporabo ali neuporabo zagotovljenih informacij ali z uporabo nepravilnih ali nepopolnih informacij, so v osnovi izklju\u010deni, razen \u010de obstajajo dokazi o nameri ali hudi malomarnosti avtorja. Vse ponudbe se lahko spremenijo in niso zavezujo\u010de. Avtor si izrecno pridr\u017euje pravico, da brez predhodnega obvestila spremeni, dopolni ali izbri\u0161e dele strani ali celotno ponudbo ali da za\u010dasno ali trajno preneha z objavo.<\/li>\n<li>reference in povezave<br \/>\nV primeru neposrednih ali posrednih sklicev na zunanja spletna mesta (&#8220;hiperpovezave&#8221;), ki so zunaj avtorjevega podro\u010dja odgovornosti, bi obveznost odgovornosti za\u010dela veljati le v primeru, da je avtor seznanjen z vsebino in da bi bilo zanj tehni\u010dno mogo\u010de in razumno prepre\u010diti uporabo v primeru nezakonite vsebine. Avtor izrecno izjavlja, da v \u010dasu ustvarjanja povezav na povezanih straneh ni bilo mogo\u010de zaznati nezakonite vsebine. Avtor nima nikakr\u0161nega vpliva na sedanjo in prihodnjo obliko, vsebino ali avtorstvo povezanih strani. Avtor se zato izrecno distancira od vseh vsebin vseh povezanih strani, ki so bile spremenjene po ustvarjanju povezave. Ta izjava velja za vse povezave in sklice, ki so postavljene na avtorjevem spletnem mestu, ter tudi za vnose tretjih oseb v knjige gostov, diskusijske forume, imenike povezav, po\u0161tne sezname in vse druge oblike baz podatkov, ki jih je vzpostavil avtor in do katerih vsebine je mogo\u010d zunanji pisarni\u0161ki dostop. Odgovornost za nezakonito, nepravilno ali nepopolno vsebino in zlasti za \u0161kodo, ki nastane zaradi uporabe ali neuporabe takih informacij, nosi izklju\u010dno ponudnik strani, na katero se sklicuje, in ne oseba, ki se na zadevno objavo zgolj sklicuje prek povezav.<\/li>\n<li>zakonodaja o avtorskih pravicah in ozna\u010devanju<br \/>\nAvtor si prizadeva spo\u0161tovati avtorske pravice za slike, grafike, zvo\u010dne dokumente, video zaporedja in besedila, ki se uporabljajo v vseh publikacijah, uporabljati slike, grafike, zvo\u010dne dokumente, video zaporedja in besedila, ki jih je ustvaril sam, ali uporabljati grafike, zvo\u010dne dokumente, video zaporedja in besedila brez licence. Za vse znamke in blagovne znamke, ki so omenjene na spletnem mestu in jih morda \u0161\u010ditijo tretje osebe, brez omejitev veljajo dolo\u010dbe veljavnega zakona o blagovnih znamkah in lastninske pravice zadevnih registriranih lastnikov. Zgolj omemba blagovne znamke ne pomeni, da ni za\u0161\u010ditena s pravicami tretjih oseb! Avtorske pravice za objavljene predmete, ki jih je ustvaril avtor sam, ostanejo izklju\u010dno v lasti avtorja strani. Vsako razmno\u017eevanje ali uporaba predmetov, kot so diagrami, zvoki ali besedila, v drugih elektronskih ali tiskanih publikacijah brez soglasja avtorja ni dovoljena.<\/li>\n<li>varstvo podatkov<br \/>\n\u010ce je dana mo\u017enost vnosa osebnih ali poslovnih podatkov (e-po\u0161tni naslovi, imena, naslovi), se ti podatki vnesejo prostovoljno. Uporaba in pla\u010dilo vseh ponujenih storitev sta &#8211; kolikor je to tehni\u010dno mogo\u010de in razumno &#8211; dovoljena tudi brez posredovanja teh podatkov ali s posredovanjem anonimiziranih podatkov ali psevdonima. Uporaba kontaktnih podatkov, kot so po\u0161tni naslovi, telefonske \u0161tevilke in \u0161tevilke telefaksa ter elektronski naslovi, objavljeni v pravnem obvestilu, ali primerljivih informacij s strani tretjih oseb za po\u0161iljanje informacij, ki niso bile izrecno zahtevane, ni dovoljena. Izrecno si pridr\u017eujemo pravico, da v primeru kr\u0161itve te prepovedi proti po\u0161iljateljem tako imenovane ne\u017eelene po\u0161te sproti ukrepamo.<\/li>\n<li>Pravna veljavnost te izjave o omejitvi odgovornosti<br \/>\nTo izjavo o omejitvi odgovornosti je treba obravnavati kot del spletne publikacije, iz katere ste bili napoteni. \u010ce deli ali posamezni izrazi te izjave niso zakoniti ali pravilni, to dejstvo ne vpliva na vsebino ali veljavnost drugih delov.Politika zasebnosti<br \/>\nZelo smo veseli, da ste pokazali zanimanje za na\u0161e podjetje. Za\u0161\u010dita podatkov je za vodstvo podjetja Michael Hitzenberger Technisches B\u00fcro f\u00fcr Geologie, Hydrogeologie und Geophysik \u0161e posebej pomembna. Uporaba spletnih strani podjetja Michael Hitzenberger Technisches B\u00fcro f\u00fcr Geologie, Hydrogeologie und Geophysik je mogo\u010da brez navedbe osebnih podatkov. \u010ce pa \u017eeli zadevna oseba prek na\u0161e spletne strani uporabljati posebne storitve na\u0161ega podjetja, bo morda potrebna obdelava osebnih podatkov. \u010ce je obdelava osebnih podatkov nujna in za tak\u0161no obdelavo ni pravne podlage, praviloma pridobimo privolitev posameznika, na katerega se nana\u0161ajo osebni podatki.<\/li>\n<\/ol>\n<\/div><\/div><\/div><\/div><\/div>\n","protected":false},"excerpt":{"rendered":"","protected":false},"author":1,"featured_media":0,"parent":0,"menu_order":0,"comment_status":"closed","ping_status":"closed","template":"100-width.php","meta":{"footnotes":""},"yoast_head":"<!-- This site is optimized with the Yoast SEO plugin v22.1 - https:\/\/yoast.com\/wordpress\/plugins\/seo\/ -->\n<title>Odtis - geocentricom<\/title>\n<meta name=\"robots\" content=\"index, follow, max-snippet:-1, max-image-preview:large, max-video-preview:-1\" \/>\n<link rel=\"canonical\" href=\"https:\/\/geocentri.com\/sl\/odtis\/\" \/>\n<meta property=\"og:locale\" content=\"sl_SI\" \/>\n<meta property=\"og:type\" content=\"article\" \/>\n<meta property=\"og:title\" content=\"Odtis - geocentricom\" \/>\n<meta property=\"og:url\" content=\"https:\/\/geocentri.com\/sl\/odtis\/\" \/>\n<meta property=\"og:site_name\" content=\"geocentricom\" \/>\n<meta property=\"article:modified_time\" content=\"2024-05-22T18:52:08+00:00\" \/>\n<meta name=\"twitter:card\" content=\"summary_large_image\" \/>\n<meta name=\"twitter:label1\" content=\"Est. reading time\" \/>\n\t<meta name=\"twitter:data1\" content=\"1 minuta\" \/>\n<script type=\"application\/ld+json\" class=\"yoast-schema-graph\">{\"@context\":\"https:\/\/schema.org\",\"@graph\":[{\"@type\":\"WebPage\",\"@id\":\"https:\/\/geocentri.com\/sl\/odtis\/\",\"url\":\"https:\/\/geocentri.com\/sl\/odtis\/\",\"name\":\"Odtis - geocentricom\",\"isPartOf\":{\"@id\":\"https:\/\/geocentri.com\/sl\/#website\"},\"datePublished\":\"2023-07-31T12:02:52+00:00\",\"dateModified\":\"2024-05-22T18:52:08+00:00\",\"breadcrumb\":{\"@id\":\"https:\/\/geocentri.com\/sl\/odtis\/#breadcrumb\"},\"inLanguage\":\"sl-SI\",\"potentialAction\":[{\"@type\":\"ReadAction\",\"target\":[\"https:\/\/geocentri.com\/sl\/odtis\/\"]}]},{\"@type\":\"BreadcrumbList\",\"@id\":\"https:\/\/geocentri.com\/sl\/odtis\/#breadcrumb\",\"itemListElement\":[{\"@type\":\"ListItem\",\"position\":1,\"name\":\"Startseite\",\"item\":\"https:\/\/geocentri.com\/sl\/\"},{\"@type\":\"ListItem\",\"position\":2,\"name\":\"Odtis\"}]},{\"@type\":\"WebSite\",\"@id\":\"https:\/\/geocentri.com\/sl\/#website\",\"url\":\"https:\/\/geocentri.com\/sl\/\",\"name\":\"geocentricom\",\"description\":\"\",\"potentialAction\":[{\"@type\":\"SearchAction\",\"target\":{\"@type\":\"EntryPoint\",\"urlTemplate\":\"https:\/\/geocentri.com\/sl\/?s={search_term_string}\"},\"query-input\":\"required name=search_term_string\"}],\"inLanguage\":\"sl-SI\"}]}<\/script>\n<!-- \/ Yoast SEO plugin. -->","yoast_head_json":{"title":"Odtis - geocentricom","robots":{"index":"index","follow":"follow","max-snippet":"max-snippet:-1","max-image-preview":"max-image-preview:large","max-video-preview":"max-video-preview:-1"},"canonical":"https:\/\/geocentri.com\/sl\/odtis\/","og_locale":"sl_SI","og_type":"article","og_title":"Odtis - geocentricom","og_url":"https:\/\/geocentri.com\/sl\/odtis\/","og_site_name":"geocentricom","article_modified_time":"2024-05-22T18:52:08+00:00","twitter_card":"summary_large_image","twitter_misc":{"Est. reading time":"1 minuta"},"schema":{"@context":"https:\/\/schema.org","@graph":[{"@type":"WebPage","@id":"https:\/\/geocentri.com\/sl\/odtis\/","url":"https:\/\/geocentri.com\/sl\/odtis\/","name":"Odtis - geocentricom","isPartOf":{"@id":"https:\/\/geocentri.com\/sl\/#website"},"datePublished":"2023-07-31T12:02:52+00:00","dateModified":"2024-05-22T18:52:08+00:00","breadcrumb":{"@id":"https:\/\/geocentri.com\/sl\/odtis\/#breadcrumb"},"inLanguage":"sl-SI","potentialAction":[{"@type":"ReadAction","target":["https:\/\/geocentri.com\/sl\/odtis\/"]}]},{"@type":"BreadcrumbList","@id":"https:\/\/geocentri.com\/sl\/odtis\/#breadcrumb","itemListElement":[{"@type":"ListItem","position":1,"name":"Startseite","item":"https:\/\/geocentri.com\/sl\/"},{"@type":"ListItem","position":2,"name":"Odtis"}]},{"@type":"WebSite","@id":"https:\/\/geocentri.com\/sl\/#website","url":"https:\/\/geocentri.com\/sl\/","name":"geocentricom","description":"","potentialAction":[{"@type":"SearchAction","target":{"@type":"EntryPoint","urlTemplate":"https:\/\/geocentri.com\/sl\/?s={search_term_string}"},"query-input":"required name=search_term_string"}],"inLanguage":"sl-SI"}]}},"_links":{"self":[{"href":"https:\/\/geocentri.com\/sl\/wp-json\/wp\/v2\/pages\/475"}],"collection":[{"href":"https:\/\/geocentri.com\/sl\/wp-json\/wp\/v2\/pages"}],"about":[{"href":"https:\/\/geocentri.com\/sl\/wp-json\/wp\/v2\/types\/page"}],"author":[{"embeddable":true,"href":"https:\/\/geocentri.com\/sl\/wp-json\/wp\/v2\/users\/1"}],"replies":[{"embeddable":true,"href":"https:\/\/geocentri.com\/sl\/wp-json\/wp\/v2\/comments?post=475"}],"version-history":[{"count":4,"href":"https:\/\/geocentri.com\/sl\/wp-json\/wp\/v2\/pages\/475\/revisions"}],"predecessor-version":[{"id":681,"href":"https:\/\/geocentri.com\/sl\/wp-json\/wp\/v2\/pages\/475\/revisions\/681"}],"wp:attachment":[{"href":"https:\/\/geocentri.com\/sl\/wp-json\/wp\/v2\/media?parent=475"}],"curies":[{"name":"wp","href":"https:\/\/api.w.org\/{rel}","templated":true}]}}