{"id":460,"date":"2023-07-31T15:10:32","date_gmt":"2023-07-31T13:10:32","guid":{"rendered":"https:\/\/geocentri.com\/hidrogeologija\/"},"modified":"2024-05-22T16:22:31","modified_gmt":"2024-05-22T14:22:31","slug":"hidrogeologija","status":"publish","type":"page","link":"https:\/\/geocentri.com\/sl\/hidrogeologija\/","title":{"rendered":"Hidrogeologija"},"content":{"rendered":"<p><div class=\"fusion-fullwidth fullwidth-box fusion-builder-row-1 fusion-flex-container has-pattern-background has-mask-background nonhundred-percent-fullwidth non-hundred-percent-height-scrolling\" style=\"--awb-border-radius-top-left:0px;--awb-border-radius-top-right:0px;--awb-border-radius-bottom-right:0px;--awb-border-radius-bottom-left:0px;--awb-flex-wrap:wrap;\" ><div class=\"fusion-builder-row fusion-row fusion-flex-align-items-flex-start fusion-flex-content-wrap\" style=\"max-width:1248px;margin-left: calc(-4% \/ 2 );margin-right: calc(-4% \/ 2 );\"><div class=\"fusion-layout-column fusion_builder_column fusion-builder-column-0 fusion_builder_column_3_4 3_4 fusion-flex-column\" style=\"--awb-bg-size:cover;--awb-width-large:75%;--awb-margin-top-large:0px;--awb-spacing-right-large:2.56%;--awb-margin-bottom-large:20px;--awb-spacing-left-large:2.56%;--awb-width-medium:75%;--awb-order-medium:0;--awb-spacing-right-medium:2.56%;--awb-spacing-left-medium:2.56%;--awb-width-small:100%;--awb-order-small:0;--awb-spacing-right-small:1.92%;--awb-spacing-left-small:1.92%;\"><div class=\"fusion-column-wrapper fusion-column-has-shadow fusion-flex-justify-content-flex-start fusion-content-layout-column\"><div class=\"fusion-title title fusion-title-1 fusion-sep-none fusion-title-text fusion-title-size-one\"><h1 class=\"fusion-title-heading title-heading-left fusion-responsive-typography-calculated\" style=\"margin:0;--fontSize:46;line-height:var(--awb-typography1-line-height);\"><h1>Hidrogeologija<\/h1><\/h1><\/div><div class=\"fusion-text fusion-text-1\"><p>Na\u0161e hidrogeolo\u0161ke storitve se osredoto\u010dajo na na\u010drtovanje projektov za gradnjo in obnovo vodnjakov in izvirov, vklju\u010dno z vsemi predhodnimi raziskavami in preiskavami ter standardiziranimi razpisi. Seveda izvajamo tudi gradbeni nadzor, ugotavljamo zmogljivost vodnjaka (\u010drpalni preizkus), pripravimo predlog za zavarovano obmo\u010dje in pripravimo dokumente za predlo\u017eitev pristojnim organom. Drugi glavni poudarek je na dimenzioniranju za\u0161\u010ditenih obmo\u010dij. Ponujamo tudi oceno \u0161kode in predloge za sanacijo.<\/p>\n<\/div><\/div><\/div><div class=\"fusion-layout-column fusion_builder_column fusion-builder-column-1 fusion_builder_column_1_4 1_4 fusion-flex-column\" style=\"--awb-padding-top:20px;--awb-padding-right:20px;--awb-padding-bottom:20px;--awb-padding-left:20px;--awb-bg-blend:overlay;--awb-bg-size:cover;--awb-border-color:var(--awb-color3);--awb-border-top:1px;--awb-border-right:1px;--awb-border-bottom:1px;--awb-border-left:1px;--awb-border-style:solid;--awb-width-large:25%;--awb-margin-top-large:0px;--awb-spacing-right-large:7.68%;--awb-margin-bottom-large:20px;--awb-spacing-left-large:7.68%;--awb-width-medium:25%;--awb-order-medium:0;--awb-spacing-right-medium:7.68%;--awb-spacing-left-medium:7.68%;--awb-width-small:100%;--awb-order-small:0;--awb-spacing-right-small:1.92%;--awb-spacing-left-small:1.92%;\"><div class=\"fusion-column-wrapper fusion-column-has-shadow fusion-flex-justify-content-flex-start fusion-content-layout-column\"><div class=\"fusion-title title fusion-title-2 fusion-sep-none fusion-title-center fusion-title-text fusion-title-size-five\"><h5 class=\"fusion-title-heading title-heading-center fusion-responsive-typography-calculated\" style=\"margin:0;--fontSize:20;--minFontSize:20;line-height:var(--awb-typography1-line-height);\">Informirajte se zdaj!<\/h5><\/div><div class=\"fusion-text fusion-text-2\" style=\"--awb-content-alignment:center;\"><p>Geologija, hidrogeologija in geofizika za odkrivanje pu\u0161\u010danj.<\/p>\n<p>Smo va\u0161i strokovnjaki za geologijo in hidrogeologijo.<\/p>\n<\/div><div style=\"text-align:center;\"><a class=\"fusion-button button-flat fusion-button-default-size button-default fusion-button-default button-1 fusion-button-default-span fusion-button-default-type\" style=\"--button_text_transform:uppercase;\" target=\"_self\" href=\"mailto:office@geocentri.com\"><span class=\"fusion-button-text\">INFORMACIJE BREZ OBVEZNOSTI<\/span><\/a><\/div><\/div><\/div>\n<\/div><\/div><div class=\"fusion-fullwidth fullwidth-box fusion-builder-row-2 fusion-flex-container has-pattern-background has-mask-background nonhundred-percent-fullwidth non-hundred-percent-height-scrolling\" style=\"--awb-border-radius-top-left:0px;--awb-border-radius-top-right:0px;--awb-border-radius-bottom-right:0px;--awb-border-radius-bottom-left:0px;--awb-background-color:var(--awb-color3);--awb-flex-wrap:wrap;\" ><div class=\"fusion-builder-row fusion-row fusion-flex-align-items-flex-start fusion-flex-content-wrap\" style=\"max-width:1248px;margin-left: calc(-4% \/ 2 );margin-right: calc(-4% \/ 2 );\"><div class=\"fusion-layout-column fusion_builder_column fusion-builder-column-2 fusion_builder_column_3_4 3_4 fusion-flex-column\" style=\"--awb-bg-size:cover;--awb-width-large:75%;--awb-margin-top-large:0px;--awb-spacing-right-large:2.56%;--awb-margin-bottom-large:20px;--awb-spacing-left-large:2.56%;--awb-width-medium:75%;--awb-order-medium:0;--awb-spacing-right-medium:2.56%;--awb-spacing-left-medium:2.56%;--awb-width-small:100%;--awb-order-small:0;--awb-spacing-right-small:1.92%;--awb-spacing-left-small:1.92%;\"><div class=\"fusion-column-wrapper fusion-column-has-shadow fusion-flex-justify-content-flex-start fusion-content-layout-column\"><div class=\"fusion-title title fusion-title-3 fusion-sep-none fusion-title-text fusion-title-size-three\"><h3 class=\"fusion-title-heading title-heading-left fusion-responsive-typography-calculated\" style=\"margin:0;--fontSize:32;line-height:var(--awb-typography1-line-height);\">Reference<\/h3><\/div><div class=\"fusion-text fusion-text-3\"><ul>\n<li>Tr\u017eno mesto Reutte, vodnjaki, razglasitev zavarovanih obmo\u010dij<\/li>\n<li>WV Sauwald, testna vrtina<\/li>\n<li>Podjetje Spitz, testna vrtina<\/li>\n<li>Zavarovana obmo\u010dja WG Dietachdorf<\/li>\n<li>Zavarovana obmo\u010dja WG Nussdorf<\/li>\n<li>Zavarovana obmo\u010dja WG Unterach East<\/li>\n<li>Zavarovana obmo\u010dja WG Unterach West<\/li>\n<li>WG Putzleinsdorf, razmejitev povodja, razglasitev zavarovanega obmo\u010dja, povodje izvira<\/li>\n<li>ASFiNAG, servisni vodnjaki<\/li>\n<\/ul>\n<\/div><\/div><\/div><\/div><\/div><\/p>\n","protected":false},"excerpt":{"rendered":"","protected":false},"author":1,"featured_media":0,"parent":0,"menu_order":0,"comment_status":"closed","ping_status":"closed","template":"100-width.php","meta":{"footnotes":""},"yoast_head":"<!-- This site is optimized with the Yoast SEO plugin v22.1 - https:\/\/yoast.com\/wordpress\/plugins\/seo\/ -->\n<title>Hidrogeologija - geocentricom<\/title>\n<meta name=\"robots\" content=\"index, follow, max-snippet:-1, max-image-preview:large, max-video-preview:-1\" \/>\n<link rel=\"canonical\" href=\"https:\/\/geocentri.com\/sl\/hidrogeologija\/\" \/>\n<meta property=\"og:locale\" content=\"sl_SI\" \/>\n<meta property=\"og:type\" content=\"article\" \/>\n<meta property=\"og:title\" content=\"Hidrogeologija - geocentricom\" \/>\n<meta property=\"og:url\" content=\"https:\/\/geocentri.com\/sl\/hidrogeologija\/\" \/>\n<meta property=\"og:site_name\" content=\"geocentricom\" \/>\n<meta property=\"article:modified_time\" content=\"2024-05-22T14:22:31+00:00\" \/>\n<meta name=\"twitter:card\" content=\"summary_large_image\" \/>\n<meta name=\"twitter:label1\" content=\"Est. reading time\" \/>\n\t<meta name=\"twitter:data1\" content=\"1 minuta\" \/>\n<script type=\"application\/ld+json\" class=\"yoast-schema-graph\">{\"@context\":\"https:\/\/schema.org\",\"@graph\":[{\"@type\":\"WebPage\",\"@id\":\"https:\/\/geocentri.com\/sl\/hidrogeologija\/\",\"url\":\"https:\/\/geocentri.com\/sl\/hidrogeologija\/\",\"name\":\"Hidrogeologija - geocentricom\",\"isPartOf\":{\"@id\":\"https:\/\/geocentri.com\/sl\/#website\"},\"datePublished\":\"2023-07-31T13:10:32+00:00\",\"dateModified\":\"2024-05-22T14:22:31+00:00\",\"breadcrumb\":{\"@id\":\"https:\/\/geocentri.com\/sl\/hidrogeologija\/#breadcrumb\"},\"inLanguage\":\"sl-SI\",\"potentialAction\":[{\"@type\":\"ReadAction\",\"target\":[\"https:\/\/geocentri.com\/sl\/hidrogeologija\/\"]}]},{\"@type\":\"BreadcrumbList\",\"@id\":\"https:\/\/geocentri.com\/sl\/hidrogeologija\/#breadcrumb\",\"itemListElement\":[{\"@type\":\"ListItem\",\"position\":1,\"name\":\"Startseite\",\"item\":\"https:\/\/geocentri.com\/sl\/\"},{\"@type\":\"ListItem\",\"position\":2,\"name\":\"Hidrogeologija\"}]},{\"@type\":\"WebSite\",\"@id\":\"https:\/\/geocentri.com\/sl\/#website\",\"url\":\"https:\/\/geocentri.com\/sl\/\",\"name\":\"geocentricom\",\"description\":\"\",\"potentialAction\":[{\"@type\":\"SearchAction\",\"target\":{\"@type\":\"EntryPoint\",\"urlTemplate\":\"https:\/\/geocentri.com\/sl\/?s={search_term_string}\"},\"query-input\":\"required name=search_term_string\"}],\"inLanguage\":\"sl-SI\"}]}<\/script>\n<!-- \/ Yoast SEO plugin. -->","yoast_head_json":{"title":"Hidrogeologija - geocentricom","robots":{"index":"index","follow":"follow","max-snippet":"max-snippet:-1","max-image-preview":"max-image-preview:large","max-video-preview":"max-video-preview:-1"},"canonical":"https:\/\/geocentri.com\/sl\/hidrogeologija\/","og_locale":"sl_SI","og_type":"article","og_title":"Hidrogeologija - geocentricom","og_url":"https:\/\/geocentri.com\/sl\/hidrogeologija\/","og_site_name":"geocentricom","article_modified_time":"2024-05-22T14:22:31+00:00","twitter_card":"summary_large_image","twitter_misc":{"Est. reading time":"1 minuta"},"schema":{"@context":"https:\/\/schema.org","@graph":[{"@type":"WebPage","@id":"https:\/\/geocentri.com\/sl\/hidrogeologija\/","url":"https:\/\/geocentri.com\/sl\/hidrogeologija\/","name":"Hidrogeologija - geocentricom","isPartOf":{"@id":"https:\/\/geocentri.com\/sl\/#website"},"datePublished":"2023-07-31T13:10:32+00:00","dateModified":"2024-05-22T14:22:31+00:00","breadcrumb":{"@id":"https:\/\/geocentri.com\/sl\/hidrogeologija\/#breadcrumb"},"inLanguage":"sl-SI","potentialAction":[{"@type":"ReadAction","target":["https:\/\/geocentri.com\/sl\/hidrogeologija\/"]}]},{"@type":"BreadcrumbList","@id":"https:\/\/geocentri.com\/sl\/hidrogeologija\/#breadcrumb","itemListElement":[{"@type":"ListItem","position":1,"name":"Startseite","item":"https:\/\/geocentri.com\/sl\/"},{"@type":"ListItem","position":2,"name":"Hidrogeologija"}]},{"@type":"WebSite","@id":"https:\/\/geocentri.com\/sl\/#website","url":"https:\/\/geocentri.com\/sl\/","name":"geocentricom","description":"","potentialAction":[{"@type":"SearchAction","target":{"@type":"EntryPoint","urlTemplate":"https:\/\/geocentri.com\/sl\/?s={search_term_string}"},"query-input":"required name=search_term_string"}],"inLanguage":"sl-SI"}]}},"_links":{"self":[{"href":"https:\/\/geocentri.com\/sl\/wp-json\/wp\/v2\/pages\/460"}],"collection":[{"href":"https:\/\/geocentri.com\/sl\/wp-json\/wp\/v2\/pages"}],"about":[{"href":"https:\/\/geocentri.com\/sl\/wp-json\/wp\/v2\/types\/page"}],"author":[{"embeddable":true,"href":"https:\/\/geocentri.com\/sl\/wp-json\/wp\/v2\/users\/1"}],"replies":[{"embeddable":true,"href":"https:\/\/geocentri.com\/sl\/wp-json\/wp\/v2\/comments?post=460"}],"version-history":[{"count":3,"href":"https:\/\/geocentri.com\/sl\/wp-json\/wp\/v2\/pages\/460\/revisions"}],"predecessor-version":[{"id":590,"href":"https:\/\/geocentri.com\/sl\/wp-json\/wp\/v2\/pages\/460\/revisions\/590"}],"wp:attachment":[{"href":"https:\/\/geocentri.com\/sl\/wp-json\/wp\/v2\/media?parent=460"}],"curies":[{"name":"wp","href":"https:\/\/api.w.org\/{rel}","templated":true}]}}