{"id":514,"date":"2023-07-31T15:20:55","date_gmt":"2023-07-31T13:20:55","guid":{"rendered":"https:\/\/geocentri.com\/projets\/"},"modified":"2024-05-22T17:23:25","modified_gmt":"2024-05-22T15:23:25","slug":"projets","status":"publish","type":"page","link":"https:\/\/geocentri.com\/fr\/projets\/","title":{"rendered":"Projets"},"content":{"rendered":"<div class=\"fusion-fullwidth fullwidth-box fusion-builder-row-1 fusion-flex-container has-pattern-background has-mask-background nonhundred-percent-fullwidth non-hundred-percent-height-scrolling\" style=\"--awb-border-radius-top-left:0px;--awb-border-radius-top-right:0px;--awb-border-radius-bottom-right:0px;--awb-border-radius-bottom-left:0px;--awb-flex-wrap:wrap;\" ><div class=\"fusion-builder-row fusion-row fusion-flex-align-items-flex-start fusion-flex-content-wrap\" style=\"max-width:1248px;margin-left: calc(-4% \/ 2 );margin-right: calc(-4% \/ 2 );\"><div class=\"fusion-layout-column fusion_builder_column fusion-builder-column-0 fusion_builder_column_3_4 3_4 fusion-flex-column\" style=\"--awb-bg-size:cover;--awb-width-large:75%;--awb-margin-top-large:0px;--awb-spacing-right-large:2.56%;--awb-margin-bottom-large:20px;--awb-spacing-left-large:2.56%;--awb-width-medium:75%;--awb-order-medium:0;--awb-spacing-right-medium:2.56%;--awb-spacing-left-medium:2.56%;--awb-width-small:100%;--awb-order-small:0;--awb-spacing-right-small:1.92%;--awb-spacing-left-small:1.92%;\"><div class=\"fusion-column-wrapper fusion-column-has-shadow fusion-flex-justify-content-flex-start fusion-content-layout-column\"><div class=\"fusion-title title fusion-title-1 fusion-sep-none fusion-title-text fusion-title-size-one\"><h1 class=\"fusion-title-heading title-heading-left fusion-responsive-typography-calculated\" style=\"margin:0;--fontSize:46;line-height:var(--awb-typography1-line-height);\"><h1>Projets<\/h1><\/h1><\/div><div class=\"fusion-title title fusion-title-2 fusion-sep-none fusion-title-text fusion-title-size-two\"><h2 class=\"fusion-title-heading title-heading-left fusion-responsive-typography-calculated\" style=\"margin:0;--fontSize:40;line-height:var(--awb-typography1-line-height);\">G\u00e9ologie, ing\u00e9nierie g\u00e9ologique<\/h2><\/div><div class=\"fusion-text fusion-text-1\"><ul>\n<li>Projet \u00ab\u00a0Exploration g\u00e9ologique des roches cristallines au nord de la Saxen et \u00e9tude de l&rsquo;\u00e9volution de l&rsquo;environnement et du courant d&rsquo;accompagnement du Danube, \u00e9tudes sismiques\u00a0\u00bb, Office du gouvernement r\u00e9gional de Haute-Autriche, 1998<\/li>\n<li>Expertise du terrain \u00e0 b\u00e2tir dans la r\u00e9gion de Haute-Autriche et de Salzbourg (commune d&rsquo;Ottnang, commune de Wagrein, commune de Ried, commune d&rsquo;Eitzing, commune de Neukirchen, Losenstein, Steyr, Attnang-Puchheim, Sierning, etc.)<\/li>\n<li>Projet \u00ab\u00a0Concept pour un plan de zones \u00e0 risque dans le nord de la Haute-Autriche\u00a0\u00bb, 2002<\/li>\n<\/ul>\n<\/div><div class=\"fusion-title title fusion-title-3 fusion-sep-none fusion-title-text fusion-title-size-two\"><h2 class=\"fusion-title-heading title-heading-left fusion-responsive-typography-calculated\" style=\"margin:0;--fontSize:40;line-height:var(--awb-typography1-line-height);\"><h2>Hydrog\u00e9ologie<\/h2><\/h2><\/div><div class=\"fusion-text fusion-text-2\"><ul>\n<li>Mise en place d&rsquo;un r\u00e9seau de points de mesure pour le WGEV (d\u00e9cret sur le relev\u00e9 de la qualit\u00e9 de l&rsquo;eau) Projet \u00ab\u00a0Relev\u00e9 des points de mesure de la nappe phr\u00e9atique en Haute-Autriche\u00a0\u00bb dans les zones de nappe phr\u00e9atique IV, V et VI, Office du gouvernement r\u00e9gional de Haute-Autriche, 1991\/1992<\/li>\n<li>Mise en place d&rsquo;un r\u00e9seau de points de mesure pour le WGEV (d\u00e9cret sur le relev\u00e9 de la qualit\u00e9 de l&rsquo;eau) Projet \u00ab\u00a0Relev\u00e9 des points de mesure de la nappe phr\u00e9atique de la haute vall\u00e9e de la Mur\u00a0\u00bb (zone de nappe phr\u00e9atique 358, Lungau) Office du gouvernement r\u00e9gional de Salzbourg1995<\/li>\n<li>R\u00e9novation de l&rsquo;usine d&rsquo;eau potable, forage Reutte II, surveillance des travaux, relev\u00e9s et \u00e9valuations g\u00e9ologiques et hydrog\u00e9ologiques, EEE, 1994<\/li>\n<li>Projet \u00ab\u00a0Zone de protection 2 pour les petites alimentations en eau\u00a0\u00bb, BM:LF et Office du gouvernement r\u00e9gional de Haute-Autriche, 1997<\/li>\n<li>Projet \u00ab\u00a0Klam repr\u00e9sentation des conditions g\u00e9ologiques\u00a0\u00bb, Office du gouvernement r\u00e9gional de Haute-Autriche, 1996<\/li>\n<li>Projet \u00ab\u00a0Filtrat de rive comme ressource en eau potable en Haute-Autriche, phase I &#8211; projet pilote\u00a0\u00bb BM:WV et Office du gouvernement r\u00e9gional de Haute-Autriche, 1999<\/li>\n<li>Projet \u00ab\u00a0Exploration g\u00e9ologique des roches cristallines au nord de la Saxen et \u00e9tude de la plaine du Danube en amont et du courant d&rsquo;accompagnement du Danube, \u00e9tudes sismiques\u00a0\u00bb, Office du gouvernement r\u00e9gional de Haute-Autriche 1998<\/li>\n<li>Projet \u00ab\u00a0WG Dietachdorf, proposition de zone prot\u00e9g\u00e9e\u00a0\u00bb (mise \u00e0 la masse, essai de coloration), 1998-1999<\/li>\n<li>Projet \u00ab\u00a0Enqu\u00eate sur l&rsquo;Arteser\u00a0\u00bb dans les communes de Taufkirchen, Rottenbach, Weibern, Hofkirchen et Haag\/H, Office du gouvernement r\u00e9gional de Haute-Autriche 2001<\/li>\n<li>Projet \u00ab\u00a0Visualisation de l\u2019Arteser\u00a0\u00bb BMfBWK et Office du gouvernement r\u00e9gional de Haute-Autriche 2001<\/li>\n<li>Projet \u00ab\u00a0Transfert des communications r\u00e9seau \u2013 Stiedelsbach, calculs hydrauliques\u00a0\u00bb, commune de Losenstein 2003<\/li>\n<li>Projet \u00ab\u00a0M\u00fcnzbach 2, expertise hydrog\u00e9ologique\u00a0\u00bb, Office du gouvernement r\u00e9gional de Haute-Autriche, 2003<\/li>\n<li>Projet \u00ab\u00a0Filtrat de rive comme ressource en eau potable en Haute-Autriche, phase II\u00a0\u00bb BMfBWK et Office du gouvernement r\u00e9gional de Haute-Autriche 2003<\/li>\n<li>Projet \u00ab\u00a0Rabaissement de l\u2019Enns\u00a0\u00bb Ville de Steyr, 2014<\/li>\n<li>Projet \u00ab\u00a0Canal de d\u00e9charge de Steyr\u00a0\u00bb Ville de Steyr, 2014<\/li>\n<\/ul>\n<\/div><div class=\"fusion-title title fusion-title-4 fusion-sep-none fusion-title-text fusion-title-size-two\"><h2 class=\"fusion-title-heading title-heading-left fusion-responsive-typography-calculated\" style=\"margin:0;--fontSize:40;line-height:var(--awb-typography1-line-height);\"><h2>G\u00e9ophysique<\/h2><\/h2><\/div><div class=\"fusion-text fusion-text-3\"><ul>\n<li>Collaborateur ind\u00e9pendant pour des projets et plus tard partenaire de \u00ab\u00a0Joanneum Research\u00a0\u00bb 1980 &#8211; 2001<\/li>\n<li>Sondage g\u00e9o\u00e9lectrique profond Reutte &#8211; L\u00fc\u00dffeld, planification-ex\u00e9cution et \u00e9valuation du sondage, EWR, 1994<\/li>\n<li>Sondage g\u00e9o\u00e9lectrique profond de la d\u00e9charge de Breitenwang, TBGM 1995<\/li>\n<li>Sondage g\u00e9o\u00e9lectrique profond de la d\u00e9charge de N\u00e4sselw\u00e4ngele, TBGM 1995<\/li>\n<li>Sondage g\u00e9o\u00e9lectrique profond \u00e0 Wernstein, commune de Wernstein, 1996<\/li>\n<li>Etude de sismique \u00e0 r\u00e9fraction Wernstein, commune de Wernstein, 1996<\/li>\n<li>Etude de sismique \u00e0 r\u00e9fraction \u00e0 Kopfing, WV-Sauwald, 1996<\/li>\n<li>\u00c9tude de sismique\u00a0\u00e0 r\u00e9fraction Kopfing II, WV-Sauwald, 1996<\/li>\n<li>Mesures g\u00e9ophysiques dans le forage de Mitterndorf 1, WV-Sauwald, 1996<\/li>\n<li>Projet \u00ab\u00a0Exploration g\u00e9ologique des roches cristallines au nord de la Saxen et \u00e9tude de la plaine du Danube en amont et du courant d&rsquo;accompagnement du Danube, \u00e9tudes sismiques\u00a0\u00bb, Office du gouvernement r\u00e9gional de Haute-Autriche, 1998<\/li>\n<li>Projet \u00ab\u00a0WG Dietachdorf, proposition de zone prot\u00e9g\u00e9e\u00a0\u00bb (mise \u00e0 la masse, essai de coloration), 1998-1999<\/li>\n<li>Projet \u00ab\u00a0Nu\u00dfdorf a. Haunsberg, proposition de zone prot\u00e9g\u00e9e\u00a0\u00bb (mesures du potentiel propre pour localiser les captages), 2000<\/li>\n<li>Projet \u00ab\u00a0Visualisation des sables d&rsquo;Atzbach\u00a0\u00bb \u00e9tudes de sismique \u00e0 r\u00e9flexion et g\u00e9o\u00e9lectricit\u00e9 multi-\u00e9lectrodes en collaboration avec Joanneum Research, 2001<\/li>\n<\/ul>\n<\/div><div class=\"fusion-title title fusion-title-5 fusion-sep-none fusion-title-text fusion-title-size-two\"><h2 class=\"fusion-title-heading title-heading-left fusion-responsive-typography-calculated\" style=\"margin:0;--fontSize:40;line-height:var(--awb-typography1-line-height);\"><h2>D\u00e9tection de fuites<\/h2><\/h2><\/div><div class=\"fusion-text fusion-text-4\"><ul>\n<li>Hofer KG (Salzbourg) 2014<\/li>\n<li>Gestion immobili\u00e8re d&rsquo;Innsbruck<\/li>\n<li>Soci\u00e9t\u00e9 immobili\u00e8re f\u00e9d\u00e9rale<\/li>\n<li>Ville de Wels 2014<\/li>\n<li>Hydrologie<\/li>\n<li>ABM Salzbourg centre<\/li>\n<li>\u00c9tang de p\u00eache Waldpoint<\/li>\n<li>Approvisionnement en eau WG Putzleinsdorf<\/li>\n<li>Approvisionnement en eau \u00e0 Unterach<\/li>\n<li>Puits Reutte II<\/li>\n<\/ul>\n<\/div><\/div><\/div><div class=\"fusion-layout-column fusion_builder_column fusion-builder-column-1 fusion_builder_column_1_4 1_4 fusion-flex-column\" style=\"--awb-padding-top:20px;--awb-padding-right:20px;--awb-padding-bottom:20px;--awb-padding-left:20px;--awb-bg-blend:overlay;--awb-bg-size:cover;--awb-border-color:var(--awb-color3);--awb-border-top:1px;--awb-border-right:1px;--awb-border-bottom:1px;--awb-border-left:1px;--awb-border-style:solid;--awb-width-large:25%;--awb-margin-top-large:0px;--awb-spacing-right-large:7.68%;--awb-margin-bottom-large:20px;--awb-spacing-left-large:7.68%;--awb-width-medium:25%;--awb-order-medium:0;--awb-spacing-right-medium:7.68%;--awb-spacing-left-medium:7.68%;--awb-width-small:100%;--awb-order-small:0;--awb-spacing-right-small:1.92%;--awb-spacing-left-small:1.92%;\"><div class=\"fusion-column-wrapper fusion-column-has-shadow fusion-flex-justify-content-flex-start fusion-content-layout-column\"><div class=\"fusion-title title fusion-title-6 fusion-sep-none fusion-title-center fusion-title-text fusion-title-size-five\"><h5 class=\"fusion-title-heading title-heading-center fusion-responsive-typography-calculated\" style=\"margin:0;--fontSize:20;--minFontSize:20;line-height:var(--awb-typography1-line-height);\">S\u2019informer maintenant !<\/h5><\/div><div class=\"fusion-text fusion-text-5\" style=\"--awb-content-alignment:center;\"><p>G\u00e9ologie, hydrog\u00e9ologie &amp; g\u00e9ophysique D\u00e9tection de fuites.<\/p>\n<p>Nous sommes vos experts en g\u00e9ologie &amp; hydrog\u00e9ologie.<\/p>\n<\/div><div style=\"text-align:center;\"><a class=\"fusion-button button-flat fusion-button-default-size button-default fusion-button-default button-1 fusion-button-default-span fusion-button-default-type\" style=\"--button_text_transform:uppercase;\" target=\"_self\" href=\"mailto:office@geocentri.com\"><span class=\"fusion-button-text\">S\u2019INFORMER SANS ENGAGEMENT<\/span><\/a><\/div><\/div><\/div>\n<\/div><\/div>\n","protected":false},"excerpt":{"rendered":"","protected":false},"author":1,"featured_media":0,"parent":0,"menu_order":0,"comment_status":"closed","ping_status":"closed","template":"100-width.php","meta":{"footnotes":""},"yoast_head":"<!-- This site is optimized with the Yoast SEO plugin v22.1 - https:\/\/yoast.com\/wordpress\/plugins\/seo\/ -->\n<title>Projets - geocentricom<\/title>\n<meta name=\"robots\" content=\"index, follow, max-snippet:-1, max-image-preview:large, max-video-preview:-1\" \/>\n<link rel=\"canonical\" href=\"https:\/\/geocentri.com\/fr\/projets\/\" \/>\n<meta property=\"og:locale\" content=\"fr_FR\" \/>\n<meta property=\"og:type\" content=\"article\" \/>\n<meta property=\"og:title\" content=\"Projets - geocentricom\" \/>\n<meta property=\"og:url\" content=\"https:\/\/geocentri.com\/fr\/projets\/\" \/>\n<meta property=\"og:site_name\" content=\"geocentricom\" \/>\n<meta property=\"article:modified_time\" content=\"2024-05-22T15:23:25+00:00\" \/>\n<meta name=\"twitter:card\" content=\"summary_large_image\" \/>\n<meta name=\"twitter:label1\" content=\"Dur\u00e9e de lecture estim\u00e9e\" \/>\n\t<meta name=\"twitter:data1\" content=\"4 minutes\" \/>\n<script type=\"application\/ld+json\" class=\"yoast-schema-graph\">{\"@context\":\"https:\/\/schema.org\",\"@graph\":[{\"@type\":\"WebPage\",\"@id\":\"https:\/\/geocentri.com\/fr\/projets\/\",\"url\":\"https:\/\/geocentri.com\/fr\/projets\/\",\"name\":\"Projets - geocentricom\",\"isPartOf\":{\"@id\":\"https:\/\/geocentri.com\/fr\/#website\"},\"datePublished\":\"2023-07-31T13:20:55+00:00\",\"dateModified\":\"2024-05-22T15:23:25+00:00\",\"breadcrumb\":{\"@id\":\"https:\/\/geocentri.com\/fr\/projets\/#breadcrumb\"},\"inLanguage\":\"fr-FR\",\"potentialAction\":[{\"@type\":\"ReadAction\",\"target\":[\"https:\/\/geocentri.com\/fr\/projets\/\"]}]},{\"@type\":\"BreadcrumbList\",\"@id\":\"https:\/\/geocentri.com\/fr\/projets\/#breadcrumb\",\"itemListElement\":[{\"@type\":\"ListItem\",\"position\":1,\"name\":\"Startseite\",\"item\":\"https:\/\/geocentri.com\/fr\/\"},{\"@type\":\"ListItem\",\"position\":2,\"name\":\"Projets\"}]},{\"@type\":\"WebSite\",\"@id\":\"https:\/\/geocentri.com\/fr\/#website\",\"url\":\"https:\/\/geocentri.com\/fr\/\",\"name\":\"geocentricom\",\"description\":\"\",\"potentialAction\":[{\"@type\":\"SearchAction\",\"target\":{\"@type\":\"EntryPoint\",\"urlTemplate\":\"https:\/\/geocentri.com\/fr\/?s={search_term_string}\"},\"query-input\":\"required name=search_term_string\"}],\"inLanguage\":\"fr-FR\"}]}<\/script>\n<!-- \/ Yoast SEO plugin. -->","yoast_head_json":{"title":"Projets - geocentricom","robots":{"index":"index","follow":"follow","max-snippet":"max-snippet:-1","max-image-preview":"max-image-preview:large","max-video-preview":"max-video-preview:-1"},"canonical":"https:\/\/geocentri.com\/fr\/projets\/","og_locale":"fr_FR","og_type":"article","og_title":"Projets - geocentricom","og_url":"https:\/\/geocentri.com\/fr\/projets\/","og_site_name":"geocentricom","article_modified_time":"2024-05-22T15:23:25+00:00","twitter_card":"summary_large_image","twitter_misc":{"Dur\u00e9e de lecture estim\u00e9e":"4 minutes"},"schema":{"@context":"https:\/\/schema.org","@graph":[{"@type":"WebPage","@id":"https:\/\/geocentri.com\/fr\/projets\/","url":"https:\/\/geocentri.com\/fr\/projets\/","name":"Projets - geocentricom","isPartOf":{"@id":"https:\/\/geocentri.com\/fr\/#website"},"datePublished":"2023-07-31T13:20:55+00:00","dateModified":"2024-05-22T15:23:25+00:00","breadcrumb":{"@id":"https:\/\/geocentri.com\/fr\/projets\/#breadcrumb"},"inLanguage":"fr-FR","potentialAction":[{"@type":"ReadAction","target":["https:\/\/geocentri.com\/fr\/projets\/"]}]},{"@type":"BreadcrumbList","@id":"https:\/\/geocentri.com\/fr\/projets\/#breadcrumb","itemListElement":[{"@type":"ListItem","position":1,"name":"Startseite","item":"https:\/\/geocentri.com\/fr\/"},{"@type":"ListItem","position":2,"name":"Projets"}]},{"@type":"WebSite","@id":"https:\/\/geocentri.com\/fr\/#website","url":"https:\/\/geocentri.com\/fr\/","name":"geocentricom","description":"","potentialAction":[{"@type":"SearchAction","target":{"@type":"EntryPoint","urlTemplate":"https:\/\/geocentri.com\/fr\/?s={search_term_string}"},"query-input":"required name=search_term_string"}],"inLanguage":"fr-FR"}]}},"_links":{"self":[{"href":"https:\/\/geocentri.com\/fr\/wp-json\/wp\/v2\/pages\/514"}],"collection":[{"href":"https:\/\/geocentri.com\/fr\/wp-json\/wp\/v2\/pages"}],"about":[{"href":"https:\/\/geocentri.com\/fr\/wp-json\/wp\/v2\/types\/page"}],"author":[{"embeddable":true,"href":"https:\/\/geocentri.com\/fr\/wp-json\/wp\/v2\/users\/1"}],"replies":[{"embeddable":true,"href":"https:\/\/geocentri.com\/fr\/wp-json\/wp\/v2\/comments?post=514"}],"version-history":[{"count":4,"href":"https:\/\/geocentri.com\/fr\/wp-json\/wp\/v2\/pages\/514\/revisions"}],"predecessor-version":[{"id":631,"href":"https:\/\/geocentri.com\/fr\/wp-json\/wp\/v2\/pages\/514\/revisions\/631"}],"wp:attachment":[{"href":"https:\/\/geocentri.com\/fr\/wp-json\/wp\/v2\/media?parent=514"}],"curies":[{"name":"wp","href":"https:\/\/api.w.org\/{rel}","templated":true}]}}