{"id":499,"date":"2023-07-31T14:38:13","date_gmt":"2023-07-31T12:38:13","guid":{"rendered":"https:\/\/geocentri.com\/eventail-de-services\/"},"modified":"2024-05-22T21:25:19","modified_gmt":"2024-05-22T19:25:19","slug":"gamme-de-services","status":"publish","type":"page","link":"https:\/\/geocentri.com\/fr\/gamme-de-services\/","title":{"rendered":"Gamme de services"},"content":{"rendered":"<div class=\"fusion-fullwidth fullwidth-box fusion-builder-row-1 fusion-flex-container has-pattern-background has-mask-background nonhundred-percent-fullwidth non-hundred-percent-height-scrolling\" style=\"--awb-border-radius-top-left:0px;--awb-border-radius-top-right:0px;--awb-border-radius-bottom-right:0px;--awb-border-radius-bottom-left:0px;--awb-flex-wrap:wrap;\" ><div class=\"fusion-builder-row fusion-row fusion-flex-align-items-flex-start fusion-flex-content-wrap\" style=\"max-width:1248px;margin-left: calc(-4% \/ 2 );margin-right: calc(-4% \/ 2 );\"><div class=\"fusion-layout-column fusion_builder_column fusion-builder-column-0 fusion_builder_column_3_4 3_4 fusion-flex-column\" style=\"--awb-bg-size:cover;--awb-width-large:75%;--awb-margin-top-large:0px;--awb-spacing-right-large:2.56%;--awb-margin-bottom-large:20px;--awb-spacing-left-large:2.56%;--awb-width-medium:75%;--awb-order-medium:0;--awb-spacing-right-medium:2.56%;--awb-spacing-left-medium:2.56%;--awb-width-small:100%;--awb-order-small:0;--awb-spacing-right-small:1.92%;--awb-spacing-left-small:1.92%;\"><div class=\"fusion-column-wrapper fusion-column-has-shadow fusion-flex-justify-content-flex-start fusion-content-layout-column\"><div class=\"fusion-title title fusion-title-1 fusion-sep-none fusion-title-text fusion-title-size-one\"><h1 class=\"fusion-title-heading title-heading-left fusion-responsive-typography-calculated\" style=\"margin:0;--fontSize:46;line-height:var(--awb-typography1-line-height);\">Gamme de services<\/h1><\/div><div class=\"fusion-text fusion-text-1\"><p>Geocentricom propose une gamme compl\u00e8te de services dans le domaine de la g\u00e9ologie, Hydrog\u00e9ologie et g\u00e9ophysique &#8211; d\u00e9tection de fuites. M. Hitzenberger est votre expert en mati\u00e8re de g\u00e9ologie et d&rsquo;hydrog\u00e9ologie.<\/p>\n<\/div><div class=\"awb-gallery-wrapper awb-gallery-wrapper-1 button-span-no\" style=\"--more-btn-alignment:center;\"><div style=\"margin:-12px;--awb-bordersize:0px;\" class=\"fusion-gallery fusion-gallery-container fusion-grid-2 fusion-columns-total-7 fusion-gallery-layout-grid fusion-gallery-1\"><div style=\"padding:12.5px;\" class=\"fusion-grid-column fusion-gallery-column fusion-gallery-column-2 hover-type-zoomin\"><div class=\"fusion-gallery-image\"><a href=\"https:\/\/geocentri.com\/wp-content\/uploads\/2023\/08\/home_gallery_4-15c8b80201.jpg\" rel=\"noreferrer\" data-rel=\"iLightbox[gallery_image_1]\" class=\"fusion-lightbox\" target=\"_self\"><img decoding=\"async\" src=\"https:\/\/geocentri.com\/wp-content\/uploads\/2023\/08\/home_gallery_4-15c8b80201.jpg\" width=\"800\" height=\"400\" alt=\"\" title=\"\" aria-label=\"\" class=\"img-responsive wp-image-256\" srcset=\"https:\/\/geocentri.com\/wp-content\/uploads\/2023\/08\/home_gallery_4-15c8b80201-200x100.jpg 200w, https:\/\/geocentri.com\/wp-content\/uploads\/2023\/08\/home_gallery_4-15c8b80201-400x200.jpg 400w, https:\/\/geocentri.com\/wp-content\/uploads\/2023\/08\/home_gallery_4-15c8b80201-600x300.jpg 600w, https:\/\/geocentri.com\/wp-content\/uploads\/2023\/08\/home_gallery_4-15c8b80201.jpg 800w\" sizes=\"(min-width: 2200px) 100vw, (min-width: 712px) 594px, (min-width: 640px) 712px, \" \/><\/a><\/div><\/div><div style=\"padding:12.5px;\" class=\"fusion-grid-column fusion-gallery-column fusion-gallery-column-2 hover-type-zoomin\"><div class=\"fusion-gallery-image\"><a href=\"https:\/\/geocentri.com\/wp-content\/uploads\/2023\/08\/home_gallery_3-93f4de2847.jpg\" rel=\"noreferrer\" data-rel=\"iLightbox[gallery_image_1]\" class=\"fusion-lightbox\" target=\"_self\"><img decoding=\"async\" src=\"https:\/\/geocentri.com\/wp-content\/uploads\/2023\/08\/home_gallery_3-93f4de2847.jpg\" width=\"800\" height=\"400\" alt=\"\" title=\"\" aria-label=\"\" class=\"img-responsive wp-image-255\" srcset=\"https:\/\/geocentri.com\/wp-content\/uploads\/2023\/08\/home_gallery_3-93f4de2847-200x100.jpg 200w, https:\/\/geocentri.com\/wp-content\/uploads\/2023\/08\/home_gallery_3-93f4de2847-400x200.jpg 400w, https:\/\/geocentri.com\/wp-content\/uploads\/2023\/08\/home_gallery_3-93f4de2847-600x300.jpg 600w, https:\/\/geocentri.com\/wp-content\/uploads\/2023\/08\/home_gallery_3-93f4de2847.jpg 800w\" sizes=\"(min-width: 2200px) 100vw, (min-width: 712px) 594px, (min-width: 640px) 712px, \" \/><\/a><\/div><\/div><div class=\"clearfix\"><\/div><div style=\"padding:12.5px;\" class=\"fusion-grid-column fusion-gallery-column fusion-gallery-column-2 hover-type-zoomin\"><div class=\"fusion-gallery-image\"><a href=\"https:\/\/geocentri.com\/wp-content\/uploads\/2023\/08\/home_gallery_2-148ae2099a.jpg\" rel=\"noreferrer\" data-rel=\"iLightbox[gallery_image_1]\" class=\"fusion-lightbox\" target=\"_self\"><img decoding=\"async\" src=\"https:\/\/geocentri.com\/wp-content\/uploads\/2023\/08\/home_gallery_2-148ae2099a.jpg\" width=\"800\" height=\"400\" alt=\"\" title=\"\" aria-label=\"\" class=\"img-responsive wp-image-254\" srcset=\"https:\/\/geocentri.com\/wp-content\/uploads\/2023\/08\/home_gallery_2-148ae2099a-200x100.jpg 200w, https:\/\/geocentri.com\/wp-content\/uploads\/2023\/08\/home_gallery_2-148ae2099a-400x200.jpg 400w, https:\/\/geocentri.com\/wp-content\/uploads\/2023\/08\/home_gallery_2-148ae2099a-600x300.jpg 600w, https:\/\/geocentri.com\/wp-content\/uploads\/2023\/08\/home_gallery_2-148ae2099a.jpg 800w\" sizes=\"(min-width: 2200px) 100vw, (min-width: 712px) 594px, (min-width: 640px) 712px, \" \/><\/a><\/div><\/div><div style=\"padding:12.5px;\" class=\"fusion-grid-column fusion-gallery-column fusion-gallery-column-2 hover-type-zoomin\"><div class=\"fusion-gallery-image\"><a href=\"https:\/\/geocentri.com\/wp-content\/uploads\/2023\/08\/home_gallery_1-4edce0248f.jpg\" rel=\"noreferrer\" data-rel=\"iLightbox[gallery_image_1]\" class=\"fusion-lightbox\" target=\"_self\"><img decoding=\"async\" src=\"https:\/\/geocentri.com\/wp-content\/uploads\/2023\/08\/home_gallery_1-4edce0248f.jpg\" width=\"800\" height=\"400\" alt=\"\" title=\"\" aria-label=\"\" class=\"img-responsive wp-image-253\" srcset=\"https:\/\/geocentri.com\/wp-content\/uploads\/2023\/08\/home_gallery_1-4edce0248f-200x100.jpg 200w, https:\/\/geocentri.com\/wp-content\/uploads\/2023\/08\/home_gallery_1-4edce0248f-400x200.jpg 400w, https:\/\/geocentri.com\/wp-content\/uploads\/2023\/08\/home_gallery_1-4edce0248f-600x300.jpg 600w, https:\/\/geocentri.com\/wp-content\/uploads\/2023\/08\/home_gallery_1-4edce0248f.jpg 800w\" sizes=\"(min-width: 2200px) 100vw, (min-width: 712px) 594px, (min-width: 640px) 712px, \" \/><\/a><\/div><\/div><div class=\"clearfix\"><\/div><div style=\"padding:12.5px;\" class=\"fusion-grid-column fusion-gallery-column fusion-gallery-column-2 hover-type-zoomin\"><div class=\"fusion-gallery-image\"><a href=\"https:\/\/geocentri.com\/wp-content\/uploads\/2023\/08\/Hitzenberger-21-105d260763.jpg\" rel=\"noreferrer\" data-rel=\"iLightbox[gallery_image_1]\" class=\"fusion-lightbox\" target=\"_self\"><img decoding=\"async\" src=\"https:\/\/geocentri.com\/wp-content\/uploads\/2023\/08\/Hitzenberger-21-105d260763.jpg\" width=\"800\" height=\"400\" alt=\"\" title=\"\" aria-label=\"\" class=\"img-responsive wp-image-252\" srcset=\"https:\/\/geocentri.com\/wp-content\/uploads\/2023\/08\/Hitzenberger-21-105d260763-200x100.jpg 200w, https:\/\/geocentri.com\/wp-content\/uploads\/2023\/08\/Hitzenberger-21-105d260763-400x200.jpg 400w, https:\/\/geocentri.com\/wp-content\/uploads\/2023\/08\/Hitzenberger-21-105d260763-600x300.jpg 600w, https:\/\/geocentri.com\/wp-content\/uploads\/2023\/08\/Hitzenberger-21-105d260763.jpg 800w\" sizes=\"(min-width: 2200px) 100vw, (min-width: 712px) 594px, (min-width: 640px) 712px, \" \/><\/a><\/div><\/div><div style=\"padding:12.5px;\" class=\"fusion-grid-column fusion-gallery-column fusion-gallery-column-2 hover-type-zoomin\"><div class=\"fusion-gallery-image\"><a href=\"https:\/\/geocentri.com\/wp-content\/uploads\/2023\/08\/Hitzenberger-7-f02baa6725.jpg\" rel=\"noreferrer\" data-rel=\"iLightbox[gallery_image_1]\" class=\"fusion-lightbox\" target=\"_self\"><img decoding=\"async\" src=\"https:\/\/geocentri.com\/wp-content\/uploads\/2023\/08\/Hitzenberger-7-f02baa6725.jpg\" width=\"800\" height=\"400\" alt=\"\" title=\"\" aria-label=\"\" class=\"img-responsive wp-image-251\" srcset=\"https:\/\/geocentri.com\/wp-content\/uploads\/2023\/08\/Hitzenberger-7-f02baa6725-200x100.jpg 200w, https:\/\/geocentri.com\/wp-content\/uploads\/2023\/08\/Hitzenberger-7-f02baa6725-400x200.jpg 400w, https:\/\/geocentri.com\/wp-content\/uploads\/2023\/08\/Hitzenberger-7-f02baa6725-600x300.jpg 600w, https:\/\/geocentri.com\/wp-content\/uploads\/2023\/08\/Hitzenberger-7-f02baa6725.jpg 800w\" sizes=\"(min-width: 2200px) 100vw, (min-width: 712px) 594px, (min-width: 640px) 712px, \" \/><\/a><\/div><\/div><div class=\"clearfix\"><\/div><div style=\"padding:12.5px;\" class=\"fusion-grid-column fusion-gallery-column fusion-gallery-column-2 hover-type-zoomin\"><div class=\"fusion-gallery-image\"><a href=\"https:\/\/geocentri.com\/wp-content\/uploads\/2023\/08\/Hitzenberger-1-2-fee4abf3f9.jpg\" rel=\"noreferrer\" data-rel=\"iLightbox[gallery_image_1]\" class=\"fusion-lightbox\" target=\"_self\"><img decoding=\"async\" src=\"https:\/\/geocentri.com\/wp-content\/uploads\/2023\/08\/Hitzenberger-1-2-fee4abf3f9.jpg\" width=\"800\" height=\"400\" alt=\"\" title=\"\" aria-label=\"\" class=\"img-responsive wp-image-250\" srcset=\"https:\/\/geocentri.com\/wp-content\/uploads\/2023\/08\/Hitzenberger-1-2-fee4abf3f9-200x100.jpg 200w, https:\/\/geocentri.com\/wp-content\/uploads\/2023\/08\/Hitzenberger-1-2-fee4abf3f9-400x200.jpg 400w, https:\/\/geocentri.com\/wp-content\/uploads\/2023\/08\/Hitzenberger-1-2-fee4abf3f9-600x300.jpg 600w, https:\/\/geocentri.com\/wp-content\/uploads\/2023\/08\/Hitzenberger-1-2-fee4abf3f9.jpg 800w\" sizes=\"(min-width: 2200px) 100vw, (min-width: 712px) 594px, (min-width: 640px) 712px, \" \/><\/a><\/div><\/div><\/div><\/div><\/div><\/div><div class=\"fusion-layout-column fusion_builder_column fusion-builder-column-1 fusion_builder_column_1_4 1_4 fusion-flex-column\" style=\"--awb-padding-top:20px;--awb-padding-right:20px;--awb-padding-bottom:20px;--awb-padding-left:20px;--awb-bg-blend:overlay;--awb-bg-size:cover;--awb-border-color:var(--awb-color3);--awb-border-top:1px;--awb-border-right:1px;--awb-border-bottom:1px;--awb-border-left:1px;--awb-border-style:solid;--awb-width-large:25%;--awb-margin-top-large:0px;--awb-spacing-right-large:7.68%;--awb-margin-bottom-large:20px;--awb-spacing-left-large:7.68%;--awb-width-medium:25%;--awb-order-medium:0;--awb-spacing-right-medium:7.68%;--awb-spacing-left-medium:7.68%;--awb-width-small:100%;--awb-order-small:0;--awb-spacing-right-small:1.92%;--awb-spacing-left-small:1.92%;\"><div class=\"fusion-column-wrapper fusion-column-has-shadow fusion-flex-justify-content-flex-start fusion-content-layout-column\"><div class=\"fusion-title title fusion-title-2 fusion-sep-none fusion-title-center fusion-title-text fusion-title-size-five\"><h5 class=\"fusion-title-heading title-heading-center fusion-responsive-typography-calculated\" style=\"margin:0;--fontSize:20;--minFontSize:20;line-height:var(--awb-typography1-line-height);\">S\u2019informer maintenant !<\/h5><\/div><div class=\"fusion-text fusion-text-2\" style=\"--awb-content-alignment:center;\"><p>G\u00e9ologie, hydrog\u00e9ologie &amp; g\u00e9ophysique D\u00e9tection de fuites.<\/p>\n<p>Nous sommes vos experts en g\u00e9ologie &amp; hydrog\u00e9ologie.<\/p>\n<\/div><div style=\"text-align:center;\"><a class=\"fusion-button button-flat fusion-button-default-size button-default fusion-button-default button-1 fusion-button-default-span fusion-button-default-type\" style=\"--button_text_transform:uppercase;\" target=\"_self\" href=\"mailto:office@geocentri.com\"><span class=\"fusion-button-text\">S\u2019INFORMER SANS ENGAGEMENT<\/span><\/a><\/div><\/div><\/div>\n<\/div><\/div>\n","protected":false},"excerpt":{"rendered":"","protected":false},"author":1,"featured_media":0,"parent":0,"menu_order":0,"comment_status":"closed","ping_status":"closed","template":"100-width.php","meta":{"footnotes":""},"yoast_head":"<!-- This site is optimized with the Yoast SEO plugin v22.1 - https:\/\/yoast.com\/wordpress\/plugins\/seo\/ -->\n<title>Gamme de services - geocentricom<\/title>\n<meta name=\"robots\" content=\"index, follow, max-snippet:-1, max-image-preview:large, max-video-preview:-1\" \/>\n<link rel=\"canonical\" href=\"https:\/\/geocentri.com\/fr\/gamme-de-services\/\" \/>\n<meta property=\"og:locale\" content=\"fr_FR\" \/>\n<meta property=\"og:type\" content=\"article\" \/>\n<meta property=\"og:title\" content=\"Gamme de services - geocentricom\" \/>\n<meta property=\"og:url\" content=\"https:\/\/geocentri.com\/fr\/gamme-de-services\/\" \/>\n<meta property=\"og:site_name\" content=\"geocentricom\" \/>\n<meta property=\"article:modified_time\" content=\"2024-05-22T19:25:19+00:00\" \/>\n<meta name=\"twitter:card\" content=\"summary_large_image\" \/>\n<meta name=\"twitter:label1\" content=\"Dur\u00e9e de lecture estim\u00e9e\" \/>\n\t<meta name=\"twitter:data1\" content=\"2 minutes\" \/>\n<script type=\"application\/ld+json\" class=\"yoast-schema-graph\">{\"@context\":\"https:\/\/schema.org\",\"@graph\":[{\"@type\":\"WebPage\",\"@id\":\"https:\/\/geocentri.com\/fr\/gamme-de-services\/\",\"url\":\"https:\/\/geocentri.com\/fr\/gamme-de-services\/\",\"name\":\"Gamme de services - geocentricom\",\"isPartOf\":{\"@id\":\"https:\/\/geocentri.com\/fr\/#website\"},\"datePublished\":\"2023-07-31T12:38:13+00:00\",\"dateModified\":\"2024-05-22T19:25:19+00:00\",\"breadcrumb\":{\"@id\":\"https:\/\/geocentri.com\/fr\/gamme-de-services\/#breadcrumb\"},\"inLanguage\":\"fr-FR\",\"potentialAction\":[{\"@type\":\"ReadAction\",\"target\":[\"https:\/\/geocentri.com\/fr\/gamme-de-services\/\"]}]},{\"@type\":\"BreadcrumbList\",\"@id\":\"https:\/\/geocentri.com\/fr\/gamme-de-services\/#breadcrumb\",\"itemListElement\":[{\"@type\":\"ListItem\",\"position\":1,\"name\":\"Startseite\",\"item\":\"https:\/\/geocentri.com\/fr\/\"},{\"@type\":\"ListItem\",\"position\":2,\"name\":\"Gamme de services\"}]},{\"@type\":\"WebSite\",\"@id\":\"https:\/\/geocentri.com\/fr\/#website\",\"url\":\"https:\/\/geocentri.com\/fr\/\",\"name\":\"geocentricom\",\"description\":\"\",\"potentialAction\":[{\"@type\":\"SearchAction\",\"target\":{\"@type\":\"EntryPoint\",\"urlTemplate\":\"https:\/\/geocentri.com\/fr\/?s={search_term_string}\"},\"query-input\":\"required name=search_term_string\"}],\"inLanguage\":\"fr-FR\"}]}<\/script>\n<!-- \/ Yoast SEO plugin. -->","yoast_head_json":{"title":"Gamme de services - geocentricom","robots":{"index":"index","follow":"follow","max-snippet":"max-snippet:-1","max-image-preview":"max-image-preview:large","max-video-preview":"max-video-preview:-1"},"canonical":"https:\/\/geocentri.com\/fr\/gamme-de-services\/","og_locale":"fr_FR","og_type":"article","og_title":"Gamme de services - geocentricom","og_url":"https:\/\/geocentri.com\/fr\/gamme-de-services\/","og_site_name":"geocentricom","article_modified_time":"2024-05-22T19:25:19+00:00","twitter_card":"summary_large_image","twitter_misc":{"Dur\u00e9e de lecture estim\u00e9e":"2 minutes"},"schema":{"@context":"https:\/\/schema.org","@graph":[{"@type":"WebPage","@id":"https:\/\/geocentri.com\/fr\/gamme-de-services\/","url":"https:\/\/geocentri.com\/fr\/gamme-de-services\/","name":"Gamme de services - geocentricom","isPartOf":{"@id":"https:\/\/geocentri.com\/fr\/#website"},"datePublished":"2023-07-31T12:38:13+00:00","dateModified":"2024-05-22T19:25:19+00:00","breadcrumb":{"@id":"https:\/\/geocentri.com\/fr\/gamme-de-services\/#breadcrumb"},"inLanguage":"fr-FR","potentialAction":[{"@type":"ReadAction","target":["https:\/\/geocentri.com\/fr\/gamme-de-services\/"]}]},{"@type":"BreadcrumbList","@id":"https:\/\/geocentri.com\/fr\/gamme-de-services\/#breadcrumb","itemListElement":[{"@type":"ListItem","position":1,"name":"Startseite","item":"https:\/\/geocentri.com\/fr\/"},{"@type":"ListItem","position":2,"name":"Gamme de services"}]},{"@type":"WebSite","@id":"https:\/\/geocentri.com\/fr\/#website","url":"https:\/\/geocentri.com\/fr\/","name":"geocentricom","description":"","potentialAction":[{"@type":"SearchAction","target":{"@type":"EntryPoint","urlTemplate":"https:\/\/geocentri.com\/fr\/?s={search_term_string}"},"query-input":"required name=search_term_string"}],"inLanguage":"fr-FR"}]}},"_links":{"self":[{"href":"https:\/\/geocentri.com\/fr\/wp-json\/wp\/v2\/pages\/499"}],"collection":[{"href":"https:\/\/geocentri.com\/fr\/wp-json\/wp\/v2\/pages"}],"about":[{"href":"https:\/\/geocentri.com\/fr\/wp-json\/wp\/v2\/types\/page"}],"author":[{"embeddable":true,"href":"https:\/\/geocentri.com\/fr\/wp-json\/wp\/v2\/users\/1"}],"replies":[{"embeddable":true,"href":"https:\/\/geocentri.com\/fr\/wp-json\/wp\/v2\/comments?post=499"}],"version-history":[{"count":6,"href":"https:\/\/geocentri.com\/fr\/wp-json\/wp\/v2\/pages\/499\/revisions"}],"predecessor-version":[{"id":707,"href":"https:\/\/geocentri.com\/fr\/wp-json\/wp\/v2\/pages\/499\/revisions\/707"}],"wp:attachment":[{"href":"https:\/\/geocentri.com\/fr\/wp-json\/wp\/v2\/media?parent=499"}],"curies":[{"name":"wp","href":"https:\/\/api.w.org\/{rel}","templated":true}]}}