{"id":493,"date":"2023-07-31T16:05:53","date_gmt":"2023-07-31T14:05:53","guid":{"rendered":"https:\/\/geocentri.com\/detection-des-fuites\/"},"modified":"2024-05-22T17:03:48","modified_gmt":"2024-05-22T15:03:48","slug":"detection-des-fuites","status":"publish","type":"page","link":"https:\/\/geocentri.com\/fr\/detection-des-fuites\/","title":{"rendered":"D\u00e9tection des fuites"},"content":{"rendered":"<div class=\"fusion-fullwidth fullwidth-box fusion-builder-row-1 fusion-flex-container has-pattern-background has-mask-background nonhundred-percent-fullwidth non-hundred-percent-height-scrolling\" style=\"--awb-border-radius-top-left:0px;--awb-border-radius-top-right:0px;--awb-border-radius-bottom-right:0px;--awb-border-radius-bottom-left:0px;--awb-flex-wrap:wrap;\" ><div class=\"fusion-builder-row fusion-row fusion-flex-align-items-flex-start fusion-flex-content-wrap\" style=\"max-width:1248px;margin-left: calc(-4% \/ 2 );margin-right: calc(-4% \/ 2 );\"><div class=\"fusion-layout-column fusion_builder_column fusion-builder-column-0 fusion_builder_column_3_4 3_4 fusion-flex-column\" style=\"--awb-bg-size:cover;--awb-width-large:75%;--awb-margin-top-large:0px;--awb-spacing-right-large:2.56%;--awb-margin-bottom-large:20px;--awb-spacing-left-large:2.56%;--awb-width-medium:75%;--awb-order-medium:0;--awb-spacing-right-medium:2.56%;--awb-spacing-left-medium:2.56%;--awb-width-small:100%;--awb-order-small:0;--awb-spacing-right-small:1.92%;--awb-spacing-left-small:1.92%;\"><div class=\"fusion-column-wrapper fusion-column-has-shadow fusion-flex-justify-content-flex-start fusion-content-layout-column\"><div class=\"fusion-title title fusion-title-1 fusion-sep-none fusion-title-text fusion-title-size-one\"><h1 class=\"fusion-title-heading title-heading-left fusion-responsive-typography-calculated\" style=\"margin:0;--fontSize:46;line-height:var(--awb-typography1-line-height);\"><h1>D\u00e9tection de fuites<\/h1><\/h1><\/div><div class=\"fusion-text fusion-text-1\"><p>Description de la m\u00e9thode de localisation des fissures et des fuites \u00e0 l&rsquo;aide du MLM, un ensemble de m\u00e9thodes comprenant la m\u00e9thode du potentiel en courant continu et la mesure de la r\u00e9sistance. Le sol, les murs et l&rsquo;\u00e9tanch\u00e9it\u00e9 du toit fuient \u00e0 un ou plusieurs endroits, laissant l&rsquo;eau s&rsquo;infiltrer dans la structure ou le b\u00e2timent.<\/p>\n<\/div><div class=\"fusion-title title fusion-title-2 fusion-sep-none fusion-title-text fusion-title-size-two\"><h2 class=\"fusion-title-heading title-heading-left fusion-responsive-typography-calculated\" style=\"margin:0;--fontSize:40;line-height:var(--awb-typography1-line-height);\">Mesure du potentiel<\/h2><\/div><div class=\"fusion-text fusion-text-2\"><p>Pour la mesure du potentiel, il est n\u00e9cessaire de placer une \u00e9lectrode dans les zones humides. De l&rsquo;eau doit \u00eatre pr\u00e9sente, de pr\u00e9f\u00e9rence apr\u00e8s une p\u00e9riode de pluie. Les surfaces \u00e0 analyser doivent \u00eatre librement accessibles. Un plan d&rsquo;installation (conduites d&rsquo;arriv\u00e9e et de d\u00e9part d&rsquo;eau, lignes \u00e9lectriques, etc.) devrait \u00eatre disponible avant le d\u00e9but des mesures.<\/p>\n<p>Les mesures peuvent \u00eatre effectu\u00e9es \u00e0 l&rsquo;int\u00e9rieur ou \u00e0 l&rsquo;ext\u00e9rieur, selon les circonstances.<\/p>\n<p><strong>MLM\/p (Multiple Leackage Measurement \/ Potential)<\/strong> est une m\u00e9thode que j&rsquo;ai d\u00e9velopp\u00e9e pour d\u00e9tecter les fissures ou les points de fuite et donc les infiltrations d&rsquo;eau dans les b\u00e2timents. Il s&rsquo;agit d&rsquo;une m\u00e9thode \u00e0 courant continu, dans laquelle un courant constant est inject\u00e9 dans le sol et le b\u00e2timent via deux \u00e9lectrodes. Ensuite, le champ de potentiel est pr\u00e9lev\u00e9 dans le b\u00e2timent ou \u00e0 l&rsquo;ext\u00e9rieur du b\u00e2timent par deux autres \u00e9lectrodes. Le signal est enregistr\u00e9 \u00e0 l&rsquo;aide d&rsquo;appareils de mesure num\u00e9riques et analogiques, puis trait\u00e9 par ordinateur afin de d\u00e9terminer les zones endommag\u00e9es.<\/p>\n<p>Le r\u00e9sultat est une repr\u00e9sentation de la ligne de stratification avec les points d&rsquo;entr\u00e9e d\u00e9termin\u00e9s comme maxima.<\/p>\n<p><strong>Le MLM\/p<\/strong> d\u00e9tecte les points de fuite en pr\u00e9sence d&rsquo;eau en fonction de la connexion \u00e0 la source d&rsquo;alimentation et \u00e9tablit une relation entre le point de fuite et le point d&rsquo;alimentation en glace.<\/p>\n<p><strong>Le MLM\/e (Multiple Leackage Measurement \/ potentiel propre)<\/strong> \u00e9tablit une relation entre une \u00e9lectrode murale et une \u00e9lectrode de r\u00e9f\u00e9rence. L&rsquo;\u00e9lectrode de paroi a un potentiel diff\u00e9rent \u00e0 chaque point de mesure en raison de la situation diff\u00e9rente du sous-sol (teneur en eau).<\/p>\n<p>Le r\u00e9sultat est une repr\u00e9sentation lin\u00e9aire en couches de la saturation en eau d\u00e9termin\u00e9e.<\/p>\n<\/div><div class=\"fusion-title title fusion-title-3 fusion-sep-none fusion-title-text fusion-title-size-two\"><h2 class=\"fusion-title-heading title-heading-left fusion-responsive-typography-calculated\" style=\"margin:0;--fontSize:40;line-height:var(--awb-typography1-line-height);\">R\u00e9sistance murale<\/h2><\/div><div class=\"fusion-text fusion-text-3\"><p>En alternative ou en compl\u00e9ment, il est \u00e9galement possible de mesurer directement la r\u00e9sistance de la paroi. Pour cela, il faut d&rsquo;abord mesurer quelques points de r\u00e9f\u00e9rence afin d&rsquo;obtenir une valeur de correction.<\/p>\n<p>L&rsquo;intensit\u00e9 du courant est alors choisie de mani\u00e8re \u00e0 ce qu&rsquo;elle ne puisse justement pas \u00eatre atteinte avec la tension r\u00e9gl\u00e9e. Un effondrement de la tension ou la plus grande puissance marquent les points d\u00e9fectueux.<\/p>\n<p><strong>MLM\/k (Multiple Leackage Measurement \/ Capacit\u00e9)<\/strong> est la premi\u00e8re valeur mesur\u00e9e et donne des informations sur la teneur en humidit\u00e9.<\/p>\n<p>Le r\u00e9sultat est une repr\u00e9sentation lin\u00e9aire des couches des teneurs en humidit\u00e9 d\u00e9termin\u00e9es.<\/p>\n<\/div><div class=\"fusion-title title fusion-title-4 fusion-sep-none fusion-title-text fusion-title-size-two\"><h2 class=\"fusion-title-heading title-heading-left fusion-responsive-typography-calculated\" style=\"margin:0;--fontSize:40;line-height:var(--awb-typography1-line-height);\">R\u00e9sultat et dur\u00e9e<\/h2><\/div><div class=\"fusion-text fusion-text-4\"><p>La dur\u00e9e de la mesure d\u00e9pend de la taille de l&rsquo;objet \u00e0 mesurer et s&rsquo;\u00e9l\u00e8ve, apr\u00e8s l&rsquo;installation des appareils de mesure, \u00e0 environ 2 \u00e0 4 heures par cycle de mesure pour un objet d&rsquo;une surface maximale d&rsquo;environ 200 m<sup>2<\/sup>. Pendant la dur\u00e9e de la mesure, l&rsquo;ensemble de la zone de mesure ne devrait \u00eatre accessible qu&rsquo;au personnel de mesure.<\/p>\n<p>Une fois la mesure termin\u00e9e, les donn\u00e9es sont pr\u00e9sent\u00e9es et d\u00e9crites dans un plan des lignes de stratification et les zones endommag\u00e9es ainsi que leur propagation dans un rapport succinct.<\/p>\n<p><strong>Exemple de r\u00e9sultat de mesure :<\/strong><\/p>\n<p>&#8212;<\/p>\n<p><em>Illustration : MLM\/p repr\u00e9sentation graphique du r\u00e9sultat de la mesure<\/em><\/p>\n<\/div><\/div><\/div><div class=\"fusion-layout-column fusion_builder_column fusion-builder-column-1 fusion_builder_column_1_4 1_4 fusion-flex-column\" style=\"--awb-padding-top:20px;--awb-padding-right:20px;--awb-padding-bottom:20px;--awb-padding-left:20px;--awb-bg-blend:overlay;--awb-bg-size:cover;--awb-border-color:var(--awb-color3);--awb-border-top:1px;--awb-border-right:1px;--awb-border-bottom:1px;--awb-border-left:1px;--awb-border-style:solid;--awb-width-large:25%;--awb-margin-top-large:0px;--awb-spacing-right-large:7.68%;--awb-margin-bottom-large:20px;--awb-spacing-left-large:7.68%;--awb-width-medium:25%;--awb-order-medium:0;--awb-spacing-right-medium:7.68%;--awb-spacing-left-medium:7.68%;--awb-width-small:100%;--awb-order-small:0;--awb-spacing-right-small:1.92%;--awb-spacing-left-small:1.92%;\"><div class=\"fusion-column-wrapper fusion-column-has-shadow fusion-flex-justify-content-flex-start fusion-content-layout-column\"><div class=\"fusion-title title fusion-title-5 fusion-sep-none fusion-title-center fusion-title-text fusion-title-size-five\"><h5 class=\"fusion-title-heading title-heading-center fusion-responsive-typography-calculated\" style=\"margin:0;--fontSize:20;--minFontSize:20;line-height:var(--awb-typography1-line-height);\">S\u2019informer maintenant !<\/h5><\/div><div class=\"fusion-text fusion-text-5\" style=\"--awb-content-alignment:center;\"><p>G\u00e9ologie, hydrog\u00e9ologie &amp; g\u00e9ophysique D\u00e9tection de fuites.<\/p>\n<p>Nous sommes vos experts en g\u00e9ologie &amp; hydrog\u00e9ologie.<\/p>\n<\/div><div style=\"text-align:center;\"><a class=\"fusion-button button-flat fusion-button-default-size button-default fusion-button-default button-1 fusion-button-default-span fusion-button-default-type\" style=\"--button_text_transform:uppercase;\" target=\"_self\" href=\"mailto:office@geocentri.com\"><span class=\"fusion-button-text\">S\u2019INFORMER SANS ENGAGEMENT<\/span><\/a><\/div><\/div><\/div>\n<\/div><\/div>\n","protected":false},"excerpt":{"rendered":"","protected":false},"author":1,"featured_media":0,"parent":0,"menu_order":0,"comment_status":"closed","ping_status":"closed","template":"100-width.php","meta":{"footnotes":""},"yoast_head":"<!-- This site is optimized with the Yoast SEO plugin v22.1 - https:\/\/yoast.com\/wordpress\/plugins\/seo\/ -->\n<title>D\u00e9tection des fuites - geocentricom<\/title>\n<meta name=\"robots\" content=\"index, follow, max-snippet:-1, max-image-preview:large, max-video-preview:-1\" \/>\n<link rel=\"canonical\" href=\"https:\/\/geocentri.com\/fr\/detection-des-fuites\/\" \/>\n<meta property=\"og:locale\" content=\"fr_FR\" \/>\n<meta property=\"og:type\" content=\"article\" \/>\n<meta property=\"og:title\" content=\"D\u00e9tection des fuites - geocentricom\" \/>\n<meta property=\"og:url\" content=\"https:\/\/geocentri.com\/fr\/detection-des-fuites\/\" \/>\n<meta property=\"og:site_name\" content=\"geocentricom\" \/>\n<meta property=\"article:modified_time\" content=\"2024-05-22T15:03:48+00:00\" \/>\n<meta name=\"twitter:card\" content=\"summary_large_image\" \/>\n<meta name=\"twitter:label1\" content=\"Dur\u00e9e de lecture estim\u00e9e\" \/>\n\t<meta name=\"twitter:data1\" content=\"4 minutes\" \/>\n<script type=\"application\/ld+json\" class=\"yoast-schema-graph\">{\"@context\":\"https:\/\/schema.org\",\"@graph\":[{\"@type\":\"WebPage\",\"@id\":\"https:\/\/geocentri.com\/fr\/detection-des-fuites\/\",\"url\":\"https:\/\/geocentri.com\/fr\/detection-des-fuites\/\",\"name\":\"D\u00e9tection des fuites - geocentricom\",\"isPartOf\":{\"@id\":\"https:\/\/geocentri.com\/fr\/#website\"},\"datePublished\":\"2023-07-31T14:05:53+00:00\",\"dateModified\":\"2024-05-22T15:03:48+00:00\",\"breadcrumb\":{\"@id\":\"https:\/\/geocentri.com\/fr\/detection-des-fuites\/#breadcrumb\"},\"inLanguage\":\"fr-FR\",\"potentialAction\":[{\"@type\":\"ReadAction\",\"target\":[\"https:\/\/geocentri.com\/fr\/detection-des-fuites\/\"]}]},{\"@type\":\"BreadcrumbList\",\"@id\":\"https:\/\/geocentri.com\/fr\/detection-des-fuites\/#breadcrumb\",\"itemListElement\":[{\"@type\":\"ListItem\",\"position\":1,\"name\":\"Startseite\",\"item\":\"https:\/\/geocentri.com\/fr\/\"},{\"@type\":\"ListItem\",\"position\":2,\"name\":\"D\u00e9tection des fuites\"}]},{\"@type\":\"WebSite\",\"@id\":\"https:\/\/geocentri.com\/fr\/#website\",\"url\":\"https:\/\/geocentri.com\/fr\/\",\"name\":\"geocentricom\",\"description\":\"\",\"potentialAction\":[{\"@type\":\"SearchAction\",\"target\":{\"@type\":\"EntryPoint\",\"urlTemplate\":\"https:\/\/geocentri.com\/fr\/?s={search_term_string}\"},\"query-input\":\"required name=search_term_string\"}],\"inLanguage\":\"fr-FR\"}]}<\/script>\n<!-- \/ Yoast SEO plugin. -->","yoast_head_json":{"title":"D\u00e9tection des fuites - geocentricom","robots":{"index":"index","follow":"follow","max-snippet":"max-snippet:-1","max-image-preview":"max-image-preview:large","max-video-preview":"max-video-preview:-1"},"canonical":"https:\/\/geocentri.com\/fr\/detection-des-fuites\/","og_locale":"fr_FR","og_type":"article","og_title":"D\u00e9tection des fuites - geocentricom","og_url":"https:\/\/geocentri.com\/fr\/detection-des-fuites\/","og_site_name":"geocentricom","article_modified_time":"2024-05-22T15:03:48+00:00","twitter_card":"summary_large_image","twitter_misc":{"Dur\u00e9e de lecture estim\u00e9e":"4 minutes"},"schema":{"@context":"https:\/\/schema.org","@graph":[{"@type":"WebPage","@id":"https:\/\/geocentri.com\/fr\/detection-des-fuites\/","url":"https:\/\/geocentri.com\/fr\/detection-des-fuites\/","name":"D\u00e9tection des fuites - geocentricom","isPartOf":{"@id":"https:\/\/geocentri.com\/fr\/#website"},"datePublished":"2023-07-31T14:05:53+00:00","dateModified":"2024-05-22T15:03:48+00:00","breadcrumb":{"@id":"https:\/\/geocentri.com\/fr\/detection-des-fuites\/#breadcrumb"},"inLanguage":"fr-FR","potentialAction":[{"@type":"ReadAction","target":["https:\/\/geocentri.com\/fr\/detection-des-fuites\/"]}]},{"@type":"BreadcrumbList","@id":"https:\/\/geocentri.com\/fr\/detection-des-fuites\/#breadcrumb","itemListElement":[{"@type":"ListItem","position":1,"name":"Startseite","item":"https:\/\/geocentri.com\/fr\/"},{"@type":"ListItem","position":2,"name":"D\u00e9tection des fuites"}]},{"@type":"WebSite","@id":"https:\/\/geocentri.com\/fr\/#website","url":"https:\/\/geocentri.com\/fr\/","name":"geocentricom","description":"","potentialAction":[{"@type":"SearchAction","target":{"@type":"EntryPoint","urlTemplate":"https:\/\/geocentri.com\/fr\/?s={search_term_string}"},"query-input":"required name=search_term_string"}],"inLanguage":"fr-FR"}]}},"_links":{"self":[{"href":"https:\/\/geocentri.com\/fr\/wp-json\/wp\/v2\/pages\/493"}],"collection":[{"href":"https:\/\/geocentri.com\/fr\/wp-json\/wp\/v2\/pages"}],"about":[{"href":"https:\/\/geocentri.com\/fr\/wp-json\/wp\/v2\/types\/page"}],"author":[{"embeddable":true,"href":"https:\/\/geocentri.com\/fr\/wp-json\/wp\/v2\/users\/1"}],"replies":[{"embeddable":true,"href":"https:\/\/geocentri.com\/fr\/wp-json\/wp\/v2\/comments?post=493"}],"version-history":[{"count":4,"href":"https:\/\/geocentri.com\/fr\/wp-json\/wp\/v2\/pages\/493\/revisions"}],"predecessor-version":[{"id":623,"href":"https:\/\/geocentri.com\/fr\/wp-json\/wp\/v2\/pages\/493\/revisions\/623"}],"wp:attachment":[{"href":"https:\/\/geocentri.com\/fr\/wp-json\/wp\/v2\/media?parent=493"}],"curies":[{"name":"wp","href":"https:\/\/api.w.org\/{rel}","templated":true}]}}