{"id":454,"date":"2023-07-31T15:10:32","date_gmt":"2023-07-31T13:10:32","guid":{"rendered":"https:\/\/geocentri.com\/hydrogeologie\/"},"modified":"2024-05-22T16:23:07","modified_gmt":"2024-05-22T14:23:07","slug":"hydrogeologie","status":"publish","type":"page","link":"https:\/\/geocentri.com\/fr\/hydrogeologie\/","title":{"rendered":"Hydrog\u00e9ologie"},"content":{"rendered":"<p><div class=\"fusion-fullwidth fullwidth-box fusion-builder-row-1 fusion-flex-container has-pattern-background has-mask-background nonhundred-percent-fullwidth non-hundred-percent-height-scrolling\" style=\"--awb-border-radius-top-left:0px;--awb-border-radius-top-right:0px;--awb-border-radius-bottom-right:0px;--awb-border-radius-bottom-left:0px;--awb-flex-wrap:wrap;\" ><div class=\"fusion-builder-row fusion-row fusion-flex-align-items-flex-start fusion-flex-content-wrap\" style=\"max-width:1248px;margin-left: calc(-4% \/ 2 );margin-right: calc(-4% \/ 2 );\"><div class=\"fusion-layout-column fusion_builder_column fusion-builder-column-0 fusion_builder_column_3_4 3_4 fusion-flex-column\" style=\"--awb-bg-size:cover;--awb-width-large:75%;--awb-margin-top-large:0px;--awb-spacing-right-large:2.56%;--awb-margin-bottom-large:20px;--awb-spacing-left-large:2.56%;--awb-width-medium:75%;--awb-order-medium:0;--awb-spacing-right-medium:2.56%;--awb-spacing-left-medium:2.56%;--awb-width-small:100%;--awb-order-small:0;--awb-spacing-right-small:1.92%;--awb-spacing-left-small:1.92%;\"><div class=\"fusion-column-wrapper fusion-column-has-shadow fusion-flex-justify-content-flex-start fusion-content-layout-column\"><div class=\"fusion-title title fusion-title-1 fusion-sep-none fusion-title-text fusion-title-size-one\"><h1 class=\"fusion-title-heading title-heading-left fusion-responsive-typography-calculated\" style=\"margin:0;--fontSize:46;line-height:var(--awb-typography1-line-height);\">Hydrog\u00e9ologie<\/h1><\/div><div class=\"fusion-text fusion-text-1\"><p>Les points forts de l&rsquo;hydrog\u00e9ologie comprennent l&rsquo;\u00e9tude de projet pour la construction et l&rsquo;assainissement de captages de sources et de puits, y compris toutes les enqu\u00eates et \u00e9tudes pr\u00e9liminaires ainsi que l&rsquo;appel d&rsquo;offres conforme aux normes. Bien entendu, nous nous chargeons \u00e9galement de la surveillance des travaux, de la d\u00e9termination de la capacit\u00e9 des puits (essai de pompage), de l&rsquo;\u00e9laboration de la proposition de zone de protection ainsi que de la r\u00e9daction des documents \u00e0 soumettre aux autorit\u00e9s. Le dimensionnement des zones prot\u00e9g\u00e9es constitue un autre point fort. Nous proposons \u00e9galement des constatations de dommages et des propositions d&rsquo;assainissement.<\/p>\n<\/div><\/div><\/div><div class=\"fusion-layout-column fusion_builder_column fusion-builder-column-1 fusion_builder_column_1_4 1_4 fusion-flex-column\" style=\"--awb-padding-top:20px;--awb-padding-right:20px;--awb-padding-bottom:20px;--awb-padding-left:20px;--awb-bg-blend:overlay;--awb-bg-size:cover;--awb-border-color:var(--awb-color3);--awb-border-top:1px;--awb-border-right:1px;--awb-border-bottom:1px;--awb-border-left:1px;--awb-border-style:solid;--awb-width-large:25%;--awb-margin-top-large:0px;--awb-spacing-right-large:7.68%;--awb-margin-bottom-large:20px;--awb-spacing-left-large:7.68%;--awb-width-medium:25%;--awb-order-medium:0;--awb-spacing-right-medium:7.68%;--awb-spacing-left-medium:7.68%;--awb-width-small:100%;--awb-order-small:0;--awb-spacing-right-small:1.92%;--awb-spacing-left-small:1.92%;\"><div class=\"fusion-column-wrapper fusion-column-has-shadow fusion-flex-justify-content-flex-start fusion-content-layout-column\"><div class=\"fusion-title title fusion-title-2 fusion-sep-none fusion-title-center fusion-title-text fusion-title-size-five\"><h5 class=\"fusion-title-heading title-heading-center fusion-responsive-typography-calculated\" style=\"margin:0;--fontSize:20;--minFontSize:20;line-height:var(--awb-typography1-line-height);\">S\u2019informer maintenant !<\/h5><\/div><div class=\"fusion-text fusion-text-2\" style=\"--awb-content-alignment:center;\"><p>G\u00e9ologie, hydrog\u00e9ologie &amp; g\u00e9ophysique D\u00e9tection de fuites.<\/p>\n<p>Nous sommes vos experts en g\u00e9ologie &amp; hydrog\u00e9ologie.<\/p>\n<\/div><div style=\"text-align:center;\"><a class=\"fusion-button button-flat fusion-button-default-size button-default fusion-button-default button-1 fusion-button-default-span fusion-button-default-type\" style=\"--button_text_transform:uppercase;\" target=\"_self\" href=\"mailto:office@geocentri.com\"><span class=\"fusion-button-text\">S\u2019INFORMER SANS ENGAGEMENT<\/span><\/a><\/div><\/div><\/div>\n<\/div><\/div><div class=\"fusion-fullwidth fullwidth-box fusion-builder-row-2 fusion-flex-container has-pattern-background has-mask-background nonhundred-percent-fullwidth non-hundred-percent-height-scrolling\" style=\"--awb-border-radius-top-left:0px;--awb-border-radius-top-right:0px;--awb-border-radius-bottom-right:0px;--awb-border-radius-bottom-left:0px;--awb-background-color:var(--awb-color3);--awb-flex-wrap:wrap;\" ><div class=\"fusion-builder-row fusion-row fusion-flex-align-items-flex-start fusion-flex-content-wrap\" style=\"max-width:1248px;margin-left: calc(-4% \/ 2 );margin-right: calc(-4% \/ 2 );\"><div class=\"fusion-layout-column fusion_builder_column fusion-builder-column-2 fusion_builder_column_3_4 3_4 fusion-flex-column\" style=\"--awb-bg-size:cover;--awb-width-large:75%;--awb-margin-top-large:0px;--awb-spacing-right-large:2.56%;--awb-margin-bottom-large:20px;--awb-spacing-left-large:2.56%;--awb-width-medium:75%;--awb-order-medium:0;--awb-spacing-right-medium:2.56%;--awb-spacing-left-medium:2.56%;--awb-width-small:100%;--awb-order-small:0;--awb-spacing-right-small:1.92%;--awb-spacing-left-small:1.92%;\"><div class=\"fusion-column-wrapper fusion-column-has-shadow fusion-flex-justify-content-flex-start fusion-content-layout-column\"><div class=\"fusion-title title fusion-title-3 fusion-sep-none fusion-title-text fusion-title-size-three\"><h3 class=\"fusion-title-heading title-heading-left fusion-responsive-typography-calculated\" style=\"margin:0;--fontSize:32;line-height:var(--awb-typography1-line-height);\">R\u00e9f\u00e9rences<\/h3><\/div><div class=\"fusion-text fusion-text-3\"><ul>\n<li>Commune de Reutte, puits, d\u00e9signation d&rsquo;une zone prot\u00e9g\u00e9e<\/li>\n<li>WV Sauwald, puits d&rsquo;essai<\/li>\n<li>Soci\u00e9t\u00e9 Spitz, puits d&rsquo;essai<\/li>\n<li>Espaces prot\u00e9g\u00e9s WG Dietachdorf<\/li>\n<li>Espaces prot\u00e9g\u00e9s WG Nussdorf<\/li>\n<li>Espaces prot\u00e9g\u00e9s WG Unterach Ost<\/li>\n<li>Espaces prot\u00e9g\u00e9s WG Unterach West<\/li>\n<li>WG Putzleinsdorf, d\u00e9limitation du bassin versant, d\u00e9signation de la zone prot\u00e9g\u00e9e, captage de la source<\/li>\n<li>ASFiNAG, Puits d&rsquo;eau utile<\/li>\n<\/ul>\n<\/div><\/div><\/div><\/div><\/div><\/p>\n","protected":false},"excerpt":{"rendered":"","protected":false},"author":1,"featured_media":0,"parent":0,"menu_order":0,"comment_status":"closed","ping_status":"closed","template":"100-width.php","meta":{"footnotes":""},"yoast_head":"<!-- This site is optimized with the Yoast SEO plugin v22.1 - https:\/\/yoast.com\/wordpress\/plugins\/seo\/ -->\n<title>Hydrog\u00e9ologie - geocentricom<\/title>\n<meta name=\"robots\" content=\"index, follow, max-snippet:-1, max-image-preview:large, max-video-preview:-1\" \/>\n<link rel=\"canonical\" href=\"https:\/\/geocentri.com\/fr\/hydrogeologie\/\" \/>\n<meta property=\"og:locale\" content=\"fr_FR\" \/>\n<meta property=\"og:type\" content=\"article\" \/>\n<meta property=\"og:title\" content=\"Hydrog\u00e9ologie - geocentricom\" \/>\n<meta property=\"og:url\" content=\"https:\/\/geocentri.com\/fr\/hydrogeologie\/\" \/>\n<meta property=\"og:site_name\" content=\"geocentricom\" \/>\n<meta property=\"article:modified_time\" content=\"2024-05-22T14:23:07+00:00\" \/>\n<meta name=\"twitter:card\" content=\"summary_large_image\" \/>\n<meta name=\"twitter:label1\" content=\"Dur\u00e9e de lecture estim\u00e9e\" \/>\n\t<meta name=\"twitter:data1\" content=\"1 minute\" \/>\n<script type=\"application\/ld+json\" class=\"yoast-schema-graph\">{\"@context\":\"https:\/\/schema.org\",\"@graph\":[{\"@type\":\"WebPage\",\"@id\":\"https:\/\/geocentri.com\/fr\/hydrogeologie\/\",\"url\":\"https:\/\/geocentri.com\/fr\/hydrogeologie\/\",\"name\":\"Hydrog\u00e9ologie - geocentricom\",\"isPartOf\":{\"@id\":\"https:\/\/geocentri.com\/fr\/#website\"},\"datePublished\":\"2023-07-31T13:10:32+00:00\",\"dateModified\":\"2024-05-22T14:23:07+00:00\",\"breadcrumb\":{\"@id\":\"https:\/\/geocentri.com\/fr\/hydrogeologie\/#breadcrumb\"},\"inLanguage\":\"fr-FR\",\"potentialAction\":[{\"@type\":\"ReadAction\",\"target\":[\"https:\/\/geocentri.com\/fr\/hydrogeologie\/\"]}]},{\"@type\":\"BreadcrumbList\",\"@id\":\"https:\/\/geocentri.com\/fr\/hydrogeologie\/#breadcrumb\",\"itemListElement\":[{\"@type\":\"ListItem\",\"position\":1,\"name\":\"Startseite\",\"item\":\"https:\/\/geocentri.com\/fr\/\"},{\"@type\":\"ListItem\",\"position\":2,\"name\":\"Hydrog\u00e9ologie\"}]},{\"@type\":\"WebSite\",\"@id\":\"https:\/\/geocentri.com\/fr\/#website\",\"url\":\"https:\/\/geocentri.com\/fr\/\",\"name\":\"geocentricom\",\"description\":\"\",\"potentialAction\":[{\"@type\":\"SearchAction\",\"target\":{\"@type\":\"EntryPoint\",\"urlTemplate\":\"https:\/\/geocentri.com\/fr\/?s={search_term_string}\"},\"query-input\":\"required name=search_term_string\"}],\"inLanguage\":\"fr-FR\"}]}<\/script>\n<!-- \/ Yoast SEO plugin. -->","yoast_head_json":{"title":"Hydrog\u00e9ologie - geocentricom","robots":{"index":"index","follow":"follow","max-snippet":"max-snippet:-1","max-image-preview":"max-image-preview:large","max-video-preview":"max-video-preview:-1"},"canonical":"https:\/\/geocentri.com\/fr\/hydrogeologie\/","og_locale":"fr_FR","og_type":"article","og_title":"Hydrog\u00e9ologie - geocentricom","og_url":"https:\/\/geocentri.com\/fr\/hydrogeologie\/","og_site_name":"geocentricom","article_modified_time":"2024-05-22T14:23:07+00:00","twitter_card":"summary_large_image","twitter_misc":{"Dur\u00e9e de lecture estim\u00e9e":"1 minute"},"schema":{"@context":"https:\/\/schema.org","@graph":[{"@type":"WebPage","@id":"https:\/\/geocentri.com\/fr\/hydrogeologie\/","url":"https:\/\/geocentri.com\/fr\/hydrogeologie\/","name":"Hydrog\u00e9ologie - geocentricom","isPartOf":{"@id":"https:\/\/geocentri.com\/fr\/#website"},"datePublished":"2023-07-31T13:10:32+00:00","dateModified":"2024-05-22T14:23:07+00:00","breadcrumb":{"@id":"https:\/\/geocentri.com\/fr\/hydrogeologie\/#breadcrumb"},"inLanguage":"fr-FR","potentialAction":[{"@type":"ReadAction","target":["https:\/\/geocentri.com\/fr\/hydrogeologie\/"]}]},{"@type":"BreadcrumbList","@id":"https:\/\/geocentri.com\/fr\/hydrogeologie\/#breadcrumb","itemListElement":[{"@type":"ListItem","position":1,"name":"Startseite","item":"https:\/\/geocentri.com\/fr\/"},{"@type":"ListItem","position":2,"name":"Hydrog\u00e9ologie"}]},{"@type":"WebSite","@id":"https:\/\/geocentri.com\/fr\/#website","url":"https:\/\/geocentri.com\/fr\/","name":"geocentricom","description":"","potentialAction":[{"@type":"SearchAction","target":{"@type":"EntryPoint","urlTemplate":"https:\/\/geocentri.com\/fr\/?s={search_term_string}"},"query-input":"required name=search_term_string"}],"inLanguage":"fr-FR"}]}},"_links":{"self":[{"href":"https:\/\/geocentri.com\/fr\/wp-json\/wp\/v2\/pages\/454"}],"collection":[{"href":"https:\/\/geocentri.com\/fr\/wp-json\/wp\/v2\/pages"}],"about":[{"href":"https:\/\/geocentri.com\/fr\/wp-json\/wp\/v2\/types\/page"}],"author":[{"embeddable":true,"href":"https:\/\/geocentri.com\/fr\/wp-json\/wp\/v2\/users\/1"}],"replies":[{"embeddable":true,"href":"https:\/\/geocentri.com\/fr\/wp-json\/wp\/v2\/comments?post=454"}],"version-history":[{"count":5,"href":"https:\/\/geocentri.com\/fr\/wp-json\/wp\/v2\/pages\/454\/revisions"}],"predecessor-version":[{"id":591,"href":"https:\/\/geocentri.com\/fr\/wp-json\/wp\/v2\/pages\/454\/revisions\/591"}],"wp:attachment":[{"href":"https:\/\/geocentri.com\/fr\/wp-json\/wp\/v2\/media?parent=454"}],"curies":[{"name":"wp","href":"https:\/\/api.w.org\/{rel}","templated":true}]}}