{"id":523,"date":"2023-07-31T15:20:55","date_gmt":"2023-07-31T13:20:55","guid":{"rendered":"https:\/\/geocentri.com\/proyectos\/"},"modified":"2024-05-22T17:22:10","modified_gmt":"2024-05-22T15:22:10","slug":"proyectos","status":"publish","type":"page","link":"https:\/\/geocentri.com\/es\/proyectos\/","title":{"rendered":"Proyectos"},"content":{"rendered":"<div class=\"fusion-fullwidth fullwidth-box fusion-builder-row-1 fusion-flex-container has-pattern-background has-mask-background nonhundred-percent-fullwidth non-hundred-percent-height-scrolling\" style=\"--awb-border-radius-top-left:0px;--awb-border-radius-top-right:0px;--awb-border-radius-bottom-right:0px;--awb-border-radius-bottom-left:0px;--awb-flex-wrap:wrap;\" ><div class=\"fusion-builder-row fusion-row fusion-flex-align-items-flex-start fusion-flex-content-wrap\" style=\"max-width:1248px;margin-left: calc(-4% \/ 2 );margin-right: calc(-4% \/ 2 );\"><div class=\"fusion-layout-column fusion_builder_column fusion-builder-column-0 fusion_builder_column_3_4 3_4 fusion-flex-column\" style=\"--awb-bg-size:cover;--awb-width-large:75%;--awb-margin-top-large:0px;--awb-spacing-right-large:2.56%;--awb-margin-bottom-large:20px;--awb-spacing-left-large:2.56%;--awb-width-medium:75%;--awb-order-medium:0;--awb-spacing-right-medium:2.56%;--awb-spacing-left-medium:2.56%;--awb-width-small:100%;--awb-order-small:0;--awb-spacing-right-small:1.92%;--awb-spacing-left-small:1.92%;\"><div class=\"fusion-column-wrapper fusion-column-has-shadow fusion-flex-justify-content-flex-start fusion-content-layout-column\"><div class=\"fusion-title title fusion-title-1 fusion-sep-none fusion-title-text fusion-title-size-one\"><h1 class=\"fusion-title-heading title-heading-left fusion-responsive-typography-calculated\" style=\"margin:0;--fontSize:46;line-height:var(--awb-typography1-line-height);\">Proyectos<\/h1><\/div><div class=\"fusion-title title fusion-title-2 fusion-sep-none fusion-title-text fusion-title-size-two\"><h2 class=\"fusion-title-heading title-heading-left fusion-responsive-typography-calculated\" style=\"margin:0;--fontSize:40;line-height:var(--awb-typography1-line-height);\">Geolog\u00eda, ingenier\u00eda geol\u00f3gica<\/h2><\/div><div class=\"fusion-text fusion-text-1\"><ul>\n<li>Proyecto \u00abExploraci\u00f3n geol\u00f3gica de la roca cristalina al norte de Saxen e investigaci\u00f3n de la llanura antepuesta del rio Danubio y el afluente del Danubio, investigaciones s\u00edsmicas\u00bb, Amt der Gobierno Provincial de Alta Austria 1998<\/li>\n<li>Peritaje de suelos en la zona de Alta Austria y Salzburgo (municipio de Ottnang, municipio de Wagrein, municipio de Ried, municipio de Eitzing, municipio de Neukirchen, Losenstein, Steyr, Attnang-Puchheim, Sierning, etc.)<\/li>\n<li>Proyecto \u00abConcepto para un plan de zonas de peligro en el norte de Alta Austria\u00bb, 2002<\/li>\n<\/ul>\n<\/div><div class=\"fusion-title title fusion-title-3 fusion-sep-none fusion-title-text fusion-title-size-two\"><h2 class=\"fusion-title-heading title-heading-left fusion-responsive-typography-calculated\" style=\"margin:0;--fontSize:40;line-height:var(--awb-typography1-line-height);\"><h2>Hidrogeolog\u00eda<\/h2><\/h2><\/div><div class=\"fusion-text fusion-text-2\"><ul>\n<li>Establecimiento de una red de puntos de medici\u00f3n para el proyecto WGEV (Ordenanza sobre el estudio de la calidad del agua) \u00abInspecci\u00f3n de puntos de medici\u00f3n de aguas subterr\u00e1neas en Alta Austria\u00bb en las zonas de aguas subterr\u00e1neas IV, V y VI, Oficina del Gobierno Provincial de Alta Austria, 1991\/1992.<\/li>\n<li>Desarrollo de una red de puntos de medici\u00f3n para el proyecto WGEV (Ordenanza sobre el estudio de la Calidad del Agua) \u00abControl de los puntos de medici\u00f3n de las aguas subterr\u00e1neas del Alto Murtal\u00bb (zona de aguas subterr\u00e1neas 358, Lungau) Oficina del Gobierno Provincial de Salzburgo; 1995.<\/li>\n<li>Renovaci\u00f3n de la planta de agua potable, perforaci\u00f3n Reutte II, supervisi\u00f3n de la construcci\u00f3n, estudios y evaluaciones geol\u00f3gicos e hidrogeol\u00f3gicos, EWR, 1994.<\/li>\n<li>Proyecto \u00abZona de protecci\u00f3n 2 para peque\u00f1os abastecimientos de agua\u00bb, BM:LF y Oficina del Gobierno Provincial de Alta Austria, 1997.<\/li>\n<li>Proyecto \u00bb Klam &#8211; Representaci\u00f3n de las condiciones geol\u00f3gicas\u00bb, Oficina del Gobierno Provincial de Alta Austria, 1996.<\/li>\n<li>Proyecto \u00abEl filtrado de la orilla como recurso de agua potable en Alta Austria, Fase I &#8211; Proyecto piloto\u00bb BM:WV y Oficina del Gobierno Provincial de Alta Austria 1999<\/li>\n<li>Proyecto \u00abExploraci\u00f3n geol\u00f3gica de la roca cristalina al norte de Saxen e investigaci\u00f3n de la llanura antepuesta del rio Danubio y del afluente del Danubio, investigaciones s\u00edsmicas\u00bb, Oficina del Gobierno Provincial de Alta Austria 1998.<\/li>\n<li>Proyecto \u00abWG Dietachdorf, propuesta de zona de conservaci\u00f3n\u00bb (Mise \u00e1 la Masse, prueba de color), 1998-1999<\/li>\n<li>Proyecto \u00bb Prospecci\u00f3n de artesanos en los municipios de Taufkirchen, Rottenbach, Weibern, Hofkirchen y Haag\/H, Oficina del Gobierno Provincial de Alta Austria 2001<\/li>\n<li>Proyecto \u00abVisualizaci\u00f3n de artesanos\u00bb BMfBWK, Oficina del Gobierno Provincial de Alta Austria 2001<\/li>\n<li>Proyecto \u00abRedirecci\u00f3n Stiedelsbach, c\u00e1lculos hidr\u00e1ulicos\u00bb, municipio de Losenstein 2003<\/li>\n<li>Proyecto \u00abM\u00fcnzbach 2, peritaje hidrogeol\u00f3gico\u00bb, Oficina del Gobierno Provincial de Alta Austria, 2003<\/li>\n<li>Proyecto \u00abEl filtrado de la orilla como recurso de agua potable en Alta Austria, Fase II\u00bb BMfBWK y Oficina del Gobierno Provincial de Alta Austria 2003<\/li>\n<li>Proyecto \u00abDescenso del r\u00edo Enns\u00bb Ciudad de Steyr, 2014<\/li>\n<li>Proyecto \u00abCanal de alivio de Steyr\u00bb Ciudad de Steyr, 2014<\/li>\n<\/ul>\n<\/div><div class=\"fusion-title title fusion-title-4 fusion-sep-none fusion-title-text fusion-title-size-two\"><h2 class=\"fusion-title-heading title-heading-left fusion-responsive-typography-calculated\" style=\"margin:0;--fontSize:40;line-height:var(--awb-typography1-line-height);\"><h2>Geof\u00edsica<\/h2><\/h2><\/div><div class=\"fusion-text fusion-text-3\"><ul>\n<li>Profesional aut\u00f3nomo para proyectos y m\u00e1s tarde socio de \u00abJoanneum Research\u00bb 1980 &#8211; 2001<\/li>\n<li>Sondeo profundo geoel\u00e9ctrico Reutte &#8211; L\u00fc\u00dffeld, planificaci\u00f3n &#8211; realizaci\u00f3n y evaluaci\u00f3n del sondeo, EWR, 1994<\/li>\n<li>Sondeo profundo geoel\u00e9ctrico del vertedero de Breitenwang, TBGM 1995<\/li>\n<li>Sondeo profundo geoel\u00e9ctrico del vertedero de N\u00e4sselw\u00e4ngele, TBGM 1995<\/li>\n<li>Sondeo profundo geoel\u00e9ctrico Wernstein, municipio de Wernstein, 1996<\/li>\n<li>Investigaciones s\u00edsmicas de refracci\u00f3n Wernstein, municipio de Wernstein, 1996<\/li>\n<li>Investigaciones s\u00edsmicas de refracci\u00f3n Kopfing, WV-Sauwald, 1996<\/li>\n<li>Investigaciones s\u00edsmicas de refracci\u00f3n Kopfing II, WV-Sauwald, 1996<\/li>\n<li>Mediciones geof\u00edsicas en el sondeo Mitterndorf 1, WV-Sauwald 1996<\/li>\n<li>Proyecto \u00abExploraci\u00f3n geol\u00f3gica de la roca cristalina al norte de Saxen e investigaci\u00f3n de la llanura antepuesta del rio Danubio y del afluente del Danubio, investigaciones s\u00edsmicas\u00bb, Oficina del Gobierno Provincial de Alta Austria 1998<\/li>\n<li>Proyecto \u00abWG Dietachdorf, propuesta de zona protegida (Mise \u00e1 la Masse, prueba de color), 1998-1999<\/li>\n<li>Proyecto \u00abNu\u00dfdorf a. Haunsberg, propuesta de zona protegida\u00bb (mediciones autopotenciales para la localizaci\u00f3n de presas), 2000<\/li>\n<li>Proyecto \u00abVisualizaci\u00f3n de las Arenas de Atzbach\u00bb investigaciones s\u00edsmicas de reflexi\u00f3n y geoel\u00e9ctricas multielectrodo junto con Joanneum Research, 2001<\/li>\n<\/ul>\n<\/div><div class=\"fusion-title title fusion-title-5 fusion-sep-none fusion-title-text fusion-title-size-two\"><h2 class=\"fusion-title-heading title-heading-left fusion-responsive-typography-calculated\" style=\"margin:0;--fontSize:40;line-height:var(--awb-typography1-line-height);\"><h2>Detecci\u00f3n de fugas<\/h2><\/h2><\/div><div class=\"fusion-text fusion-text-4\"><ul>\n<li>Hofer KG (Salzburgo) 2014<\/li>\n<li>Gesti\u00f3n inmobiliaria en Innsbruck<\/li>\n<li>Sociedad Federal de Bienes Ra\u00edces\/ Bundesimmobiliengesellschaft<\/li>\n<li>Ciudad de Wels 2014<\/li>\n<li>Hidrolog\u00eda<\/li>\n<li>ABM Salzburg Mitte<\/li>\n<li>Estanque de peces de Waldpoint<\/li>\n<li>Suministro de agua WG Putzleinsdorf<\/li>\n<li>Suministro de agua Unterach<\/li>\n<li>Pozo Reutte II<\/li>\n<\/ul>\n<\/div><\/div><\/div><div class=\"fusion-layout-column fusion_builder_column fusion-builder-column-1 fusion_builder_column_1_4 1_4 fusion-flex-column\" style=\"--awb-padding-top:20px;--awb-padding-right:20px;--awb-padding-bottom:20px;--awb-padding-left:20px;--awb-bg-blend:overlay;--awb-bg-size:cover;--awb-border-color:var(--awb-color3);--awb-border-top:1px;--awb-border-right:1px;--awb-border-bottom:1px;--awb-border-left:1px;--awb-border-style:solid;--awb-width-large:25%;--awb-margin-top-large:0px;--awb-spacing-right-large:7.68%;--awb-margin-bottom-large:20px;--awb-spacing-left-large:7.68%;--awb-width-medium:25%;--awb-order-medium:0;--awb-spacing-right-medium:7.68%;--awb-spacing-left-medium:7.68%;--awb-width-small:100%;--awb-order-small:0;--awb-spacing-right-small:1.92%;--awb-spacing-left-small:1.92%;\"><div class=\"fusion-column-wrapper fusion-column-has-shadow fusion-flex-justify-content-flex-start fusion-content-layout-column\"><div class=\"fusion-title title fusion-title-6 fusion-sep-none fusion-title-center fusion-title-text fusion-title-size-five\"><h5 class=\"fusion-title-heading title-heading-center fusion-responsive-typography-calculated\" style=\"margin:0;--fontSize:20;--minFontSize:20;line-height:var(--awb-typography1-line-height);\">\u00a1Inf\u00f3rmese ahora!<\/h5><\/div><div class=\"fusion-text fusion-text-5\" style=\"--awb-content-alignment:center;\"><p>Geolog\u00eda, Hidrogeolog\u00eda y Geof\u00edsica- Detecci\u00f3n de fugas<\/p>\n<p>Somos sus expertos peritos en geolog\u00eda e hidrogeolog\u00eda.<\/p>\n<\/div><div style=\"text-align:center;\"><a class=\"fusion-button button-flat fusion-button-default-size button-default fusion-button-default button-1 fusion-button-default-span fusion-button-default-type\" style=\"--button_text_transform:uppercase;\" target=\"_self\" href=\"mailto:office@geocentri.com\"><span class=\"fusion-button-text\">INFORMACI\u00d3N SIN COMPROMISO<\/span><\/a><\/div><\/div><\/div>\n<\/div><\/div>\n","protected":false},"excerpt":{"rendered":"","protected":false},"author":1,"featured_media":0,"parent":0,"menu_order":0,"comment_status":"closed","ping_status":"closed","template":"100-width.php","meta":{"footnotes":""},"yoast_head":"<!-- This site is optimized with the Yoast SEO plugin v22.1 - https:\/\/yoast.com\/wordpress\/plugins\/seo\/ -->\n<title>Proyectos - geocentricom<\/title>\n<meta name=\"robots\" content=\"index, follow, max-snippet:-1, max-image-preview:large, max-video-preview:-1\" \/>\n<link rel=\"canonical\" href=\"https:\/\/geocentri.com\/es\/proyectos\/\" \/>\n<meta property=\"og:locale\" content=\"es_ES\" \/>\n<meta property=\"og:type\" content=\"article\" \/>\n<meta property=\"og:title\" content=\"Proyectos - geocentricom\" \/>\n<meta property=\"og:url\" content=\"https:\/\/geocentri.com\/es\/proyectos\/\" \/>\n<meta property=\"og:site_name\" content=\"geocentricom\" \/>\n<meta property=\"article:modified_time\" content=\"2024-05-22T15:22:10+00:00\" \/>\n<meta name=\"twitter:card\" content=\"summary_large_image\" \/>\n<meta name=\"twitter:label1\" content=\"Tiempo de lectura\" \/>\n\t<meta name=\"twitter:data1\" content=\"4 minutos\" \/>\n<script type=\"application\/ld+json\" class=\"yoast-schema-graph\">{\"@context\":\"https:\/\/schema.org\",\"@graph\":[{\"@type\":\"WebPage\",\"@id\":\"https:\/\/geocentri.com\/es\/proyectos\/\",\"url\":\"https:\/\/geocentri.com\/es\/proyectos\/\",\"name\":\"Proyectos - geocentricom\",\"isPartOf\":{\"@id\":\"https:\/\/geocentri.com\/es\/#website\"},\"datePublished\":\"2023-07-31T13:20:55+00:00\",\"dateModified\":\"2024-05-22T15:22:10+00:00\",\"breadcrumb\":{\"@id\":\"https:\/\/geocentri.com\/es\/proyectos\/#breadcrumb\"},\"inLanguage\":\"es\",\"potentialAction\":[{\"@type\":\"ReadAction\",\"target\":[\"https:\/\/geocentri.com\/es\/proyectos\/\"]}]},{\"@type\":\"BreadcrumbList\",\"@id\":\"https:\/\/geocentri.com\/es\/proyectos\/#breadcrumb\",\"itemListElement\":[{\"@type\":\"ListItem\",\"position\":1,\"name\":\"Startseite\",\"item\":\"https:\/\/geocentri.com\/es\/\"},{\"@type\":\"ListItem\",\"position\":2,\"name\":\"Proyectos\"}]},{\"@type\":\"WebSite\",\"@id\":\"https:\/\/geocentri.com\/es\/#website\",\"url\":\"https:\/\/geocentri.com\/es\/\",\"name\":\"geocentricom\",\"description\":\"\",\"potentialAction\":[{\"@type\":\"SearchAction\",\"target\":{\"@type\":\"EntryPoint\",\"urlTemplate\":\"https:\/\/geocentri.com\/es\/?s={search_term_string}\"},\"query-input\":\"required name=search_term_string\"}],\"inLanguage\":\"es\"}]}<\/script>\n<!-- \/ Yoast SEO plugin. -->","yoast_head_json":{"title":"Proyectos - geocentricom","robots":{"index":"index","follow":"follow","max-snippet":"max-snippet:-1","max-image-preview":"max-image-preview:large","max-video-preview":"max-video-preview:-1"},"canonical":"https:\/\/geocentri.com\/es\/proyectos\/","og_locale":"es_ES","og_type":"article","og_title":"Proyectos - geocentricom","og_url":"https:\/\/geocentri.com\/es\/proyectos\/","og_site_name":"geocentricom","article_modified_time":"2024-05-22T15:22:10+00:00","twitter_card":"summary_large_image","twitter_misc":{"Tiempo de lectura":"4 minutos"},"schema":{"@context":"https:\/\/schema.org","@graph":[{"@type":"WebPage","@id":"https:\/\/geocentri.com\/es\/proyectos\/","url":"https:\/\/geocentri.com\/es\/proyectos\/","name":"Proyectos - geocentricom","isPartOf":{"@id":"https:\/\/geocentri.com\/es\/#website"},"datePublished":"2023-07-31T13:20:55+00:00","dateModified":"2024-05-22T15:22:10+00:00","breadcrumb":{"@id":"https:\/\/geocentri.com\/es\/proyectos\/#breadcrumb"},"inLanguage":"es","potentialAction":[{"@type":"ReadAction","target":["https:\/\/geocentri.com\/es\/proyectos\/"]}]},{"@type":"BreadcrumbList","@id":"https:\/\/geocentri.com\/es\/proyectos\/#breadcrumb","itemListElement":[{"@type":"ListItem","position":1,"name":"Startseite","item":"https:\/\/geocentri.com\/es\/"},{"@type":"ListItem","position":2,"name":"Proyectos"}]},{"@type":"WebSite","@id":"https:\/\/geocentri.com\/es\/#website","url":"https:\/\/geocentri.com\/es\/","name":"geocentricom","description":"","potentialAction":[{"@type":"SearchAction","target":{"@type":"EntryPoint","urlTemplate":"https:\/\/geocentri.com\/es\/?s={search_term_string}"},"query-input":"required name=search_term_string"}],"inLanguage":"es"}]}},"_links":{"self":[{"href":"https:\/\/geocentri.com\/es\/wp-json\/wp\/v2\/pages\/523"}],"collection":[{"href":"https:\/\/geocentri.com\/es\/wp-json\/wp\/v2\/pages"}],"about":[{"href":"https:\/\/geocentri.com\/es\/wp-json\/wp\/v2\/types\/page"}],"author":[{"embeddable":true,"href":"https:\/\/geocentri.com\/es\/wp-json\/wp\/v2\/users\/1"}],"replies":[{"embeddable":true,"href":"https:\/\/geocentri.com\/es\/wp-json\/wp\/v2\/comments?post=523"}],"version-history":[{"count":3,"href":"https:\/\/geocentri.com\/es\/wp-json\/wp\/v2\/pages\/523\/revisions"}],"predecessor-version":[{"id":629,"href":"https:\/\/geocentri.com\/es\/wp-json\/wp\/v2\/pages\/523\/revisions\/629"}],"wp:attachment":[{"href":"https:\/\/geocentri.com\/es\/wp-json\/wp\/v2\/media?parent=523"}],"curies":[{"name":"wp","href":"https:\/\/api.w.org\/{rel}","templated":true}]}}