{"id":490,"date":"2023-07-31T16:05:53","date_gmt":"2023-07-31T14:05:53","guid":{"rendered":"https:\/\/geocentri.com\/deteccion-de-fugas\/"},"modified":"2024-05-22T17:02:24","modified_gmt":"2024-05-22T15:02:24","slug":"deteccion-de-fugas","status":"publish","type":"page","link":"https:\/\/geocentri.com\/es\/deteccion-de-fugas\/","title":{"rendered":"Detecci\u00f3n de Fugas"},"content":{"rendered":"<div class=\"fusion-fullwidth fullwidth-box fusion-builder-row-1 fusion-flex-container has-pattern-background has-mask-background nonhundred-percent-fullwidth non-hundred-percent-height-scrolling\" style=\"--awb-border-radius-top-left:0px;--awb-border-radius-top-right:0px;--awb-border-radius-bottom-right:0px;--awb-border-radius-bottom-left:0px;--awb-flex-wrap:wrap;\" ><div class=\"fusion-builder-row fusion-row fusion-flex-align-items-flex-start fusion-flex-content-wrap\" style=\"max-width:1248px;margin-left: calc(-4% \/ 2 );margin-right: calc(-4% \/ 2 );\"><div class=\"fusion-layout-column fusion_builder_column fusion-builder-column-0 fusion_builder_column_3_4 3_4 fusion-flex-column\" style=\"--awb-bg-size:cover;--awb-width-large:75%;--awb-margin-top-large:0px;--awb-spacing-right-large:2.56%;--awb-margin-bottom-large:20px;--awb-spacing-left-large:2.56%;--awb-width-medium:75%;--awb-order-medium:0;--awb-spacing-right-medium:2.56%;--awb-spacing-left-medium:2.56%;--awb-width-small:100%;--awb-order-small:0;--awb-spacing-right-small:1.92%;--awb-spacing-left-small:1.92%;\"><div class=\"fusion-column-wrapper fusion-column-has-shadow fusion-flex-justify-content-flex-start fusion-content-layout-column\"><div class=\"fusion-title title fusion-title-1 fusion-sep-none fusion-title-text fusion-title-size-one\"><h1 class=\"fusion-title-heading title-heading-left fusion-responsive-typography-calculated\" style=\"margin:0;--fontSize:46;line-height:var(--awb-typography1-line-height);\"><h1>Detecci\u00f3n de Fugas<\/h1><\/h1><\/div><div class=\"fusion-text fusion-text-1\"><p>Descripci\u00f3n del m\u00e9todo de localizaci\u00f3n de grietas y fugas mediante MLM, un conjunto de m\u00e9todos compuesto por t\u00e9cnica del potencial de corriente continua y medici\u00f3n de resistencia. El suelo &#8211; Las paredes &#8211; La impermeabilizaci\u00f3n del tejado presentan fugas en uno o varios puntos y el agua se filtra en la estructura del suelo o del edificio.<\/p>\n<\/div><div class=\"fusion-title title fusion-title-2 fusion-sep-none fusion-title-text fusion-title-size-two\"><h2 class=\"fusion-title-heading title-heading-left fusion-responsive-typography-calculated\" style=\"margin:0;--fontSize:40;line-height:var(--awb-typography1-line-height);\">Medici\u00f3n de potencial<\/h2><\/div><div class=\"fusion-text fusion-text-2\"><p>Para la medici\u00f3n del potencial, es necesario colocar un electrodo en los puntos h\u00famedos. Debe haber agua, preferiblemente despu\u00e9s de un periodo de lluvia. Las zonas a analizar deben ser de libre acceso. Antes de iniciar las mediciones, debe disponerse de un plano de la instalaci\u00f3n (l\u00edneas de suministro de agua y de desag\u00fce, l\u00edneas el\u00e9ctricas, etc.).<\/p>\n<p>Las mediciones pueden realizarse en interiores o exteriores, seg\u00fan las circunstancias.<\/p>\n<p><strong>MLM\/p (Multiple Leakage Measurement \/ Potential)<\/strong> es un m\u00e9todo que he desarrollado para detectar grietas o fugas y, por tanto, la entrada de agua en edificios. Se trata de un m\u00e9todo de corriente continua en el que se introduce una corriente constante en el suelo y en el edificio a trav\u00e9s de dos electrodos. A continuaci\u00f3n, otros dos electrodos captan el campo de potencial en el edificio o fuera de \u00e9l. La se\u00f1al se registra con ayuda de dispositivos de medici\u00f3n digitales y anal\u00f3gicos, se procesa posteriormente en el ordenador y se identifican las zonas da\u00f1adas.<\/p>\n<p>El resultado es una representaci\u00f3n de l\u00ednea de capa con puntos de entrada determinados como m\u00e1ximos.<\/p>\n<p>MLM\/p detecta fugas en <strong>presencia de agua<\/strong> en funci\u00f3n de la conexi\u00f3n a la fuente de alimentaci\u00f3n y establece una referencia entre la fuga y el punto de alimentaci\u00f3n de hielo.<\/p>\n<p><strong>MLM\/e (Multiple Leakage Measurement \/ Autopotencial)<\/strong> establece una referencia entre un electrodo de pared y un electrodo de referencia. El electrodo de pared tiene un potencial diferente que se mide en cada punto de medici\u00f3n debido a la diferente situaci\u00f3n del fondo (contenido de agua).<\/p>\n<p>El resultado es una visualizaci\u00f3n de l\u00edneas de capas de la saturaci\u00f3n de agua determinada.<\/p>\n<\/div><div class=\"fusion-title title fusion-title-3 fusion-sep-none fusion-title-text fusion-title-size-two\"><h2 class=\"fusion-title-heading title-heading-left fusion-responsive-typography-calculated\" style=\"margin:0;--fontSize:40;line-height:var(--awb-typography1-line-height);\">Resistencia de la pared<\/h2><\/div><div class=\"fusion-text fusion-text-3\"><p>Como alternativa o complemento, tambi\u00e9n se puede medir directamente la resistencia de la pared. Para ello, se mide primero algunos puntos de referencia para obtener un valor de correcci\u00f3n.<\/p>\n<p>A continuaci\u00f3n, la corriente se selecciona de modo que no pueda alcanzarse con la tensi\u00f3n ajustada. Una ca\u00edda de tensi\u00f3n o la potencia m\u00e1s alta marcan fallos.<\/p>\n<p><strong>MLM\/k (Multiple Leackage Measurement \/ capacitad)<\/strong> se mide como primer valor medido y proporciona informaci\u00f3n sobre el contenido de humedad.<\/p>\n<p>El resultado es una visualizaci\u00f3n de l\u00edneas de capas del contenido de humedad determinado.<\/p>\n<\/div><div class=\"fusion-title title fusion-title-4 fusion-sep-none fusion-title-text fusion-title-size-two\"><h2 class=\"fusion-title-heading title-heading-left fusion-responsive-typography-calculated\" style=\"margin:0;--fontSize:40;line-height:var(--awb-typography1-line-height);\">Resultado y duraci\u00f3n<\/h2><\/div><div class=\"fusion-text fusion-text-4\"><p>La duraci\u00f3n de la medici\u00f3n depende del tama\u00f1o del objeto a medir y es de aprox. 2 &#8211; 4 horas por medici\u00f3n para un objeto de hasta aprox. 200 m<sup>2<\/sup> una vez instalados los dispositivos de medici\u00f3n. Durante la medici\u00f3n, s\u00f3lo el personal de medici\u00f3n debe acceder a toda la zona de medici\u00f3n.<\/p>\n<p>Una vez finalizada la medici\u00f3n, los datos se presentan y describen en un plano de l\u00edneas de capas y las zonas da\u00f1adas y su extensi\u00f3n en un breve informe.<\/p>\n<p><strong>Ejemplo de resultado de una medici\u00f3n:<\/strong><\/p>\n<p>&#8230;.<\/p>\n<p><em>Figura: Representaci\u00f3n gr\u00e1fica MLM\/p del resultado de la medici\u00f3n<\/em><\/p>\n<\/div><\/div><\/div><div class=\"fusion-layout-column fusion_builder_column fusion-builder-column-1 fusion_builder_column_1_4 1_4 fusion-flex-column\" style=\"--awb-padding-top:20px;--awb-padding-right:20px;--awb-padding-bottom:20px;--awb-padding-left:20px;--awb-bg-blend:overlay;--awb-bg-size:cover;--awb-border-color:var(--awb-color3);--awb-border-top:1px;--awb-border-right:1px;--awb-border-bottom:1px;--awb-border-left:1px;--awb-border-style:solid;--awb-width-large:25%;--awb-margin-top-large:0px;--awb-spacing-right-large:7.68%;--awb-margin-bottom-large:20px;--awb-spacing-left-large:7.68%;--awb-width-medium:25%;--awb-order-medium:0;--awb-spacing-right-medium:7.68%;--awb-spacing-left-medium:7.68%;--awb-width-small:100%;--awb-order-small:0;--awb-spacing-right-small:1.92%;--awb-spacing-left-small:1.92%;\"><div class=\"fusion-column-wrapper fusion-column-has-shadow fusion-flex-justify-content-flex-start fusion-content-layout-column\"><div class=\"fusion-title title fusion-title-5 fusion-sep-none fusion-title-center fusion-title-text fusion-title-size-five\"><h5 class=\"fusion-title-heading title-heading-center fusion-responsive-typography-calculated\" style=\"margin:0;--fontSize:20;--minFontSize:20;line-height:var(--awb-typography1-line-height);\">\u00a1Inf\u00f3rmese ahora!<\/h5><\/div><div class=\"fusion-text fusion-text-5\" style=\"--awb-content-alignment:center;\"><p>Geolog\u00eda, Hidrogeolog\u00eda y Geof\u00edsica- Detecci\u00f3n de fugas<\/p>\n<p>Somos sus expertos peritos en geolog\u00eda e hidrogeolog\u00eda.<\/p>\n<\/div><div style=\"text-align:center;\"><a class=\"fusion-button button-flat fusion-button-default-size button-default fusion-button-default button-1 fusion-button-default-span fusion-button-default-type\" style=\"--button_text_transform:uppercase;\" target=\"_self\" href=\"mailto:office@geocentri.com\"><span class=\"fusion-button-text\">INFORMACI\u00d3N SIN COMPROMISO<\/span><\/a><\/div><\/div><\/div>\n<\/div><\/div>\n","protected":false},"excerpt":{"rendered":"","protected":false},"author":1,"featured_media":0,"parent":0,"menu_order":0,"comment_status":"closed","ping_status":"closed","template":"100-width.php","meta":{"footnotes":""},"yoast_head":"<!-- This site is optimized with the Yoast SEO plugin v22.1 - https:\/\/yoast.com\/wordpress\/plugins\/seo\/ -->\n<title>Detecci\u00f3n de Fugas - geocentricom<\/title>\n<meta name=\"robots\" content=\"index, follow, max-snippet:-1, max-image-preview:large, max-video-preview:-1\" \/>\n<link rel=\"canonical\" href=\"https:\/\/geocentri.com\/es\/deteccion-de-fugas\/\" \/>\n<meta property=\"og:locale\" content=\"es_ES\" \/>\n<meta property=\"og:type\" content=\"article\" \/>\n<meta property=\"og:title\" content=\"Detecci\u00f3n de Fugas - geocentricom\" \/>\n<meta property=\"og:url\" content=\"https:\/\/geocentri.com\/es\/deteccion-de-fugas\/\" \/>\n<meta property=\"og:site_name\" content=\"geocentricom\" \/>\n<meta property=\"article:modified_time\" content=\"2024-05-22T15:02:24+00:00\" \/>\n<meta name=\"twitter:card\" content=\"summary_large_image\" \/>\n<meta name=\"twitter:label1\" content=\"Tiempo de lectura\" \/>\n\t<meta name=\"twitter:data1\" content=\"4 minutos\" \/>\n<script type=\"application\/ld+json\" class=\"yoast-schema-graph\">{\"@context\":\"https:\/\/schema.org\",\"@graph\":[{\"@type\":\"WebPage\",\"@id\":\"https:\/\/geocentri.com\/es\/deteccion-de-fugas\/\",\"url\":\"https:\/\/geocentri.com\/es\/deteccion-de-fugas\/\",\"name\":\"Detecci\u00f3n de Fugas - geocentricom\",\"isPartOf\":{\"@id\":\"https:\/\/geocentri.com\/es\/#website\"},\"datePublished\":\"2023-07-31T14:05:53+00:00\",\"dateModified\":\"2024-05-22T15:02:24+00:00\",\"breadcrumb\":{\"@id\":\"https:\/\/geocentri.com\/es\/deteccion-de-fugas\/#breadcrumb\"},\"inLanguage\":\"es\",\"potentialAction\":[{\"@type\":\"ReadAction\",\"target\":[\"https:\/\/geocentri.com\/es\/deteccion-de-fugas\/\"]}]},{\"@type\":\"BreadcrumbList\",\"@id\":\"https:\/\/geocentri.com\/es\/deteccion-de-fugas\/#breadcrumb\",\"itemListElement\":[{\"@type\":\"ListItem\",\"position\":1,\"name\":\"Startseite\",\"item\":\"https:\/\/geocentri.com\/es\/\"},{\"@type\":\"ListItem\",\"position\":2,\"name\":\"Detecci\u00f3n de Fugas\"}]},{\"@type\":\"WebSite\",\"@id\":\"https:\/\/geocentri.com\/es\/#website\",\"url\":\"https:\/\/geocentri.com\/es\/\",\"name\":\"geocentricom\",\"description\":\"\",\"potentialAction\":[{\"@type\":\"SearchAction\",\"target\":{\"@type\":\"EntryPoint\",\"urlTemplate\":\"https:\/\/geocentri.com\/es\/?s={search_term_string}\"},\"query-input\":\"required name=search_term_string\"}],\"inLanguage\":\"es\"}]}<\/script>\n<!-- \/ Yoast SEO plugin. -->","yoast_head_json":{"title":"Detecci\u00f3n de Fugas - geocentricom","robots":{"index":"index","follow":"follow","max-snippet":"max-snippet:-1","max-image-preview":"max-image-preview:large","max-video-preview":"max-video-preview:-1"},"canonical":"https:\/\/geocentri.com\/es\/deteccion-de-fugas\/","og_locale":"es_ES","og_type":"article","og_title":"Detecci\u00f3n de Fugas - geocentricom","og_url":"https:\/\/geocentri.com\/es\/deteccion-de-fugas\/","og_site_name":"geocentricom","article_modified_time":"2024-05-22T15:02:24+00:00","twitter_card":"summary_large_image","twitter_misc":{"Tiempo de lectura":"4 minutos"},"schema":{"@context":"https:\/\/schema.org","@graph":[{"@type":"WebPage","@id":"https:\/\/geocentri.com\/es\/deteccion-de-fugas\/","url":"https:\/\/geocentri.com\/es\/deteccion-de-fugas\/","name":"Detecci\u00f3n de Fugas - geocentricom","isPartOf":{"@id":"https:\/\/geocentri.com\/es\/#website"},"datePublished":"2023-07-31T14:05:53+00:00","dateModified":"2024-05-22T15:02:24+00:00","breadcrumb":{"@id":"https:\/\/geocentri.com\/es\/deteccion-de-fugas\/#breadcrumb"},"inLanguage":"es","potentialAction":[{"@type":"ReadAction","target":["https:\/\/geocentri.com\/es\/deteccion-de-fugas\/"]}]},{"@type":"BreadcrumbList","@id":"https:\/\/geocentri.com\/es\/deteccion-de-fugas\/#breadcrumb","itemListElement":[{"@type":"ListItem","position":1,"name":"Startseite","item":"https:\/\/geocentri.com\/es\/"},{"@type":"ListItem","position":2,"name":"Detecci\u00f3n de Fugas"}]},{"@type":"WebSite","@id":"https:\/\/geocentri.com\/es\/#website","url":"https:\/\/geocentri.com\/es\/","name":"geocentricom","description":"","potentialAction":[{"@type":"SearchAction","target":{"@type":"EntryPoint","urlTemplate":"https:\/\/geocentri.com\/es\/?s={search_term_string}"},"query-input":"required name=search_term_string"}],"inLanguage":"es"}]}},"_links":{"self":[{"href":"https:\/\/geocentri.com\/es\/wp-json\/wp\/v2\/pages\/490"}],"collection":[{"href":"https:\/\/geocentri.com\/es\/wp-json\/wp\/v2\/pages"}],"about":[{"href":"https:\/\/geocentri.com\/es\/wp-json\/wp\/v2\/types\/page"}],"author":[{"embeddable":true,"href":"https:\/\/geocentri.com\/es\/wp-json\/wp\/v2\/users\/1"}],"replies":[{"embeddable":true,"href":"https:\/\/geocentri.com\/es\/wp-json\/wp\/v2\/comments?post=490"}],"version-history":[{"count":3,"href":"https:\/\/geocentri.com\/es\/wp-json\/wp\/v2\/pages\/490\/revisions"}],"predecessor-version":[{"id":622,"href":"https:\/\/geocentri.com\/es\/wp-json\/wp\/v2\/pages\/490\/revisions\/622"}],"wp:attachment":[{"href":"https:\/\/geocentri.com\/es\/wp-json\/wp\/v2\/media?parent=490"}],"curies":[{"name":"wp","href":"https:\/\/api.w.org\/{rel}","templated":true}]}}