{"id":478,"date":"2023-07-31T14:02:52","date_gmt":"2023-07-31T12:02:52","guid":{"rendered":"https:\/\/geocentri.com\/pie-de-imprenta\/"},"modified":"2024-05-22T20:48:34","modified_gmt":"2024-05-22T18:48:34","slug":"impresion","status":"publish","type":"page","link":"https:\/\/geocentri.com\/es\/impresion\/","title":{"rendered":"Impresi\u00f3n"},"content":{"rendered":"<div class=\"fusion-fullwidth fullwidth-box fusion-builder-row-1 fusion-flex-container has-pattern-background has-mask-background nonhundred-percent-fullwidth non-hundred-percent-height-scrolling\" style=\"--awb-border-radius-top-left:0px;--awb-border-radius-top-right:0px;--awb-border-radius-bottom-right:0px;--awb-border-radius-bottom-left:0px;--awb-flex-wrap:wrap;\" ><div class=\"fusion-builder-row fusion-row fusion-flex-align-items-flex-start fusion-flex-content-wrap\" style=\"max-width:1248px;margin-left: calc(-4% \/ 2 );margin-right: calc(-4% \/ 2 );\"><div class=\"fusion-layout-column fusion_builder_column fusion-builder-column-0 fusion_builder_column_1_1 1_1 fusion-flex-column\" style=\"--awb-bg-size:cover;--awb-width-large:100%;--awb-margin-top-large:0px;--awb-spacing-right-large:1.92%;--awb-margin-bottom-large:20px;--awb-spacing-left-large:1.92%;--awb-width-medium:100%;--awb-order-medium:0;--awb-spacing-right-medium:1.92%;--awb-spacing-left-medium:1.92%;--awb-width-small:100%;--awb-order-small:0;--awb-spacing-right-small:1.92%;--awb-spacing-left-small:1.92%;\"><div class=\"fusion-column-wrapper fusion-column-has-shadow fusion-flex-justify-content-flex-start fusion-content-layout-column\"><div class=\"fusion-title title fusion-title-1 fusion-sep-none fusion-title-text fusion-title-size-one\"><h1 class=\"fusion-title-heading title-heading-left fusion-responsive-typography-calculated\" style=\"margin:0;--fontSize:46;line-height:var(--awb-typography1-line-height);\">Impresi\u00f3n<\/h1><\/div><div class=\"fusion-text fusion-text-1\"><p>Michael Hitzenberger<br \/>\nOficina t\u00e9cnica de geolog\u00eda, hidrogeolog\u00eda y geof\u00edsica<br \/>\nUID: ATU 42229708<br \/>\nLugar de jurisdicci\u00f3n: V\u00f6cklabruck<br \/>\nA-4901 Thomasroith, Kirchgasse 6<\/p>\n<p>Composici\u00f3n de las oficinas t\u00e9cnicas \u00a0miembro<br \/>\nde la Autoridad de control: BH V\u00f6cklabruck<br \/>\nPuesto Profei\u00f3n: Ge\u00f3logo<br \/>\nN\u00famero de empresa: 601271579<\/p>\n<p>Dise\u00f1o web <a href=\"https:\/\/www.easy4u.at\" target=\"_blank\" rel=\"noopener\">easy4U<\/a><\/p>\n<\/div><div class=\"fusion-title title fusion-title-2 fusion-sep-none fusion-title-text fusion-title-size-two\"><h2 class=\"fusion-title-heading title-heading-left fusion-responsive-typography-calculated\" style=\"margin:0;--fontSize:40;line-height:var(--awb-typography1-line-height);\">Descargo de responsabilidad exclusiones<\/h2><\/div><div class=\"fusion-text fusion-text-2\"><ol>\n<li>Contenido de la oferta en l\u00ednea<br \/>\nEl autor no asume ninguna responsabilidad por la actualidad, exactitud, integridad o calidad de la informaci\u00f3n facilitada. Quedan fundamentalmente excluidas las reclamaciones de responsabilidad contra el autor relativas a da\u00f1os materiales o inmateriales causados por el uso o no uso de la informaci\u00f3n facilitada o por el uso de informaci\u00f3n incorrecta o incompleta, a menos que existan pruebas de dolo o negligencia grave por parte del autor. Todas las ofertas son sin compromiso y no vinculantes. El autor se reserva expresamente el derecho a modificar, completar o eliminar partes de las p\u00e1ginas o la oferta completa sin previo aviso o a suspender la publicaci\u00f3n temporal o definitivamente.<\/li>\n<li>Referencias y enlaces<br \/>\nEn el caso de referencias directas o indirectas a p\u00e1ginas web externas (\u00abHyperlinks\u00bb) que se encuentren fuera del \u00e1mbito de responsabilidad del autor, s\u00f3lo entrar\u00eda en vigor una obligaci\u00f3n de responsabilidad en el caso de que el autor tuviera conocimiento de los contenidos y le fuera t\u00e9cnicamente posible y razonable impedir el uso en caso de contenidos ilegales. Por la presente, el autor declara expresamente que en el momento de crear los enlaces no era reconocible ning\u00fan contenido ilegal en las p\u00e1ginas enlazadas. El autor no tiene influencia alguna sobre el dise\u00f1o actual y futuro, los contenidos o la autor\u00eda de las p\u00e1ginas enlazadas. Por ello, el autor se distancia expresamente de todos los contenidos de todas las p\u00e1ginas enlazadas que hayan sido modificados despu\u00e9s de la creaci\u00f3n del enlace. Esta declaraci\u00f3n se aplica a todos los enlaces y referencias establecidos dentro de la propia p\u00e1gina web del autor, as\u00ed como a las entradas de terceros en libros de visitas, foros de discusi\u00f3n, directorios de enlaces, listas de correo y todas las dem\u00e1s formas de bases de datos creadas por el autor a cuyo contenido sea posible acceder mediante escritura externa. La responsabilidad por contenidos ilegales, incorrectos o incompletos y, en particular, por los da\u00f1os derivados del uso o no uso de dicha informaci\u00f3n recae exclusivamente en el proveedor de la p\u00e1gina a la que se hace referencia, y no en la persona que simplemente remite a la publicaci\u00f3n respectiva a trav\u00e9s de enlaces.<\/li>\n<li>Legislaci\u00f3n sobre derechos de autor y etiquetado<br \/>\nEl autor se esfuerza por respetar los derechos de autor de las im\u00e1genes, gr\u00e1ficos, documentos sonoros, secuencias de v\u00eddeo y textos utilizados en todas las publicaciones, por utilizar im\u00e1genes, gr\u00e1ficos, documentos sonoros, secuencias de v\u00eddeo y textos creados por \u00e9l mismo o por hacer uso de gr\u00e1ficos, documentos sonoros, secuencias de v\u00eddeo y textos libres de licencia. Todas las marcas y marcas comerciales mencionadas en el sitio web y eventualmente protegidas por terceros est\u00e1n sujetas sin restricciones a las disposiciones del derecho de marcas aplicable y a los derechos de propiedad de los respectivos propietarios registrados. La mera menci\u00f3n de una marca no implica que no est\u00e9 protegida por derechos de terceros. Los derechos de autor de los objetos publicados creados por el propio autor pertenecen exclusivamente al autor de las p\u00e1ginas. Queda prohibida la reproducci\u00f3n o utilizaci\u00f3n de objetos como diagramas, sonidos o textos en otras publicaciones electr\u00f3nicas o impresas sin el consentimiento del autor.<\/li>\n<li>Protecci\u00f3n de datos<br \/>\nSi se ofrece la posibilidad de introducir datos personales o comerciales (direcciones de correo electr\u00f3nico, nombre, direcciones), la introducci\u00f3n de estos datos se realiza de forma voluntaria.El uso y pago de todos los servicios ofrecidos tambi\u00e9n est\u00e1 permitido -en la medida en que sea t\u00e9cnicamente posible y razonable- sin proporcionar dichos datos o proporcionando datos an\u00f3nimos o un seud\u00f3nimo. No est\u00e1 permitido el uso de datos de contacto como direcciones postales, n\u00fameros de tel\u00e9fono y fax y direcciones de correo electr\u00f3nico publicados en el pie de imprenta o informaci\u00f3n comparable por parte de terceros con el fin de enviar informaci\u00f3n que no se haya solicitado expresamente. Nos reservamos expresamente el derecho a emprender acciones legales contra los remitentes de los denominados correos spam en caso de infracci\u00f3n de esta prohibici\u00f3n.<\/li>\n<li>Vigencia legal de esta cl\u00e1usula de responsabilidad<br \/>\nEsta exenci\u00f3n de responsabilidad debe considerarse parte de la publicaci\u00f3n en Internet desde la que se le ha remitido. Si algunas secciones o t\u00e9rminos individuales de esta declaraci\u00f3n no son legales o correctos, el contenido o la validez de las otras partes no se ver\u00e1n afectados por este hecho.<\/li>\n<\/ol>\n<\/div><\/div><\/div><\/div><\/div>\n","protected":false},"excerpt":{"rendered":"","protected":false},"author":1,"featured_media":0,"parent":0,"menu_order":0,"comment_status":"closed","ping_status":"closed","template":"100-width.php","meta":{"footnotes":""},"yoast_head":"<!-- This site is optimized with the Yoast SEO plugin v22.1 - https:\/\/yoast.com\/wordpress\/plugins\/seo\/ -->\n<title>Impresi\u00f3n - geocentricom<\/title>\n<meta name=\"robots\" content=\"index, follow, max-snippet:-1, max-image-preview:large, max-video-preview:-1\" \/>\n<link rel=\"canonical\" href=\"https:\/\/geocentri.com\/es\/impresion\/\" \/>\n<meta property=\"og:locale\" content=\"es_ES\" \/>\n<meta property=\"og:type\" content=\"article\" \/>\n<meta property=\"og:title\" content=\"Impresi\u00f3n - geocentricom\" \/>\n<meta property=\"og:url\" content=\"https:\/\/geocentri.com\/es\/impresion\/\" \/>\n<meta property=\"og:site_name\" content=\"geocentricom\" \/>\n<meta property=\"article:modified_time\" content=\"2024-05-22T18:48:34+00:00\" \/>\n<meta name=\"twitter:card\" content=\"summary_large_image\" \/>\n<meta name=\"twitter:label1\" content=\"Tiempo de lectura\" \/>\n\t<meta name=\"twitter:data1\" content=\"5 minutos\" \/>\n<script type=\"application\/ld+json\" class=\"yoast-schema-graph\">{\"@context\":\"https:\/\/schema.org\",\"@graph\":[{\"@type\":\"WebPage\",\"@id\":\"https:\/\/geocentri.com\/es\/impresion\/\",\"url\":\"https:\/\/geocentri.com\/es\/impresion\/\",\"name\":\"Impresi\u00f3n - geocentricom\",\"isPartOf\":{\"@id\":\"https:\/\/geocentri.com\/es\/#website\"},\"datePublished\":\"2023-07-31T12:02:52+00:00\",\"dateModified\":\"2024-05-22T18:48:34+00:00\",\"breadcrumb\":{\"@id\":\"https:\/\/geocentri.com\/es\/impresion\/#breadcrumb\"},\"inLanguage\":\"es\",\"potentialAction\":[{\"@type\":\"ReadAction\",\"target\":[\"https:\/\/geocentri.com\/es\/impresion\/\"]}]},{\"@type\":\"BreadcrumbList\",\"@id\":\"https:\/\/geocentri.com\/es\/impresion\/#breadcrumb\",\"itemListElement\":[{\"@type\":\"ListItem\",\"position\":1,\"name\":\"Startseite\",\"item\":\"https:\/\/geocentri.com\/es\/\"},{\"@type\":\"ListItem\",\"position\":2,\"name\":\"Impresi\u00f3n\"}]},{\"@type\":\"WebSite\",\"@id\":\"https:\/\/geocentri.com\/es\/#website\",\"url\":\"https:\/\/geocentri.com\/es\/\",\"name\":\"geocentricom\",\"description\":\"\",\"potentialAction\":[{\"@type\":\"SearchAction\",\"target\":{\"@type\":\"EntryPoint\",\"urlTemplate\":\"https:\/\/geocentri.com\/es\/?s={search_term_string}\"},\"query-input\":\"required name=search_term_string\"}],\"inLanguage\":\"es\"}]}<\/script>\n<!-- \/ Yoast SEO plugin. -->","yoast_head_json":{"title":"Impresi\u00f3n - geocentricom","robots":{"index":"index","follow":"follow","max-snippet":"max-snippet:-1","max-image-preview":"max-image-preview:large","max-video-preview":"max-video-preview:-1"},"canonical":"https:\/\/geocentri.com\/es\/impresion\/","og_locale":"es_ES","og_type":"article","og_title":"Impresi\u00f3n - geocentricom","og_url":"https:\/\/geocentri.com\/es\/impresion\/","og_site_name":"geocentricom","article_modified_time":"2024-05-22T18:48:34+00:00","twitter_card":"summary_large_image","twitter_misc":{"Tiempo de lectura":"5 minutos"},"schema":{"@context":"https:\/\/schema.org","@graph":[{"@type":"WebPage","@id":"https:\/\/geocentri.com\/es\/impresion\/","url":"https:\/\/geocentri.com\/es\/impresion\/","name":"Impresi\u00f3n - geocentricom","isPartOf":{"@id":"https:\/\/geocentri.com\/es\/#website"},"datePublished":"2023-07-31T12:02:52+00:00","dateModified":"2024-05-22T18:48:34+00:00","breadcrumb":{"@id":"https:\/\/geocentri.com\/es\/impresion\/#breadcrumb"},"inLanguage":"es","potentialAction":[{"@type":"ReadAction","target":["https:\/\/geocentri.com\/es\/impresion\/"]}]},{"@type":"BreadcrumbList","@id":"https:\/\/geocentri.com\/es\/impresion\/#breadcrumb","itemListElement":[{"@type":"ListItem","position":1,"name":"Startseite","item":"https:\/\/geocentri.com\/es\/"},{"@type":"ListItem","position":2,"name":"Impresi\u00f3n"}]},{"@type":"WebSite","@id":"https:\/\/geocentri.com\/es\/#website","url":"https:\/\/geocentri.com\/es\/","name":"geocentricom","description":"","potentialAction":[{"@type":"SearchAction","target":{"@type":"EntryPoint","urlTemplate":"https:\/\/geocentri.com\/es\/?s={search_term_string}"},"query-input":"required name=search_term_string"}],"inLanguage":"es"}]}},"_links":{"self":[{"href":"https:\/\/geocentri.com\/es\/wp-json\/wp\/v2\/pages\/478"}],"collection":[{"href":"https:\/\/geocentri.com\/es\/wp-json\/wp\/v2\/pages"}],"about":[{"href":"https:\/\/geocentri.com\/es\/wp-json\/wp\/v2\/types\/page"}],"author":[{"embeddable":true,"href":"https:\/\/geocentri.com\/es\/wp-json\/wp\/v2\/users\/1"}],"replies":[{"embeddable":true,"href":"https:\/\/geocentri.com\/es\/wp-json\/wp\/v2\/comments?post=478"}],"version-history":[{"count":7,"href":"https:\/\/geocentri.com\/es\/wp-json\/wp\/v2\/pages\/478\/revisions"}],"predecessor-version":[{"id":671,"href":"https:\/\/geocentri.com\/es\/wp-json\/wp\/v2\/pages\/478\/revisions\/671"}],"wp:attachment":[{"href":"https:\/\/geocentri.com\/es\/wp-json\/wp\/v2\/media?parent=478"}],"curies":[{"name":"wp","href":"https:\/\/api.w.org\/{rel}","templated":true}]}}