{"id":463,"date":"2023-07-31T15:10:32","date_gmt":"2023-07-31T13:10:32","guid":{"rendered":"https:\/\/geocentri.com\/hidrogeologia\/"},"modified":"2024-05-22T16:24:48","modified_gmt":"2024-05-22T14:24:48","slug":"hidrogeologia","status":"publish","type":"page","link":"https:\/\/geocentri.com\/es\/hidrogeologia\/","title":{"rendered":"Hidrogeolog\u00eda"},"content":{"rendered":"<p><div class=\"fusion-fullwidth fullwidth-box fusion-builder-row-1 fusion-flex-container has-pattern-background has-mask-background nonhundred-percent-fullwidth non-hundred-percent-height-scrolling\" style=\"--awb-border-radius-top-left:0px;--awb-border-radius-top-right:0px;--awb-border-radius-bottom-right:0px;--awb-border-radius-bottom-left:0px;--awb-flex-wrap:wrap;\" ><div class=\"fusion-builder-row fusion-row fusion-flex-align-items-flex-start fusion-flex-content-wrap\" style=\"max-width:1248px;margin-left: calc(-4% \/ 2 );margin-right: calc(-4% \/ 2 );\"><div class=\"fusion-layout-column fusion_builder_column fusion-builder-column-0 fusion_builder_column_3_4 3_4 fusion-flex-column\" style=\"--awb-bg-size:cover;--awb-width-large:75%;--awb-margin-top-large:0px;--awb-spacing-right-large:2.56%;--awb-margin-bottom-large:20px;--awb-spacing-left-large:2.56%;--awb-width-medium:75%;--awb-order-medium:0;--awb-spacing-right-medium:2.56%;--awb-spacing-left-medium:2.56%;--awb-width-small:100%;--awb-order-small:0;--awb-spacing-right-small:1.92%;--awb-spacing-left-small:1.92%;\"><div class=\"fusion-column-wrapper fusion-column-has-shadow fusion-flex-justify-content-flex-start fusion-content-layout-column\"><div class=\"fusion-title title fusion-title-1 fusion-sep-none fusion-title-text fusion-title-size-one\"><h1 class=\"fusion-title-heading title-heading-left fusion-responsive-typography-calculated\" style=\"margin:0;--fontSize:46;line-height:var(--awb-typography1-line-height);\"><h1>Hidrogeolog\u00eda<\/h1><\/h1><\/div><div class=\"fusion-text fusion-text-1\"><p>Nuestros servicios hidrogeol\u00f3gicos se centran en los puntos centrales de la hidrogeolog\u00eda son la planificaci\u00f3n de proyectos la planificaci\u00f3n de proyectos para la construcci\u00f3n y saneamiento de perforaciones de manantiales y pozos, incluidos todos los estudios e investigaciones preliminares, as\u00ed como la licitaci\u00f3n normalizada. Naturalmente, tambi\u00e9n supervisamos la construcci\u00f3n, determinamos el rendimiento del pozo (prueba de bombeo), elaboramos la propuesta de zona protegida y preparamos los documentos de presentaci\u00f3n a las autoridades. Otro aspecto importante es el dimensionamiento de las zonas protegidas. Tambi\u00e9n ofrecemos propuestas de evaluaci\u00f3n y reparaci\u00f3n de da\u00f1os.<\/p>\n<\/div><\/div><\/div><div class=\"fusion-layout-column fusion_builder_column fusion-builder-column-1 fusion_builder_column_1_4 1_4 fusion-flex-column\" style=\"--awb-padding-top:20px;--awb-padding-right:20px;--awb-padding-bottom:20px;--awb-padding-left:20px;--awb-bg-blend:overlay;--awb-bg-size:cover;--awb-border-color:var(--awb-color3);--awb-border-top:1px;--awb-border-right:1px;--awb-border-bottom:1px;--awb-border-left:1px;--awb-border-style:solid;--awb-width-large:25%;--awb-margin-top-large:0px;--awb-spacing-right-large:7.68%;--awb-margin-bottom-large:20px;--awb-spacing-left-large:7.68%;--awb-width-medium:25%;--awb-order-medium:0;--awb-spacing-right-medium:7.68%;--awb-spacing-left-medium:7.68%;--awb-width-small:100%;--awb-order-small:0;--awb-spacing-right-small:1.92%;--awb-spacing-left-small:1.92%;\"><div class=\"fusion-column-wrapper fusion-column-has-shadow fusion-flex-justify-content-flex-start fusion-content-layout-column\"><div class=\"fusion-title title fusion-title-2 fusion-sep-none fusion-title-center fusion-title-text fusion-title-size-five\"><h5 class=\"fusion-title-heading title-heading-center fusion-responsive-typography-calculated\" style=\"margin:0;--fontSize:20;--minFontSize:20;line-height:var(--awb-typography1-line-height);\">\u00a1Inf\u00f3rmese ahora!<\/h5><\/div><div class=\"fusion-text fusion-text-2\" style=\"--awb-content-alignment:center;\"><p>Geolog\u00eda, Hidrogeolog\u00eda y Geof\u00edsica- Detecci\u00f3n de fugas<\/p>\n<p>Somos sus expertos peritos en geolog\u00eda e hidrogeolog\u00eda.<\/p>\n<\/div><div style=\"text-align:center;\"><a class=\"fusion-button button-flat fusion-button-default-size button-default fusion-button-default button-1 fusion-button-default-span fusion-button-default-type\" style=\"--button_text_transform:uppercase;\" target=\"_self\" href=\"mailto:office@geocentri.com\"><span class=\"fusion-button-text\">INFORMACI\u00d3N SIN COMPROMISO<\/span><\/a><\/div><\/div><\/div>\n<\/div><\/div><div class=\"fusion-fullwidth fullwidth-box fusion-builder-row-2 fusion-flex-container has-pattern-background has-mask-background nonhundred-percent-fullwidth non-hundred-percent-height-scrolling\" style=\"--awb-border-radius-top-left:0px;--awb-border-radius-top-right:0px;--awb-border-radius-bottom-right:0px;--awb-border-radius-bottom-left:0px;--awb-background-color:var(--awb-color3);--awb-flex-wrap:wrap;\" ><div class=\"fusion-builder-row fusion-row fusion-flex-align-items-flex-start fusion-flex-content-wrap\" style=\"max-width:1248px;margin-left: calc(-4% \/ 2 );margin-right: calc(-4% \/ 2 );\"><div class=\"fusion-layout-column fusion_builder_column fusion-builder-column-2 fusion_builder_column_3_4 3_4 fusion-flex-column\" style=\"--awb-bg-size:cover;--awb-width-large:75%;--awb-margin-top-large:0px;--awb-spacing-right-large:2.56%;--awb-margin-bottom-large:20px;--awb-spacing-left-large:2.56%;--awb-width-medium:75%;--awb-order-medium:0;--awb-spacing-right-medium:2.56%;--awb-spacing-left-medium:2.56%;--awb-width-small:100%;--awb-order-small:0;--awb-spacing-right-small:1.92%;--awb-spacing-left-small:1.92%;\"><div class=\"fusion-column-wrapper fusion-column-has-shadow fusion-flex-justify-content-flex-start fusion-content-layout-column\"><div class=\"fusion-title title fusion-title-3 fusion-sep-none fusion-title-text fusion-title-size-three\"><h3 class=\"fusion-title-heading title-heading-left fusion-responsive-typography-calculated\" style=\"margin:0;--fontSize:32;line-height:var(--awb-typography1-line-height);\">Referencias<\/h3><\/div><div class=\"fusion-text fusion-text-3\"><ul>\n<li>Marktgemeinde Reutte, pozos, designaci\u00f3n de zonas protegidas<\/li>\n<li>WV Sauwald, pozo de prueba<\/li>\n<li>Empresa Spitz, pozo de pruebas<\/li>\n<li>Zonas protegidas WG Dietachdorf<\/li>\n<li>Zonas protegidas WG Nussdorf<\/li>\n<li>Zonas protegidas WG Unterach Este<\/li>\n<li>Zonas protegidas WG Unterach Oeste<\/li>\n<li>WG Putzleinsdorf, delimitaci\u00f3n de cuencas hidrogr\u00e1ficas, designaci\u00f3n de zonas protegidas, captaci\u00f3n de manantiales<\/li>\n<li>ASFiNAG, pozos de agua de servicio<\/li>\n<\/ul>\n<\/div><\/div><\/div><\/div><\/div><\/p>\n","protected":false},"excerpt":{"rendered":"","protected":false},"author":1,"featured_media":0,"parent":0,"menu_order":0,"comment_status":"closed","ping_status":"closed","template":"100-width.php","meta":{"footnotes":""},"yoast_head":"<!-- This site is optimized with the Yoast SEO plugin v22.1 - https:\/\/yoast.com\/wordpress\/plugins\/seo\/ -->\n<title>Hidrogeolog\u00eda - geocentricom<\/title>\n<meta name=\"robots\" content=\"index, follow, max-snippet:-1, max-image-preview:large, max-video-preview:-1\" \/>\n<link rel=\"canonical\" href=\"https:\/\/geocentri.com\/es\/hidrogeologia\/\" \/>\n<meta property=\"og:locale\" content=\"es_ES\" \/>\n<meta property=\"og:type\" content=\"article\" \/>\n<meta property=\"og:title\" content=\"Hidrogeolog\u00eda - geocentricom\" \/>\n<meta property=\"og:url\" content=\"https:\/\/geocentri.com\/es\/hidrogeologia\/\" \/>\n<meta property=\"og:site_name\" content=\"geocentricom\" \/>\n<meta property=\"article:modified_time\" content=\"2024-05-22T14:24:48+00:00\" \/>\n<meta name=\"twitter:card\" content=\"summary_large_image\" \/>\n<meta name=\"twitter:label1\" content=\"Tiempo de lectura\" \/>\n\t<meta name=\"twitter:data1\" content=\"1 minuto\" \/>\n<script type=\"application\/ld+json\" class=\"yoast-schema-graph\">{\"@context\":\"https:\/\/schema.org\",\"@graph\":[{\"@type\":\"WebPage\",\"@id\":\"https:\/\/geocentri.com\/es\/hidrogeologia\/\",\"url\":\"https:\/\/geocentri.com\/es\/hidrogeologia\/\",\"name\":\"Hidrogeolog\u00eda - geocentricom\",\"isPartOf\":{\"@id\":\"https:\/\/geocentri.com\/es\/#website\"},\"datePublished\":\"2023-07-31T13:10:32+00:00\",\"dateModified\":\"2024-05-22T14:24:48+00:00\",\"breadcrumb\":{\"@id\":\"https:\/\/geocentri.com\/es\/hidrogeologia\/#breadcrumb\"},\"inLanguage\":\"es\",\"potentialAction\":[{\"@type\":\"ReadAction\",\"target\":[\"https:\/\/geocentri.com\/es\/hidrogeologia\/\"]}]},{\"@type\":\"BreadcrumbList\",\"@id\":\"https:\/\/geocentri.com\/es\/hidrogeologia\/#breadcrumb\",\"itemListElement\":[{\"@type\":\"ListItem\",\"position\":1,\"name\":\"Startseite\",\"item\":\"https:\/\/geocentri.com\/es\/\"},{\"@type\":\"ListItem\",\"position\":2,\"name\":\"Hidrogeolog\u00eda\"}]},{\"@type\":\"WebSite\",\"@id\":\"https:\/\/geocentri.com\/es\/#website\",\"url\":\"https:\/\/geocentri.com\/es\/\",\"name\":\"geocentricom\",\"description\":\"\",\"potentialAction\":[{\"@type\":\"SearchAction\",\"target\":{\"@type\":\"EntryPoint\",\"urlTemplate\":\"https:\/\/geocentri.com\/es\/?s={search_term_string}\"},\"query-input\":\"required name=search_term_string\"}],\"inLanguage\":\"es\"}]}<\/script>\n<!-- \/ Yoast SEO plugin. -->","yoast_head_json":{"title":"Hidrogeolog\u00eda - geocentricom","robots":{"index":"index","follow":"follow","max-snippet":"max-snippet:-1","max-image-preview":"max-image-preview:large","max-video-preview":"max-video-preview:-1"},"canonical":"https:\/\/geocentri.com\/es\/hidrogeologia\/","og_locale":"es_ES","og_type":"article","og_title":"Hidrogeolog\u00eda - geocentricom","og_url":"https:\/\/geocentri.com\/es\/hidrogeologia\/","og_site_name":"geocentricom","article_modified_time":"2024-05-22T14:24:48+00:00","twitter_card":"summary_large_image","twitter_misc":{"Tiempo de lectura":"1 minuto"},"schema":{"@context":"https:\/\/schema.org","@graph":[{"@type":"WebPage","@id":"https:\/\/geocentri.com\/es\/hidrogeologia\/","url":"https:\/\/geocentri.com\/es\/hidrogeologia\/","name":"Hidrogeolog\u00eda - geocentricom","isPartOf":{"@id":"https:\/\/geocentri.com\/es\/#website"},"datePublished":"2023-07-31T13:10:32+00:00","dateModified":"2024-05-22T14:24:48+00:00","breadcrumb":{"@id":"https:\/\/geocentri.com\/es\/hidrogeologia\/#breadcrumb"},"inLanguage":"es","potentialAction":[{"@type":"ReadAction","target":["https:\/\/geocentri.com\/es\/hidrogeologia\/"]}]},{"@type":"BreadcrumbList","@id":"https:\/\/geocentri.com\/es\/hidrogeologia\/#breadcrumb","itemListElement":[{"@type":"ListItem","position":1,"name":"Startseite","item":"https:\/\/geocentri.com\/es\/"},{"@type":"ListItem","position":2,"name":"Hidrogeolog\u00eda"}]},{"@type":"WebSite","@id":"https:\/\/geocentri.com\/es\/#website","url":"https:\/\/geocentri.com\/es\/","name":"geocentricom","description":"","potentialAction":[{"@type":"SearchAction","target":{"@type":"EntryPoint","urlTemplate":"https:\/\/geocentri.com\/es\/?s={search_term_string}"},"query-input":"required name=search_term_string"}],"inLanguage":"es"}]}},"_links":{"self":[{"href":"https:\/\/geocentri.com\/es\/wp-json\/wp\/v2\/pages\/463"}],"collection":[{"href":"https:\/\/geocentri.com\/es\/wp-json\/wp\/v2\/pages"}],"about":[{"href":"https:\/\/geocentri.com\/es\/wp-json\/wp\/v2\/types\/page"}],"author":[{"embeddable":true,"href":"https:\/\/geocentri.com\/es\/wp-json\/wp\/v2\/users\/1"}],"replies":[{"embeddable":true,"href":"https:\/\/geocentri.com\/es\/wp-json\/wp\/v2\/comments?post=463"}],"version-history":[{"count":3,"href":"https:\/\/geocentri.com\/es\/wp-json\/wp\/v2\/pages\/463\/revisions"}],"predecessor-version":[{"id":594,"href":"https:\/\/geocentri.com\/es\/wp-json\/wp\/v2\/pages\/463\/revisions\/594"}],"wp:attachment":[{"href":"https:\/\/geocentri.com\/es\/wp-json\/wp\/v2\/media?parent=463"}],"curies":[{"name":"wp","href":"https:\/\/api.w.org\/{rel}","templated":true}]}}